{"id":23819,"date":"2022-01-19T12:48:15","date_gmt":"2022-01-19T09:48:15","guid":{"rendered":"http:\/\/thedreammakers.gr\/porto-vathy-marble-beach\/"},"modified":"2022-02-14T19:08:36","modified_gmt":"2022-02-14T16:08:36","slug":"porto-vathy-marble-beach","status":"publish","type":"page","link":"https:\/\/thedreammakers.gr\/ro\/porto-vathy-marble-beach\/","title":{"rendered":"Porto Vathy (Marble Beach)"},"content":{"rendered":"<div  class=\"one withsmallpadding ppb_content_half_bg \" style=\"padding:30px 0 30px 0;\" >\n<div class=\"standard_wrapper\">\n<div class=\"page_content_wrapper\">\n<div class=\"inner\">\n<div class=\"one_half_bg floatright\" style=\"background:#ffffff;background:rgb(255,255,255,1);background:rgba(255,255,255,1);\">\n<h2 class=\"ppb_title\" style=\"\">PORTO VATHY<\/h2>\n<hr class=\"title_break left\" style=\"\"\/>\n<p>Porto Vath este situat \u00eentre dou\u0103 cariere antice de marmur\u0103 dintro livad\u0103 de m\u0103slini foarte frumoas\u0103 , cu o plaj\u0103 limped\u0103 cu ape turcoaz. Aceasta a \u00een\u021beput ca \u00eenc\u0103rcare de marmur\u0103 \u0219i a devenit una dintre cele mai frumoase beach bar dup\u0103 insul\u0103 , \u00een care bine \u00een\u021beles este culoarea alba dominata izolat\u0103 a marmurelor . Aceast\u0103 loca\u021bie retras\u0103 este idial\u0103 pentru a g\u0103zdui o nunt\u0103 frumoas\u0103 \u0219i cochet\u0103 . Bucura\u021biv\u0103 de buc\u0103t\u0103ria greceasc\u0103 \u0219i de gustoasele cocktailuri , \u00een acest mediu frumos \u0219i deosebit.<\/p>\n<\/div>\n<\/div>\n<\/div>\n<\/div>\n<\/div>\n<div class=\"standard_wrapper\">\n<div  class=\"one_half withsmallpadding ppb_text\" style=\"padding:30px 0 30px 0;\" >\n<div class=\"standard_wrapper\">\n<div class=\"page_content_wrapper\">\n<div class=\"inner\">\n<div style=\"margin:auto;width:100%\">\n<p>Categorie: Beach Bar<br \/>\nPret menu (persona): 75-90\u20ac<br \/>\nMin. Persoane: 30<br \/>\nMax. Persoane: 120<br \/>\nLocolu: Nord-Est, 7km de la Limenas<\/p>\n<\/div>\n<\/div>\n<\/div>\n<\/div>\n<\/div>\n<\/div>\n<div class=\"standard_wrapper\">\n<div  class=\"one_half last withsmallpadding ppb_text\" style=\"padding:30px 0 30px 0;\" >\n<div class=\"standard_wrapper\">\n<div class=\"page_content_wrapper\">\n<div class=\"inner\">\n<div style=\"margin:auto;width:100%\">\n<p><u style=\"color: #222222;\">Menu<\/u><br style=\"color: #222222;\" \/>Aperitiv:<br \/>\n1) \u021auperci cu porc afumat, ierburi, caramelizat\u0103 ceap\u0103 \u0219i roc\u0103.<br \/>\n2) Crocte cu branza \u0219i sos de racomelo.<br \/>\n3) Tortile cu crab, castravete, ro\u0219ii, ceap\u0103 verde, salat\u0103 verde, mos magionez\u0103.<\/p>\n<p>De conversa\u021bie:<br \/>\n1) Legume la abur.<br \/>\n2) Cartofi la cuptor cu mustar.<br \/>\n3) Basmati aromat .<\/p>\n<p>Desert:<br \/>\n1) Salam de biscui\u021bi cu caramelizate fructe.<br \/>\n2) Mus de iaurt cu sirop.<\/p>\n<\/div>\n<\/div>\n<\/div>\n<\/div>\n<\/div>\n<\/div>\n<div class=\"standard_wrapper\">\n<div  class=\"one_half withsmallpadding ppb_text\" style=\"padding:30px 0 30px 0;\" >\n<div class=\"standard_wrapper\">\n<div class=\"page_content_wrapper\">\n<div class=\"inner\">\n<div style=\"margin:auto;width:100%\">\n<p>Salate:<br \/>\n1) Salat\u0103 Quinoa: caracati\u021b\u0103, balsam, ardei cop\u021bi, vinecre.<br \/>\n2) Dacos: cuburi de ro\u0219ii, ierburi, braza, m\u0103sline thaso.<\/p>\n<p>Feluri principale:<br \/>\n1) Rulad\u0103 de porc: crema de trufe, prosuto, philadelpfia.<br \/>\n2) Solomon fript: sos teriaki.<br \/>\n3) Pui fript: sos barbekiu.<\/p>\n<\/div>\n<\/div>\n<\/div>\n<\/div>\n<\/div>\n<\/div>\n<div class=\"standard_wrapper\">\n<div  class=\"one_half withsmallpadding ppb_text\" style=\"padding:30px 0 30px 0;\" >\n<div class=\"standard_wrapper\">\n<div class=\"page_content_wrapper\">\n<div class=\"inner\">\n<div style=\"margin:auto;width:100%\">\n<p>Salate:<br \/>\n1) Salat\u0103 Quinoa: caracati\u021b\u0103, balsam, ardei cop\u021bi, vinecre.<br \/>\n2) Dacos: cuburi de ro\u0219ii, ierburi, braza, m\u0103sline thaso.<\/p>\n<p>Feluri principale:<br \/>\n1) Rulad\u0103 de porc: crema de trufe, prosuto, philadelpfia.<br \/>\n2) Solomon fript: sos teriaki.<br \/>\n3) Pui fript: sos barbekiu.<\/p>\n<\/div>\n<\/div>\n<\/div>\n<\/div>\n<\/div>\n<\/div>\n","protected":false},"excerpt":{"rendered":"","protected":false},"author":1,"featured_media":23820,"parent":0,"menu_order":0,"comment_status":"closed","ping_status":"closed","template":"","meta":{"footnotes":""},"class_list":["post-23819","page","type-page","status-publish","has-post-thumbnail","hentry"],"yoast_head":"<!-- This site is optimized with the Yoast SEO plugin v27.3 - https:\/\/yoast.com\/product\/yoast-seo-wordpress\/ -->\n<title>Porto Vathy (Marble Beach) - The Dreammakers<\/title>\n<meta name=\"robots\" content=\"index, follow, max-snippet:-1, max-image-preview:large, max-video-preview:-1\" \/>\n<link rel=\"canonical\" href=\"https:\/\/thedreammakers.gr\/ro\/porto-vathy-marble-beach\/\" \/>\n<meta property=\"og:locale\" content=\"ro_RO\" \/>\n<meta property=\"og:type\" content=\"article\" \/>\n<meta property=\"og:title\" content=\"Porto Vathy (Marble Beach) - The Dreammakers\" \/>\n<meta property=\"og:url\" content=\"https:\/\/thedreammakers.gr\/ro\/porto-vathy-marble-beach\/\" \/>\n<meta property=\"og:site_name\" content=\"The Dreammakers\" \/>\n<meta property=\"article:publisher\" content=\"https:\/\/www.facebook.com\/thedreammakersgreece\/\" \/>\n<meta property=\"article:modified_time\" content=\"2022-02-14T16:08:36+00:00\" \/>\n<meta property=\"og:image\" content=\"https:\/\/thedreammakers.gr\/wp-content\/uploads\/2018\/02\/porto-vathy-thassos-009.jpg\" \/>\n\t<meta property=\"og:image:width\" content=\"1200\" \/>\n\t<meta property=\"og:image:height\" content=\"800\" \/>\n\t<meta property=\"og:image:type\" content=\"image\/jpeg\" \/>\n<meta name=\"twitter:card\" content=\"summary_large_image\" \/>\n<script type=\"application\/ld+json\" class=\"yoast-schema-graph\">{\"@context\":\"https:\\\/\\\/schema.org\",\"@graph\":[{\"@type\":\"WebPage\",\"@id\":\"https:\\\/\\\/thedreammakers.gr\\\/ro\\\/porto-vathy-marble-beach\\\/\",\"url\":\"https:\\\/\\\/thedreammakers.gr\\\/ro\\\/porto-vathy-marble-beach\\\/\",\"name\":\"Porto Vathy (Marble Beach) - The Dreammakers\",\"isPartOf\":{\"@id\":\"https:\\\/\\\/thedreammakers.gr\\\/de\\\/#website\"},\"primaryImageOfPage\":{\"@id\":\"https:\\\/\\\/thedreammakers.gr\\\/ro\\\/porto-vathy-marble-beach\\\/#primaryimage\"},\"image\":{\"@id\":\"https:\\\/\\\/thedreammakers.gr\\\/ro\\\/porto-vathy-marble-beach\\\/#primaryimage\"},\"thumbnailUrl\":\"https:\\\/\\\/thedreammakers.gr\\\/wp-content\\\/uploads\\\/2018\\\/02\\\/porto-vathy-thassos-009.jpg\",\"datePublished\":\"2022-01-19T09:48:15+00:00\",\"dateModified\":\"2022-02-14T16:08:36+00:00\",\"breadcrumb\":{\"@id\":\"https:\\\/\\\/thedreammakers.gr\\\/ro\\\/porto-vathy-marble-beach\\\/#breadcrumb\"},\"inLanguage\":\"ro-RO\",\"potentialAction\":[{\"@type\":\"ReadAction\",\"target\":[\"https:\\\/\\\/thedreammakers.gr\\\/ro\\\/porto-vathy-marble-beach\\\/\"]}]},{\"@type\":\"ImageObject\",\"inLanguage\":\"ro-RO\",\"@id\":\"https:\\\/\\\/thedreammakers.gr\\\/ro\\\/porto-vathy-marble-beach\\\/#primaryimage\",\"url\":\"https:\\\/\\\/thedreammakers.gr\\\/wp-content\\\/uploads\\\/2018\\\/02\\\/porto-vathy-thassos-009.jpg\",\"contentUrl\":\"https:\\\/\\\/thedreammakers.gr\\\/wp-content\\\/uploads\\\/2018\\\/02\\\/porto-vathy-thassos-009.jpg\",\"width\":1200,\"height\":800,\"caption\":\"Porto Vathy Marble Beach Thassos\"},{\"@type\":\"BreadcrumbList\",\"@id\":\"https:\\\/\\\/thedreammakers.gr\\\/ro\\\/porto-vathy-marble-beach\\\/#breadcrumb\",\"itemListElement\":[{\"@type\":\"ListItem\",\"position\":1,\"name\":\"Home\",\"item\":\"https:\\\/\\\/thedreammakers.gr\\\/\"},{\"@type\":\"ListItem\",\"position\":2,\"name\":\"Porto Vathy (Marble Beach)\"}]},{\"@type\":\"WebSite\",\"@id\":\"https:\\\/\\\/thedreammakers.gr\\\/de\\\/#website\",\"url\":\"https:\\\/\\\/thedreammakers.gr\\\/de\\\/\",\"name\":\"The Dreammakers\",\"description\":\"Dream Wedding in Greece\",\"publisher\":{\"@id\":\"https:\\\/\\\/thedreammakers.gr\\\/de\\\/#organization\"},\"potentialAction\":[{\"@type\":\"SearchAction\",\"target\":{\"@type\":\"EntryPoint\",\"urlTemplate\":\"https:\\\/\\\/thedreammakers.gr\\\/de\\\/?s={search_term_string}\"},\"query-input\":{\"@type\":\"PropertyValueSpecification\",\"valueRequired\":true,\"valueName\":\"search_term_string\"}}],\"inLanguage\":\"ro-RO\"},{\"@type\":\"Organization\",\"@id\":\"https:\\\/\\\/thedreammakers.gr\\\/de\\\/#organization\",\"name\":\"The Dreammakers\",\"url\":\"https:\\\/\\\/thedreammakers.gr\\\/de\\\/\",\"logo\":{\"@type\":\"ImageObject\",\"inLanguage\":\"ro-RO\",\"@id\":\"https:\\\/\\\/thedreammakers.gr\\\/de\\\/#\\\/schema\\\/logo\\\/image\\\/\",\"url\":\"https:\\\/\\\/thedreammakers.gr\\\/wp-content\\\/uploads\\\/2017\\\/11\\\/website2.png\",\"contentUrl\":\"https:\\\/\\\/thedreammakers.gr\\\/wp-content\\\/uploads\\\/2017\\\/11\\\/website2.png\",\"width\":400,\"height\":238,\"caption\":\"The Dreammakers\"},\"image\":{\"@id\":\"https:\\\/\\\/thedreammakers.gr\\\/de\\\/#\\\/schema\\\/logo\\\/image\\\/\"},\"sameAs\":[\"https:\\\/\\\/www.facebook.com\\\/thedreammakersgreece\\\/\",\"https:\\\/\\\/www.instagram.com\\\/thedreammakers_greece\\\/\"]}]}<\/script>\n<!-- \/ Yoast SEO plugin. -->","yoast_head_json":{"title":"Porto Vathy (Marble Beach) - The Dreammakers","robots":{"index":"index","follow":"follow","max-snippet":"max-snippet:-1","max-image-preview":"max-image-preview:large","max-video-preview":"max-video-preview:-1"},"canonical":"https:\/\/thedreammakers.gr\/ro\/porto-vathy-marble-beach\/","og_locale":"ro_RO","og_type":"article","og_title":"Porto Vathy (Marble Beach) - The Dreammakers","og_url":"https:\/\/thedreammakers.gr\/ro\/porto-vathy-marble-beach\/","og_site_name":"The Dreammakers","article_publisher":"https:\/\/www.facebook.com\/thedreammakersgreece\/","article_modified_time":"2022-02-14T16:08:36+00:00","og_image":[{"width":1200,"height":800,"url":"https:\/\/thedreammakers.gr\/wp-content\/uploads\/2018\/02\/porto-vathy-thassos-009.jpg","type":"image\/jpeg"}],"twitter_card":"summary_large_image","schema":{"@context":"https:\/\/schema.org","@graph":[{"@type":"WebPage","@id":"https:\/\/thedreammakers.gr\/ro\/porto-vathy-marble-beach\/","url":"https:\/\/thedreammakers.gr\/ro\/porto-vathy-marble-beach\/","name":"Porto Vathy (Marble Beach) - The Dreammakers","isPartOf":{"@id":"https:\/\/thedreammakers.gr\/de\/#website"},"primaryImageOfPage":{"@id":"https:\/\/thedreammakers.gr\/ro\/porto-vathy-marble-beach\/#primaryimage"},"image":{"@id":"https:\/\/thedreammakers.gr\/ro\/porto-vathy-marble-beach\/#primaryimage"},"thumbnailUrl":"https:\/\/thedreammakers.gr\/wp-content\/uploads\/2018\/02\/porto-vathy-thassos-009.jpg","datePublished":"2022-01-19T09:48:15+00:00","dateModified":"2022-02-14T16:08:36+00:00","breadcrumb":{"@id":"https:\/\/thedreammakers.gr\/ro\/porto-vathy-marble-beach\/#breadcrumb"},"inLanguage":"ro-RO","potentialAction":[{"@type":"ReadAction","target":["https:\/\/thedreammakers.gr\/ro\/porto-vathy-marble-beach\/"]}]},{"@type":"ImageObject","inLanguage":"ro-RO","@id":"https:\/\/thedreammakers.gr\/ro\/porto-vathy-marble-beach\/#primaryimage","url":"https:\/\/thedreammakers.gr\/wp-content\/uploads\/2018\/02\/porto-vathy-thassos-009.jpg","contentUrl":"https:\/\/thedreammakers.gr\/wp-content\/uploads\/2018\/02\/porto-vathy-thassos-009.jpg","width":1200,"height":800,"caption":"Porto Vathy Marble Beach Thassos"},{"@type":"BreadcrumbList","@id":"https:\/\/thedreammakers.gr\/ro\/porto-vathy-marble-beach\/#breadcrumb","itemListElement":[{"@type":"ListItem","position":1,"name":"Home","item":"https:\/\/thedreammakers.gr\/"},{"@type":"ListItem","position":2,"name":"Porto Vathy (Marble Beach)"}]},{"@type":"WebSite","@id":"https:\/\/thedreammakers.gr\/de\/#website","url":"https:\/\/thedreammakers.gr\/de\/","name":"The Dreammakers","description":"Dream Wedding in Greece","publisher":{"@id":"https:\/\/thedreammakers.gr\/de\/#organization"},"potentialAction":[{"@type":"SearchAction","target":{"@type":"EntryPoint","urlTemplate":"https:\/\/thedreammakers.gr\/de\/?s={search_term_string}"},"query-input":{"@type":"PropertyValueSpecification","valueRequired":true,"valueName":"search_term_string"}}],"inLanguage":"ro-RO"},{"@type":"Organization","@id":"https:\/\/thedreammakers.gr\/de\/#organization","name":"The Dreammakers","url":"https:\/\/thedreammakers.gr\/de\/","logo":{"@type":"ImageObject","inLanguage":"ro-RO","@id":"https:\/\/thedreammakers.gr\/de\/#\/schema\/logo\/image\/","url":"https:\/\/thedreammakers.gr\/wp-content\/uploads\/2017\/11\/website2.png","contentUrl":"https:\/\/thedreammakers.gr\/wp-content\/uploads\/2017\/11\/website2.png","width":400,"height":238,"caption":"The Dreammakers"},"image":{"@id":"https:\/\/thedreammakers.gr\/de\/#\/schema\/logo\/image\/"},"sameAs":["https:\/\/www.facebook.com\/thedreammakersgreece\/","https:\/\/www.instagram.com\/thedreammakers_greece\/"]}]}},"_links":{"self":[{"href":"https:\/\/thedreammakers.gr\/ro\/wp-json\/wp\/v2\/pages\/23819","targetHints":{"allow":["GET"]}}],"collection":[{"href":"https:\/\/thedreammakers.gr\/ro\/wp-json\/wp\/v2\/pages"}],"about":[{"href":"https:\/\/thedreammakers.gr\/ro\/wp-json\/wp\/v2\/types\/page"}],"author":[{"embeddable":true,"href":"https:\/\/thedreammakers.gr\/ro\/wp-json\/wp\/v2\/users\/1"}],"replies":[{"embeddable":true,"href":"https:\/\/thedreammakers.gr\/ro\/wp-json\/wp\/v2\/comments?post=23819"}],"version-history":[{"count":6,"href":"https:\/\/thedreammakers.gr\/ro\/wp-json\/wp\/v2\/pages\/23819\/revisions"}],"predecessor-version":[{"id":25330,"href":"https:\/\/thedreammakers.gr\/ro\/wp-json\/wp\/v2\/pages\/23819\/revisions\/25330"}],"wp:featuredmedia":[{"embeddable":true,"href":"https:\/\/thedreammakers.gr\/ro\/wp-json\/wp\/v2\/media\/23820"}],"wp:attachment":[{"href":"https:\/\/thedreammakers.gr\/ro\/wp-json\/wp\/v2\/media?parent=23819"}],"curies":[{"name":"wp","href":"https:\/\/api.w.org\/{rel}","templated":true}]}}