{"id":6227,"date":"2018-01-24T15:48:05","date_gmt":"2018-01-24T15:48:05","guid":{"rendered":"http:\/\/thedreammakers.gr\/sonarge\/"},"modified":"2018-10-15T13:45:38","modified_gmt":"2018-10-15T10:45:38","slug":"sonarge","status":"publish","type":"page","link":"https:\/\/thedreammakers.gr\/de\/sonarge\/","title":{"rendered":"Sonarge"},"content":{"rendered":"<div class=\"standard_wrapper\">\n<div  class=\"one_third withsmallpadding ppb_header \" style=\"text-align:left;padding:30px 0 30px 0;\" >\n<div class=\"page_content_wrapper\">\n<div class=\"inner\">\n<div style=\"margin:auto;width:100%\">\n<h2 class=\"ppb_title\" style=\"\">Sonarge Dreammaker<\/h2>\n<hr class=\"title_break left\" style=\"\"\/>\n<div class=\"ppb_header_content\">\n<p>Fotograf \/ bildender K\u00fcnstler<\/p>\n<\/div>\n<\/div>\n<\/div>\n<\/div>\n<\/div>\n<\/div>\n<div class=\"standard_wrapper\">\n<div  class=\"two_third last withsmallpadding ppb_text\" style=\"padding:30px 0 30px 0;\" >\n<div class=\"standard_wrapper\">\n<div class=\"page_content_wrapper\">\n<div class=\"inner\">\n<div style=\"margin:auto;width:100%\">\n<blockquote>\n<p>\u201c Yorgos ist diese spezielle Person, die dich einfach besser f\u00fchlen l\u00e4sst. Das erste, was ich bemerkte, war diese positive Aura, die von seiner Anwesenheit ausging. Wie \u00fcber seine Arbeit ist er ein einzigartiger K\u00fcnstler. Er ist sensibel und phantasievoll &#8211; zwei Eigenschaften, die ich extrem selten finde. Vor allem aber ist Yorgos (Sonarge) eine freundliche und sanfte menschliche Seele.\u201d<\/p>\n<\/blockquote>\n<\/div>\n<\/div>\n<\/div>\n<\/div>\n<\/div>\n<\/div>\n<div  class=\"one withsmallpadding ppb_header \" style=\"text-align:left;padding:30px 0 30px 0;\" >\n<div class=\"standard_wrapper\">\n<div class=\"page_content_wrapper\">\n<div class=\"inner\">\n<h2 class=\"ppb_title\" style=\"\">&quot;Fotografie hatte diesen surrealistischen Aspekt, den ich in meiner Malerei verpasste.&quot;<\/h2>\n<hr class=\"title_break left\" style=\"\"\/>\n<div class=\"ppb_header_content\">\n<p><span style=\"color: #993366;\">Ich wurde in eine K\u00fcnstlerfamilie geboren. Einige meiner Verwandten sind Songwriter und andere sind Dichter, mein Cousin ist Maler, mein Vater und Bruder sind Bildhauer &#8230; Folglich war es nur nat\u00fcrlich, dass ich der Familientradition folgte. Daher nahm ich schon sehr jung Malunterricht. Dennoch habe ich in der High School den Wechsel zur Fotografie gemacht. <strong><a href=\"http:\/\/thedreammakers.gr\/de\/hochzeitsfotografie\/\">Fotografie<\/a> <\/strong>hatte diesen <strong><a href=\"https:\/\/www.theartstory.org\/movement-surrealism.htm\">surrealistischen Aspekt<\/a><\/strong>, den ich in meiner Malerei verpasste.<br \/>\n<\/span><\/p>\n<\/div>\n<\/div>\n<\/div>\n<\/div>\n<\/div>\n<div class=\"standard_wrapper\">\n<div  class=\"one_third withsmallpadding ppb_header \" style=\"text-align:left;padding:30px 0 30px 0;\" >\n<div class=\"page_content_wrapper\">\n<div class=\"inner\">\n<div style=\"margin:auto;width:100%\">\n<h2 class=\"ppb_title\" style=\"\">\u00dcber mich<\/h2>\n<hr class=\"title_break left\" style=\"\"\/>\n<div class=\"ppb_header_content\">\n<p><span style=\"color: #222222;\">Ich komme aus einer K\u00fcnstlerfamilie. Als Ergebnis habe ich Fotografie von einem sehr jungen Alter ge\u00fcbt. Ich studierte Psychologie an der Paisii Hilendarski Universit\u00e4t in Plovdiv. Am bemerkenswertesten, ich habe die Ausstellung &#8220;Brights&#8221; pr\u00e4sentiert. Es ist eine spezielle Darstellung von verheirateten Frauen und ihren Hochzeitskleidern f\u00fcr den Frauentag.<br \/>\n<\/span><\/p>\n<\/div>\n<\/div>\n<\/div>\n<\/div>\n<\/div>\n<\/div>\n<div class=\"standard_wrapper\">\n<div  class=\"two_third last withsmallpadding ppb_text\" style=\"padding:30px 0 30px 0;\" >\n<div class=\"standard_wrapper\">\n<div class=\"page_content_wrapper\">\n<div class=\"inner\">\n<div style=\"margin:auto;width:100%\">\n<div class=\"progress_bar\">\n<div class=\"progress_holder\">\n<div class=\"progress_bar_title\"><h7>Fotografie<\/h7><\/div>\n<div class=\"progress_number\"><h7>90%<\/h7><\/div>\n<\/div>\n<div class=\"progress_bar_holder\" style=\"height:3px;\">\n<div class=\"progress_bar_content\" data-score=\"90\" style=\"width:0;background:#222222;height:3px;\"><\/div>\n<\/div>\n<\/div>\n<p><\/p>\n<div class=\"progress_bar\">\n<div class=\"progress_holder\">\n<div class=\"progress_bar_title\"><h7>Foto-Manipulation<\/h7><\/div>\n<div class=\"progress_number\"><h7>90%<\/h7><\/div>\n<\/div>\n<div class=\"progress_bar_holder\" style=\"height:3px;\">\n<div class=\"progress_bar_content\" data-score=\"90\" style=\"width:0;background:#222222;height:3px;\"><\/div>\n<\/div>\n<\/div>\n<div class=\"progress_bar\">\n<div class=\"progress_holder\">\n<div class=\"progress_bar_title\"><h7>Psychologie<\/h7><\/div>\n<div class=\"progress_number\"><h7>85%<\/h7><\/div>\n<\/div>\n<div class=\"progress_bar_holder\" style=\"height:3px;\">\n<div class=\"progress_bar_content\" data-score=\"85\" style=\"width:0;background:#222222;height:3px;\"><\/div>\n<\/div>\n<\/div>\n<div class=\"progress_bar\">\n<div class=\"progress_holder\">\n<div class=\"progress_bar_title\"><h7>Videographie<\/h7><\/div>\n<div class=\"progress_number\"><h7>70%<\/h7><\/div>\n<\/div>\n<div class=\"progress_bar_holder\" style=\"height:3px;\">\n<div class=\"progress_bar_content\" data-score=\"70\" style=\"width:0;background:#222222;height:3px;\"><\/div>\n<\/div>\n<\/div>\n<\/div>\n<\/div>\n<\/div>\n<\/div>\n<\/div>\n<\/div>\n<div class=\"standard_wrapper\">\n<div  class=\"two_third last withsmallpadding ppb_text\" style=\"padding:30px 0 30px 0;\" >\n<div class=\"standard_wrapper\">\n<div class=\"page_content_wrapper\">\n<div class=\"inner\">\n<div style=\"margin:auto;width:100%\">\n<div class=\"progress_bar\">\n<div class=\"progress_holder\">\n<div class=\"progress_bar_title\"><h7>Fotografie<\/h7><\/div>\n<div class=\"progress_number\"><h7>90%<\/h7><\/div>\n<\/div>\n<div class=\"progress_bar_holder\" style=\"height:3px;\">\n<div class=\"progress_bar_content\" data-score=\"90\" style=\"width:0;background:#222222;height:3px;\"><\/div>\n<\/div>\n<\/div>\n<p><\/p>\n<div class=\"progress_bar\">\n<div class=\"progress_holder\">\n<div class=\"progress_bar_title\"><h7>Foto-Manipulation<\/h7><\/div>\n<div class=\"progress_number\"><h7>90%<\/h7><\/div>\n<\/div>\n<div class=\"progress_bar_holder\" style=\"height:3px;\">\n<div class=\"progress_bar_content\" data-score=\"90\" style=\"width:0;background:#222222;height:3px;\"><\/div>\n<\/div>\n<\/div>\n<div class=\"progress_bar\">\n<div class=\"progress_holder\">\n<div class=\"progress_bar_title\"><h7>Psychologie<\/h7><\/div>\n<div class=\"progress_number\"><h7>85%<\/h7><\/div>\n<\/div>\n<div class=\"progress_bar_holder\" style=\"height:3px;\">\n<div class=\"progress_bar_content\" data-score=\"85\" style=\"width:0;background:#222222;height:3px;\"><\/div>\n<\/div>\n<\/div>\n<div class=\"progress_bar\">\n<div class=\"progress_holder\">\n<div class=\"progress_bar_title\"><h7>Videographie<\/h7><\/div>\n<div class=\"progress_number\"><h7>70%<\/h7><\/div>\n<\/div>\n<div class=\"progress_bar_holder\" style=\"height:3px;\">\n<div class=\"progress_bar_content\" data-score=\"70\" style=\"width:0;background:#222222;height:3px;\"><\/div>\n<\/div>\n<\/div>\n<\/div>\n<\/div>\n<\/div>\n<\/div>\n<\/div>\n<\/div>\n<div class=\"standard_wrapper\">\n<div  class=\"two_third last withsmallpadding ppb_text\" style=\"padding:30px 0 30px 0;\" >\n<div class=\"standard_wrapper\">\n<div class=\"page_content_wrapper\">\n<div class=\"inner\">\n<div style=\"margin:auto;width:100%\">\n<div class=\"progress_bar\">\n<div class=\"progress_holder\">\n<div class=\"progress_bar_title\"><h7>Fotografie<\/h7><\/div>\n<div class=\"progress_number\"><h7>90%<\/h7><\/div>\n<\/div>\n<div class=\"progress_bar_holder\" style=\"height:3px;\">\n<div class=\"progress_bar_content\" data-score=\"90\" style=\"width:0;background:#222222;height:3px;\"><\/div>\n<\/div>\n<\/div>\n<p><\/p>\n<div class=\"progress_bar\">\n<div class=\"progress_holder\">\n<div class=\"progress_bar_title\"><h7>Foto-Manipulation<\/h7><\/div>\n<div class=\"progress_number\"><h7>90%<\/h7><\/div>\n<\/div>\n<div class=\"progress_bar_holder\" style=\"height:3px;\">\n<div class=\"progress_bar_content\" data-score=\"90\" style=\"width:0;background:#222222;height:3px;\"><\/div>\n<\/div>\n<\/div>\n<div class=\"progress_bar\">\n<div class=\"progress_holder\">\n<div class=\"progress_bar_title\"><h7>Psychologie<\/h7><\/div>\n<div class=\"progress_number\"><h7>85%<\/h7><\/div>\n<\/div>\n<div class=\"progress_bar_holder\" style=\"height:3px;\">\n<div class=\"progress_bar_content\" data-score=\"85\" style=\"width:0;background:#222222;height:3px;\"><\/div>\n<\/div>\n<\/div>\n<div class=\"progress_bar\">\n<div class=\"progress_holder\">\n<div class=\"progress_bar_title\"><h7>Videographie<\/h7><\/div>\n<div class=\"progress_number\"><h7>70%<\/h7><\/div>\n<\/div>\n<div class=\"progress_bar_holder\" style=\"height:3px;\">\n<div class=\"progress_bar_content\" data-score=\"70\" style=\"width:0;background:#222222;height:3px;\"><\/div>\n<\/div>\n<\/div>\n<\/div>\n<\/div>\n<\/div>\n<\/div>\n<\/div>\n<\/div>\n<div class=\"standard_wrapper\">\n<div  class=\"two_third last withsmallpadding ppb_text\" style=\"padding:30px 0 30px 0;\" >\n<div class=\"standard_wrapper\">\n<div class=\"page_content_wrapper\">\n<div class=\"inner\">\n<div style=\"margin:auto;width:100%\">\n<div class=\"progress_bar\">\n<div class=\"progress_holder\">\n<div class=\"progress_bar_title\"><h7>Fotografie<\/h7><\/div>\n<div class=\"progress_number\"><h7>90%<\/h7><\/div>\n<\/div>\n<div class=\"progress_bar_holder\" style=\"height:3px;\">\n<div class=\"progress_bar_content\" data-score=\"90\" style=\"width:0;background:#222222;height:3px;\"><\/div>\n<\/div>\n<\/div>\n<p><\/p>\n<div class=\"progress_bar\">\n<div class=\"progress_holder\">\n<div class=\"progress_bar_title\"><h7>Foto-Manipulation<\/h7><\/div>\n<div class=\"progress_number\"><h7>90%<\/h7><\/div>\n<\/div>\n<div class=\"progress_bar_holder\" style=\"height:3px;\">\n<div class=\"progress_bar_content\" data-score=\"90\" style=\"width:0;background:#222222;height:3px;\"><\/div>\n<\/div>\n<\/div>\n<div class=\"progress_bar\">\n<div class=\"progress_holder\">\n<div class=\"progress_bar_title\"><h7>Psychologie<\/h7><\/div>\n<div class=\"progress_number\"><h7>85%<\/h7><\/div>\n<\/div>\n<div class=\"progress_bar_holder\" style=\"height:3px;\">\n<div class=\"progress_bar_content\" data-score=\"85\" style=\"width:0;background:#222222;height:3px;\"><\/div>\n<\/div>\n<\/div>\n<div class=\"progress_bar\">\n<div class=\"progress_holder\">\n<div class=\"progress_bar_title\"><h7>Videographie<\/h7><\/div>\n<div class=\"progress_number\"><h7>70%<\/h7><\/div>\n<\/div>\n<div class=\"progress_bar_holder\" style=\"height:3px;\">\n<div class=\"progress_bar_content\" data-score=\"70\" style=\"width:0;background:#222222;height:3px;\"><\/div>\n<\/div>\n<\/div>\n<\/div>\n<\/div>\n<\/div>\n<\/div>\n<\/div>\n<\/div>\n","protected":false},"excerpt":{"rendered":"","protected":false},"author":1,"featured_media":3860,"parent":0,"menu_order":0,"comment_status":"closed","ping_status":"closed","template":"","meta":{"_wp_convertkit_post_meta":{"form":"-1","landing_page":"0","tag":"0","restrict_content":"0"},"footnotes":""},"class_list":["post-6227","page","type-page","status-publish","has-post-thumbnail","hentry"],"yoast_head":"<!-- This site is optimized with the Yoast SEO plugin v27.5 - https:\/\/yoast.com\/product\/yoast-seo-wordpress\/ -->\n<title>Sonarge \u2022 The Dreammakers \u2022 Fotograf \/ Digital K\u00fcnstler<\/title>\n<meta name=\"description\" content=\"Sonarge. Fotograf \/ Videofilmer. &quot;Yorgos hat eine positive Aura, die von seiner Anwesenheit ausgeht und ist ein sehr einzigartiger K\u00fcnstler.\" \/>\n<meta name=\"robots\" content=\"index, follow, max-snippet:-1, max-image-preview:large, max-video-preview:-1\" \/>\n<link rel=\"canonical\" href=\"https:\/\/thedreammakers.gr\/de\/sonarge\/\" \/>\n<meta property=\"og:locale\" content=\"de_DE\" \/>\n<meta property=\"og:type\" content=\"article\" \/>\n<meta property=\"og:title\" content=\"Sonarge \u2022 The Dreammakers \u2022 Fotograf \/ Digital K\u00fcnstler\" \/>\n<meta property=\"og:description\" content=\"Sonarge. Fotograf \/ Videofilmer. &quot;Yorgos hat eine positive Aura, die von seiner Anwesenheit ausgeht und ist ein sehr einzigartiger K\u00fcnstler.\" \/>\n<meta property=\"og:url\" content=\"https:\/\/thedreammakers.gr\/de\/sonarge\/\" \/>\n<meta property=\"og:site_name\" content=\"The Dreammakers\" \/>\n<meta property=\"article:publisher\" content=\"https:\/\/www.facebook.com\/thedreammakersgreece\/\" \/>\n<meta property=\"article:modified_time\" content=\"2018-10-15T10:45:38+00:00\" \/>\n<meta property=\"og:image\" content=\"http:\/\/thedreammakers.gr\/wp-content\/uploads\/2018\/05\/Sonarge-cropped.jpg\" \/>\n\t<meta property=\"og:image:width\" content=\"2048\" \/>\n\t<meta property=\"og:image:height\" content=\"1365\" \/>\n\t<meta property=\"og:image:type\" content=\"image\/jpeg\" \/>\n<meta name=\"twitter:card\" content=\"summary_large_image\" \/>\n<meta name=\"twitter:label1\" content=\"Gesch\u00e4tzte Lesezeit\" \/>\n\t<meta name=\"twitter:data1\" content=\"1\u00a0Minute\" \/>\n<script type=\"application\/ld+json\" class=\"yoast-schema-graph\">{\"@context\":\"https:\\\/\\\/schema.org\",\"@graph\":[{\"@type\":\"WebPage\",\"@id\":\"https:\\\/\\\/thedreammakers.gr\\\/de\\\/sonarge\\\/\",\"url\":\"https:\\\/\\\/thedreammakers.gr\\\/de\\\/sonarge\\\/\",\"name\":\"Sonarge \u2022 The Dreammakers \u2022 Fotograf \\\/ Digital K\u00fcnstler\",\"isPartOf\":{\"@id\":\"https:\\\/\\\/thedreammakers.gr\\\/de\\\/#website\"},\"primaryImageOfPage\":{\"@id\":\"https:\\\/\\\/thedreammakers.gr\\\/de\\\/sonarge\\\/#primaryimage\"},\"image\":{\"@id\":\"https:\\\/\\\/thedreammakers.gr\\\/de\\\/sonarge\\\/#primaryimage\"},\"thumbnailUrl\":\"https:\\\/\\\/thedreammakers.gr\\\/wp-content\\\/uploads\\\/2018\\\/05\\\/Sonarge-cropped.jpg\",\"datePublished\":\"2018-01-24T15:48:05+00:00\",\"dateModified\":\"2018-10-15T10:45:38+00:00\",\"description\":\"Sonarge. Fotograf \\\/ Videofilmer. \\\"Yorgos hat eine positive Aura, die von seiner Anwesenheit ausgeht und ist ein sehr einzigartiger K\u00fcnstler.\",\"breadcrumb\":{\"@id\":\"https:\\\/\\\/thedreammakers.gr\\\/de\\\/sonarge\\\/#breadcrumb\"},\"inLanguage\":\"de\",\"potentialAction\":[{\"@type\":\"ReadAction\",\"target\":[\"https:\\\/\\\/thedreammakers.gr\\\/de\\\/sonarge\\\/\"]}]},{\"@type\":\"ImageObject\",\"inLanguage\":\"de\",\"@id\":\"https:\\\/\\\/thedreammakers.gr\\\/de\\\/sonarge\\\/#primaryimage\",\"url\":\"https:\\\/\\\/thedreammakers.gr\\\/wp-content\\\/uploads\\\/2018\\\/05\\\/Sonarge-cropped.jpg\",\"contentUrl\":\"https:\\\/\\\/thedreammakers.gr\\\/wp-content\\\/uploads\\\/2018\\\/05\\\/Sonarge-cropped.jpg\",\"width\":2048,\"height\":1365,\"caption\":\"Sonarge Dreammaker Photographer The Dreammakers Drama Thassos Chalkidiki Santorini Crete Meteora Lemnos Rhodes Santorini Thassos Halkidiki Milos Myconos Limnos Crete Chania Rethymno Meteora Wedding Photographer\"},{\"@type\":\"BreadcrumbList\",\"@id\":\"https:\\\/\\\/thedreammakers.gr\\\/de\\\/sonarge\\\/#breadcrumb\",\"itemListElement\":[{\"@type\":\"ListItem\",\"position\":1,\"name\":\"Home\",\"item\":\"https:\\\/\\\/thedreammakers.gr\\\/de\\\/\"},{\"@type\":\"ListItem\",\"position\":2,\"name\":\"Sonarge\"}]},{\"@type\":\"WebSite\",\"@id\":\"https:\\\/\\\/thedreammakers.gr\\\/de\\\/#website\",\"url\":\"https:\\\/\\\/thedreammakers.gr\\\/de\\\/\",\"name\":\"The Dreammakers\",\"description\":\"Dream Wedding in Greece\",\"publisher\":{\"@id\":\"https:\\\/\\\/thedreammakers.gr\\\/de\\\/#organization\"},\"potentialAction\":[{\"@type\":\"SearchAction\",\"target\":{\"@type\":\"EntryPoint\",\"urlTemplate\":\"https:\\\/\\\/thedreammakers.gr\\\/de\\\/?s={search_term_string}\"},\"query-input\":{\"@type\":\"PropertyValueSpecification\",\"valueRequired\":true,\"valueName\":\"search_term_string\"}}],\"inLanguage\":\"de\"},{\"@type\":\"Organization\",\"@id\":\"https:\\\/\\\/thedreammakers.gr\\\/de\\\/#organization\",\"name\":\"The Dreammakers\",\"url\":\"https:\\\/\\\/thedreammakers.gr\\\/de\\\/\",\"logo\":{\"@type\":\"ImageObject\",\"inLanguage\":\"de\",\"@id\":\"https:\\\/\\\/thedreammakers.gr\\\/de\\\/#\\\/schema\\\/logo\\\/image\\\/\",\"url\":\"https:\\\/\\\/thedreammakers.gr\\\/wp-content\\\/uploads\\\/2017\\\/11\\\/website2.png\",\"contentUrl\":\"https:\\\/\\\/thedreammakers.gr\\\/wp-content\\\/uploads\\\/2017\\\/11\\\/website2.png\",\"width\":400,\"height\":238,\"caption\":\"The Dreammakers\"},\"image\":{\"@id\":\"https:\\\/\\\/thedreammakers.gr\\\/de\\\/#\\\/schema\\\/logo\\\/image\\\/\"},\"sameAs\":[\"https:\\\/\\\/www.facebook.com\\\/thedreammakersgreece\\\/\",\"https:\\\/\\\/www.instagram.com\\\/thedreammakers_greece\\\/\"]}]}<\/script>\n<!-- \/ Yoast SEO plugin. -->","yoast_head_json":{"title":"Sonarge \u2022 The Dreammakers \u2022 Fotograf \/ Digital K\u00fcnstler","description":"Sonarge. Fotograf \/ Videofilmer. \"Yorgos hat eine positive Aura, die von seiner Anwesenheit ausgeht und ist ein sehr einzigartiger K\u00fcnstler.","robots":{"index":"index","follow":"follow","max-snippet":"max-snippet:-1","max-image-preview":"max-image-preview:large","max-video-preview":"max-video-preview:-1"},"canonical":"https:\/\/thedreammakers.gr\/de\/sonarge\/","og_locale":"de_DE","og_type":"article","og_title":"Sonarge \u2022 The Dreammakers \u2022 Fotograf \/ Digital K\u00fcnstler","og_description":"Sonarge. Fotograf \/ Videofilmer. \"Yorgos hat eine positive Aura, die von seiner Anwesenheit ausgeht und ist ein sehr einzigartiger K\u00fcnstler.","og_url":"https:\/\/thedreammakers.gr\/de\/sonarge\/","og_site_name":"The Dreammakers","article_publisher":"https:\/\/www.facebook.com\/thedreammakersgreece\/","article_modified_time":"2018-10-15T10:45:38+00:00","og_image":[{"width":2048,"height":1365,"url":"http:\/\/thedreammakers.gr\/wp-content\/uploads\/2018\/05\/Sonarge-cropped.jpg","type":"image\/jpeg"}],"twitter_card":"summary_large_image","twitter_misc":{"Gesch\u00e4tzte Lesezeit":"1\u00a0Minute"},"schema":{"@context":"https:\/\/schema.org","@graph":[{"@type":"WebPage","@id":"https:\/\/thedreammakers.gr\/de\/sonarge\/","url":"https:\/\/thedreammakers.gr\/de\/sonarge\/","name":"Sonarge \u2022 The Dreammakers \u2022 Fotograf \/ Digital K\u00fcnstler","isPartOf":{"@id":"https:\/\/thedreammakers.gr\/de\/#website"},"primaryImageOfPage":{"@id":"https:\/\/thedreammakers.gr\/de\/sonarge\/#primaryimage"},"image":{"@id":"https:\/\/thedreammakers.gr\/de\/sonarge\/#primaryimage"},"thumbnailUrl":"https:\/\/thedreammakers.gr\/wp-content\/uploads\/2018\/05\/Sonarge-cropped.jpg","datePublished":"2018-01-24T15:48:05+00:00","dateModified":"2018-10-15T10:45:38+00:00","description":"Sonarge. Fotograf \/ Videofilmer. \"Yorgos hat eine positive Aura, die von seiner Anwesenheit ausgeht und ist ein sehr einzigartiger K\u00fcnstler.","breadcrumb":{"@id":"https:\/\/thedreammakers.gr\/de\/sonarge\/#breadcrumb"},"inLanguage":"de","potentialAction":[{"@type":"ReadAction","target":["https:\/\/thedreammakers.gr\/de\/sonarge\/"]}]},{"@type":"ImageObject","inLanguage":"de","@id":"https:\/\/thedreammakers.gr\/de\/sonarge\/#primaryimage","url":"https:\/\/thedreammakers.gr\/wp-content\/uploads\/2018\/05\/Sonarge-cropped.jpg","contentUrl":"https:\/\/thedreammakers.gr\/wp-content\/uploads\/2018\/05\/Sonarge-cropped.jpg","width":2048,"height":1365,"caption":"Sonarge Dreammaker Photographer The Dreammakers Drama Thassos Chalkidiki Santorini Crete Meteora Lemnos Rhodes Santorini Thassos Halkidiki Milos Myconos Limnos Crete Chania Rethymno Meteora Wedding Photographer"},{"@type":"BreadcrumbList","@id":"https:\/\/thedreammakers.gr\/de\/sonarge\/#breadcrumb","itemListElement":[{"@type":"ListItem","position":1,"name":"Home","item":"https:\/\/thedreammakers.gr\/de\/"},{"@type":"ListItem","position":2,"name":"Sonarge"}]},{"@type":"WebSite","@id":"https:\/\/thedreammakers.gr\/de\/#website","url":"https:\/\/thedreammakers.gr\/de\/","name":"The Dreammakers","description":"Dream Wedding in Greece","publisher":{"@id":"https:\/\/thedreammakers.gr\/de\/#organization"},"potentialAction":[{"@type":"SearchAction","target":{"@type":"EntryPoint","urlTemplate":"https:\/\/thedreammakers.gr\/de\/?s={search_term_string}"},"query-input":{"@type":"PropertyValueSpecification","valueRequired":true,"valueName":"search_term_string"}}],"inLanguage":"de"},{"@type":"Organization","@id":"https:\/\/thedreammakers.gr\/de\/#organization","name":"The Dreammakers","url":"https:\/\/thedreammakers.gr\/de\/","logo":{"@type":"ImageObject","inLanguage":"de","@id":"https:\/\/thedreammakers.gr\/de\/#\/schema\/logo\/image\/","url":"https:\/\/thedreammakers.gr\/wp-content\/uploads\/2017\/11\/website2.png","contentUrl":"https:\/\/thedreammakers.gr\/wp-content\/uploads\/2017\/11\/website2.png","width":400,"height":238,"caption":"The Dreammakers"},"image":{"@id":"https:\/\/thedreammakers.gr\/de\/#\/schema\/logo\/image\/"},"sameAs":["https:\/\/www.facebook.com\/thedreammakersgreece\/","https:\/\/www.instagram.com\/thedreammakers_greece\/"]}]}},"_links":{"self":[{"href":"https:\/\/thedreammakers.gr\/de\/wp-json\/wp\/v2\/pages\/6227","targetHints":{"allow":["GET"]}}],"collection":[{"href":"https:\/\/thedreammakers.gr\/de\/wp-json\/wp\/v2\/pages"}],"about":[{"href":"https:\/\/thedreammakers.gr\/de\/wp-json\/wp\/v2\/types\/page"}],"author":[{"embeddable":true,"href":"https:\/\/thedreammakers.gr\/de\/wp-json\/wp\/v2\/users\/1"}],"replies":[{"embeddable":true,"href":"https:\/\/thedreammakers.gr\/de\/wp-json\/wp\/v2\/comments?post=6227"}],"version-history":[{"count":3,"href":"https:\/\/thedreammakers.gr\/de\/wp-json\/wp\/v2\/pages\/6227\/revisions"}],"predecessor-version":[{"id":6230,"href":"https:\/\/thedreammakers.gr\/de\/wp-json\/wp\/v2\/pages\/6227\/revisions\/6230"}],"wp:featuredmedia":[{"embeddable":true,"href":"https:\/\/thedreammakers.gr\/de\/wp-json\/wp\/v2\/media\/3860"}],"wp:attachment":[{"href":"https:\/\/thedreammakers.gr\/de\/wp-json\/wp\/v2\/media?parent=6227"}],"curies":[{"name":"wp","href":"https:\/\/api.w.org\/{rel}","templated":true}]}}