{"id":6216,"date":"2018-03-12T18:56:39","date_gmt":"2018-03-12T18:56:39","guid":{"rendered":"http:\/\/thedreammakers.gr\/maria-germantzidou\/"},"modified":"2018-10-15T12:53:21","modified_gmt":"2018-10-15T09:53:21","slug":"maria-germantzidou","status":"publish","type":"page","link":"https:\/\/thedreammakers.gr\/de\/maria-germantzidou\/","title":{"rendered":"Maria Germantzidou"},"content":{"rendered":"<div class=\"standard_wrapper\">\n<div  class=\"one_third withsmallpadding ppb_header \" style=\"text-align:left;padding:30px 0 30px 0;\" >\n<div class=\"page_content_wrapper\">\n<div class=\"inner\">\n<div style=\"margin:auto;width:100%\">\n<h2 class=\"ppb_title\" style=\"\">Maria<\/h2>\n<hr class=\"title_break left\" style=\"\"\/>\n<div class=\"ppb_header_content\">\n<p>Autor \/ Kundendienst<\/p>\n<\/div>\n<\/div>\n<\/div>\n<\/div>\n<\/div>\n<\/div>\n<div class=\"standard_wrapper\">\n<div  class=\"two_third last withsmallpadding ppb_text\" style=\"padding:30px 0 30px 0;\" >\n<div class=\"standard_wrapper\">\n<div class=\"page_content_wrapper\">\n<div class=\"inner\">\n<div style=\"margin:auto;width:100%\">\n<blockquote>\n<p>\u201c Maria ist eine unruhige Seele mit dem Wunsch und der F\u00e4higkeit, schnell zu lernen. Sie ist ehrlich, direkt, flei\u00dfig und flei\u00dfig. Sie ist eine Frau, aber von denen, die keinen Schei\u00df nehmen.\u201d<\/p>\n<\/blockquote>\n<\/div>\n<\/div>\n<\/div>\n<\/div>\n<\/div>\n<\/div>\n<div  class=\"one withsmallpadding ppb_header \" style=\"text-align:left;padding:30px 0 30px 0;\" >\n<div class=\"standard_wrapper\">\n<div class=\"page_content_wrapper\">\n<div class=\"inner\">\n<h2 class=\"ppb_title\" style=\"\">&quot; Ich hatte immer eine Leidenschaft, \u00fcber verschiedene Themen zu schreiben und haupts\u00e4chlich \u00fcber Psychologie. &quot;<\/h2>\n<hr class=\"title_break left\" style=\"\"\/>\n<div class=\"ppb_header_content\">\n<p>Ich hatte immer eine Leidenschaft, \u00fcber verschiedene Themen zu schreiben und haupts\u00e4chlich \u00fcber Psychologie. Meine Herkunft ist von Thassos, bis zu meiner Gro\u00dfmutter. Ich liebe Thassos wirklich. In den letzten zwanzig Jahren besuche ich Limenaria jeden Sommer. Daher war es f\u00fcr mich selbstverst\u00e4ndlich, den <strong><a href=\"http:\/\/thedreammakers.gr\/de\/\">Dreammakers<\/a><\/strong> beizutreten &#8211; ein Team von leidenschaftlichen jungen Profis auf dem Gebiet der Hochzeitsfotografie. Ich schreibe gerade neue Artikel \u00fcber Ihre Hochzeit in Griechenland.<\/p>\n<\/div>\n<\/div>\n<\/div>\n<\/div>\n<\/div>\n<div class=\"standard_wrapper\">\n<div  class=\"one_third withsmallpadding ppb_header \" style=\"text-align:left;padding:30px 0 30px 0;\" >\n<div class=\"page_content_wrapper\">\n<div class=\"inner\">\n<div style=\"margin:auto;width:100%\">\n<h2 class=\"ppb_title\" style=\"\">\u00dcber mich<\/h2>\n<hr class=\"title_break left\" style=\"\"\/>\n<div class=\"ppb_header_content\">\n<p>Ich studiere Journalismus. Meine zwei gr\u00f6\u00dften Leidenschaften sind Schreiben und Psychologie. In der Zukunft m\u00f6chte ich Tourismus studieren und ein kleines Hotel auf Thassos \u00f6ffnen.<\/p>\n<\/div>\n<\/div>\n<\/div>\n<\/div>\n<\/div>\n<\/div>\n<div class=\"standard_wrapper\">\n<div  class=\"two_third last withsmallpadding ppb_text\" style=\"padding:30px 0 30px 0;\" >\n<div class=\"standard_wrapper\">\n<div class=\"page_content_wrapper\">\n<div class=\"inner\">\n<div style=\"margin:auto;width:100%\">\n<div class=\"progress_bar\">\n<div class=\"progress_holder\">\n<div class=\"progress_bar_title\"><h7>Schreiben<\/h7><\/div>\n<div class=\"progress_number\"><h7>90%<\/h7><\/div>\n<\/div>\n<div class=\"progress_bar_holder\" style=\"height:3px;\">\n<div class=\"progress_bar_content\" data-score=\"90\" style=\"width:0;background:#222222;height:3px;\"><\/div>\n<\/div>\n<\/div>\n<div class=\"progress_bar\">\n<div class=\"progress_holder\">\n<div class=\"progress_bar_title\"><h7>Psychologie<\/h7><\/div>\n<div class=\"progress_number\"><h7>85%<\/h7><\/div>\n<\/div>\n<div class=\"progress_bar_holder\" style=\"height:3px;\">\n<div class=\"progress_bar_content\" data-score=\"85\" style=\"width:0;background:#222222;height:3px;\"><\/div>\n<\/div>\n<\/div>\n<div class=\"progress_bar\">\n<div class=\"progress_holder\">\n<div class=\"progress_bar_title\"><h7>Kommunikation<\/h7><\/div>\n<div class=\"progress_number\"><h7>75%<\/h7><\/div>\n<\/div>\n<div class=\"progress_bar_holder\" style=\"height:3px;\">\n<div class=\"progress_bar_content\" data-score=\"75\" style=\"width:0;background:#222222;height:3px;\"><\/div>\n<\/div>\n<\/div>\n<div class=\"progress_bar\">\n<div class=\"progress_holder\">\n<div class=\"progress_bar_title\"><h7>Fotografie<\/h7><\/div>\n<div class=\"progress_number\"><h7>55%<\/h7><\/div>\n<\/div>\n<div class=\"progress_bar_holder\" style=\"height:3px;\">\n<div class=\"progress_bar_content\" data-score=\"55\" style=\"width:0;background:#222222;height:3px;\"><\/div>\n<\/div>\n<\/div>\n<\/div>\n<\/div>\n<\/div>\n<\/div>\n<\/div>\n<\/div>\n<div class=\"standard_wrapper\">\n<div  class=\"two_third last withsmallpadding ppb_text\" style=\"padding:30px 0 30px 0;\" >\n<div class=\"standard_wrapper\">\n<div class=\"page_content_wrapper\">\n<div class=\"inner\">\n<div style=\"margin:auto;width:100%\">\n<div class=\"progress_bar\">\n<div class=\"progress_holder\">\n<div class=\"progress_bar_title\"><h7>Schreiben<\/h7><\/div>\n<div class=\"progress_number\"><h7>90%<\/h7><\/div>\n<\/div>\n<div class=\"progress_bar_holder\" style=\"height:3px;\">\n<div class=\"progress_bar_content\" data-score=\"90\" style=\"width:0;background:#222222;height:3px;\"><\/div>\n<\/div>\n<\/div>\n<div class=\"progress_bar\">\n<div class=\"progress_holder\">\n<div class=\"progress_bar_title\"><h7>Psychologie<\/h7><\/div>\n<div class=\"progress_number\"><h7>85%<\/h7><\/div>\n<\/div>\n<div class=\"progress_bar_holder\" style=\"height:3px;\">\n<div class=\"progress_bar_content\" data-score=\"85\" style=\"width:0;background:#222222;height:3px;\"><\/div>\n<\/div>\n<\/div>\n<div class=\"progress_bar\">\n<div class=\"progress_holder\">\n<div class=\"progress_bar_title\"><h7>Kommunikation<\/h7><\/div>\n<div class=\"progress_number\"><h7>75%<\/h7><\/div>\n<\/div>\n<div class=\"progress_bar_holder\" style=\"height:3px;\">\n<div class=\"progress_bar_content\" data-score=\"75\" style=\"width:0;background:#222222;height:3px;\"><\/div>\n<\/div>\n<\/div>\n<div class=\"progress_bar\">\n<div class=\"progress_holder\">\n<div class=\"progress_bar_title\"><h7>Fotografie<\/h7><\/div>\n<div class=\"progress_number\"><h7>55%<\/h7><\/div>\n<\/div>\n<div class=\"progress_bar_holder\" style=\"height:3px;\">\n<div class=\"progress_bar_content\" data-score=\"55\" style=\"width:0;background:#222222;height:3px;\"><\/div>\n<\/div>\n<\/div>\n<\/div>\n<\/div>\n<\/div>\n<\/div>\n<\/div>\n<\/div>\n<div class=\"standard_wrapper\">\n<div  class=\"two_third last withsmallpadding ppb_text\" style=\"padding:30px 0 30px 0;\" >\n<div class=\"standard_wrapper\">\n<div class=\"page_content_wrapper\">\n<div class=\"inner\">\n<div style=\"margin:auto;width:100%\">\n<div class=\"progress_bar\">\n<div class=\"progress_holder\">\n<div class=\"progress_bar_title\"><h7>Schreiben<\/h7><\/div>\n<div class=\"progress_number\"><h7>90%<\/h7><\/div>\n<\/div>\n<div class=\"progress_bar_holder\" style=\"height:3px;\">\n<div class=\"progress_bar_content\" data-score=\"90\" style=\"width:0;background:#222222;height:3px;\"><\/div>\n<\/div>\n<\/div>\n<div class=\"progress_bar\">\n<div class=\"progress_holder\">\n<div class=\"progress_bar_title\"><h7>Psychologie<\/h7><\/div>\n<div class=\"progress_number\"><h7>85%<\/h7><\/div>\n<\/div>\n<div class=\"progress_bar_holder\" style=\"height:3px;\">\n<div class=\"progress_bar_content\" data-score=\"85\" style=\"width:0;background:#222222;height:3px;\"><\/div>\n<\/div>\n<\/div>\n<div class=\"progress_bar\">\n<div class=\"progress_holder\">\n<div class=\"progress_bar_title\"><h7>Kommunikation<\/h7><\/div>\n<div class=\"progress_number\"><h7>75%<\/h7><\/div>\n<\/div>\n<div class=\"progress_bar_holder\" style=\"height:3px;\">\n<div class=\"progress_bar_content\" data-score=\"75\" style=\"width:0;background:#222222;height:3px;\"><\/div>\n<\/div>\n<\/div>\n<div class=\"progress_bar\">\n<div class=\"progress_holder\">\n<div class=\"progress_bar_title\"><h7>Fotografie<\/h7><\/div>\n<div class=\"progress_number\"><h7>55%<\/h7><\/div>\n<\/div>\n<div class=\"progress_bar_holder\" style=\"height:3px;\">\n<div class=\"progress_bar_content\" data-score=\"55\" style=\"width:0;background:#222222;height:3px;\"><\/div>\n<\/div>\n<\/div>\n<\/div>\n<\/div>\n<\/div>\n<\/div>\n<\/div>\n<\/div>\n","protected":false},"excerpt":{"rendered":"","protected":false},"author":1,"featured_media":0,"parent":0,"menu_order":0,"comment_status":"closed","ping_status":"closed","template":"","meta":{"_wp_convertkit_post_meta":{"form":"-1","landing_page":"0","tag":"0","restrict_content":"0"},"footnotes":""},"class_list":["post-6216","page","type-page","status-publish","hentry"],"yoast_head":"<!-- This site is optimized with the Yoast SEO plugin v27.5 - https:\/\/yoast.com\/product\/yoast-seo-wordpress\/ -->\n<title>Maria Germantzidou - Autor \/ Kundendienst - The Dreammakers<\/title>\n<meta name=\"description\" content=\"Maria Germantzidou. Autor \/ Kundendienst. Ich hatte immer eine Leidenschaft zu schreiben. Es war normal f\u00fcr mich, als Autor zu den Dreammakers zu gehen\" \/>\n<meta name=\"robots\" content=\"index, follow, max-snippet:-1, max-image-preview:large, max-video-preview:-1\" \/>\n<link rel=\"canonical\" href=\"https:\/\/thedreammakers.gr\/de\/maria-germantzidou\/\" \/>\n<meta property=\"og:locale\" content=\"de_DE\" \/>\n<meta property=\"og:type\" content=\"article\" \/>\n<meta property=\"og:title\" content=\"Maria Germantzidou - Autor \/ Kundendienst - The Dreammakers\" \/>\n<meta property=\"og:description\" content=\"Maria Germantzidou. Autor \/ Kundendienst. Ich hatte immer eine Leidenschaft zu schreiben. Es war normal f\u00fcr mich, als Autor zu den Dreammakers zu gehen\" \/>\n<meta property=\"og:url\" content=\"https:\/\/thedreammakers.gr\/de\/maria-germantzidou\/\" \/>\n<meta property=\"og:site_name\" content=\"The Dreammakers\" \/>\n<meta property=\"article:publisher\" content=\"https:\/\/www.facebook.com\/thedreammakersgreece\/\" \/>\n<meta property=\"article:modified_time\" content=\"2018-10-15T09:53:21+00:00\" \/>\n<meta name=\"twitter:card\" content=\"summary_large_image\" \/>\n<meta name=\"twitter:label1\" content=\"Gesch\u00e4tzte Lesezeit\" \/>\n\t<meta name=\"twitter:data1\" content=\"1\u00a0Minute\" \/>\n<script type=\"application\/ld+json\" class=\"yoast-schema-graph\">{\"@context\":\"https:\\\/\\\/schema.org\",\"@graph\":[{\"@type\":\"WebPage\",\"@id\":\"https:\\\/\\\/thedreammakers.gr\\\/de\\\/maria-germantzidou\\\/\",\"url\":\"https:\\\/\\\/thedreammakers.gr\\\/de\\\/maria-germantzidou\\\/\",\"name\":\"Maria Germantzidou - Autor \\\/ Kundendienst - The Dreammakers\",\"isPartOf\":{\"@id\":\"https:\\\/\\\/thedreammakers.gr\\\/de\\\/#website\"},\"datePublished\":\"2018-03-12T18:56:39+00:00\",\"dateModified\":\"2018-10-15T09:53:21+00:00\",\"description\":\"Maria Germantzidou. Autor \\\/ Kundendienst. Ich hatte immer eine Leidenschaft zu schreiben. Es war normal f\u00fcr mich, als Autor zu den Dreammakers zu gehen\",\"breadcrumb\":{\"@id\":\"https:\\\/\\\/thedreammakers.gr\\\/de\\\/maria-germantzidou\\\/#breadcrumb\"},\"inLanguage\":\"de\",\"potentialAction\":[{\"@type\":\"ReadAction\",\"target\":[\"https:\\\/\\\/thedreammakers.gr\\\/de\\\/maria-germantzidou\\\/\"]}]},{\"@type\":\"BreadcrumbList\",\"@id\":\"https:\\\/\\\/thedreammakers.gr\\\/de\\\/maria-germantzidou\\\/#breadcrumb\",\"itemListElement\":[{\"@type\":\"ListItem\",\"position\":1,\"name\":\"Home\",\"item\":\"https:\\\/\\\/thedreammakers.gr\\\/de\\\/\"},{\"@type\":\"ListItem\",\"position\":2,\"name\":\"Maria Germantzidou\"}]},{\"@type\":\"WebSite\",\"@id\":\"https:\\\/\\\/thedreammakers.gr\\\/de\\\/#website\",\"url\":\"https:\\\/\\\/thedreammakers.gr\\\/de\\\/\",\"name\":\"The Dreammakers\",\"description\":\"Dream Wedding in Greece\",\"publisher\":{\"@id\":\"https:\\\/\\\/thedreammakers.gr\\\/de\\\/#organization\"},\"potentialAction\":[{\"@type\":\"SearchAction\",\"target\":{\"@type\":\"EntryPoint\",\"urlTemplate\":\"https:\\\/\\\/thedreammakers.gr\\\/de\\\/?s={search_term_string}\"},\"query-input\":{\"@type\":\"PropertyValueSpecification\",\"valueRequired\":true,\"valueName\":\"search_term_string\"}}],\"inLanguage\":\"de\"},{\"@type\":\"Organization\",\"@id\":\"https:\\\/\\\/thedreammakers.gr\\\/de\\\/#organization\",\"name\":\"The Dreammakers\",\"url\":\"https:\\\/\\\/thedreammakers.gr\\\/de\\\/\",\"logo\":{\"@type\":\"ImageObject\",\"inLanguage\":\"de\",\"@id\":\"https:\\\/\\\/thedreammakers.gr\\\/de\\\/#\\\/schema\\\/logo\\\/image\\\/\",\"url\":\"https:\\\/\\\/thedreammakers.gr\\\/wp-content\\\/uploads\\\/2017\\\/11\\\/website2.png\",\"contentUrl\":\"https:\\\/\\\/thedreammakers.gr\\\/wp-content\\\/uploads\\\/2017\\\/11\\\/website2.png\",\"width\":400,\"height\":238,\"caption\":\"The Dreammakers\"},\"image\":{\"@id\":\"https:\\\/\\\/thedreammakers.gr\\\/de\\\/#\\\/schema\\\/logo\\\/image\\\/\"},\"sameAs\":[\"https:\\\/\\\/www.facebook.com\\\/thedreammakersgreece\\\/\",\"https:\\\/\\\/www.instagram.com\\\/thedreammakers_greece\\\/\"]}]}<\/script>\n<!-- \/ Yoast SEO plugin. -->","yoast_head_json":{"title":"Maria Germantzidou - Autor \/ Kundendienst - The Dreammakers","description":"Maria Germantzidou. Autor \/ Kundendienst. Ich hatte immer eine Leidenschaft zu schreiben. Es war normal f\u00fcr mich, als Autor zu den Dreammakers zu gehen","robots":{"index":"index","follow":"follow","max-snippet":"max-snippet:-1","max-image-preview":"max-image-preview:large","max-video-preview":"max-video-preview:-1"},"canonical":"https:\/\/thedreammakers.gr\/de\/maria-germantzidou\/","og_locale":"de_DE","og_type":"article","og_title":"Maria Germantzidou - Autor \/ Kundendienst - The Dreammakers","og_description":"Maria Germantzidou. Autor \/ Kundendienst. Ich hatte immer eine Leidenschaft zu schreiben. Es war normal f\u00fcr mich, als Autor zu den Dreammakers zu gehen","og_url":"https:\/\/thedreammakers.gr\/de\/maria-germantzidou\/","og_site_name":"The Dreammakers","article_publisher":"https:\/\/www.facebook.com\/thedreammakersgreece\/","article_modified_time":"2018-10-15T09:53:21+00:00","twitter_card":"summary_large_image","twitter_misc":{"Gesch\u00e4tzte Lesezeit":"1\u00a0Minute"},"schema":{"@context":"https:\/\/schema.org","@graph":[{"@type":"WebPage","@id":"https:\/\/thedreammakers.gr\/de\/maria-germantzidou\/","url":"https:\/\/thedreammakers.gr\/de\/maria-germantzidou\/","name":"Maria Germantzidou - Autor \/ Kundendienst - The Dreammakers","isPartOf":{"@id":"https:\/\/thedreammakers.gr\/de\/#website"},"datePublished":"2018-03-12T18:56:39+00:00","dateModified":"2018-10-15T09:53:21+00:00","description":"Maria Germantzidou. Autor \/ Kundendienst. Ich hatte immer eine Leidenschaft zu schreiben. Es war normal f\u00fcr mich, als Autor zu den Dreammakers zu gehen","breadcrumb":{"@id":"https:\/\/thedreammakers.gr\/de\/maria-germantzidou\/#breadcrumb"},"inLanguage":"de","potentialAction":[{"@type":"ReadAction","target":["https:\/\/thedreammakers.gr\/de\/maria-germantzidou\/"]}]},{"@type":"BreadcrumbList","@id":"https:\/\/thedreammakers.gr\/de\/maria-germantzidou\/#breadcrumb","itemListElement":[{"@type":"ListItem","position":1,"name":"Home","item":"https:\/\/thedreammakers.gr\/de\/"},{"@type":"ListItem","position":2,"name":"Maria Germantzidou"}]},{"@type":"WebSite","@id":"https:\/\/thedreammakers.gr\/de\/#website","url":"https:\/\/thedreammakers.gr\/de\/","name":"The Dreammakers","description":"Dream Wedding in Greece","publisher":{"@id":"https:\/\/thedreammakers.gr\/de\/#organization"},"potentialAction":[{"@type":"SearchAction","target":{"@type":"EntryPoint","urlTemplate":"https:\/\/thedreammakers.gr\/de\/?s={search_term_string}"},"query-input":{"@type":"PropertyValueSpecification","valueRequired":true,"valueName":"search_term_string"}}],"inLanguage":"de"},{"@type":"Organization","@id":"https:\/\/thedreammakers.gr\/de\/#organization","name":"The Dreammakers","url":"https:\/\/thedreammakers.gr\/de\/","logo":{"@type":"ImageObject","inLanguage":"de","@id":"https:\/\/thedreammakers.gr\/de\/#\/schema\/logo\/image\/","url":"https:\/\/thedreammakers.gr\/wp-content\/uploads\/2017\/11\/website2.png","contentUrl":"https:\/\/thedreammakers.gr\/wp-content\/uploads\/2017\/11\/website2.png","width":400,"height":238,"caption":"The Dreammakers"},"image":{"@id":"https:\/\/thedreammakers.gr\/de\/#\/schema\/logo\/image\/"},"sameAs":["https:\/\/www.facebook.com\/thedreammakersgreece\/","https:\/\/www.instagram.com\/thedreammakers_greece\/"]}]}},"_links":{"self":[{"href":"https:\/\/thedreammakers.gr\/de\/wp-json\/wp\/v2\/pages\/6216","targetHints":{"allow":["GET"]}}],"collection":[{"href":"https:\/\/thedreammakers.gr\/de\/wp-json\/wp\/v2\/pages"}],"about":[{"href":"https:\/\/thedreammakers.gr\/de\/wp-json\/wp\/v2\/types\/page"}],"author":[{"embeddable":true,"href":"https:\/\/thedreammakers.gr\/de\/wp-json\/wp\/v2\/users\/1"}],"replies":[{"embeddable":true,"href":"https:\/\/thedreammakers.gr\/de\/wp-json\/wp\/v2\/comments?post=6216"}],"version-history":[{"count":3,"href":"https:\/\/thedreammakers.gr\/de\/wp-json\/wp\/v2\/pages\/6216\/revisions"}],"predecessor-version":[{"id":6219,"href":"https:\/\/thedreammakers.gr\/de\/wp-json\/wp\/v2\/pages\/6216\/revisions\/6219"}],"wp:attachment":[{"href":"https:\/\/thedreammakers.gr\/de\/wp-json\/wp\/v2\/media?parent=6216"}],"curies":[{"name":"wp","href":"https:\/\/api.w.org\/{rel}","templated":true}]}}