{"id":6200,"date":"2018-01-23T15:19:37","date_gmt":"2018-01-23T15:19:37","guid":{"rendered":"http:\/\/thedreammakers.gr\/orfeas-dreammaker\/"},"modified":"2018-10-15T12:04:42","modified_gmt":"2018-10-15T09:04:42","slug":"orfeas-dreammaker","status":"publish","type":"page","link":"https:\/\/thedreammakers.gr\/de\/orfeas-dreammaker\/","title":{"rendered":"Orfeas Dreammaker"},"content":{"rendered":"<div class=\"standard_wrapper\">\n<div  class=\"one_third withsmallpadding ppb_header \" style=\"text-align:left;padding:30px 0 30px 0;\" >\n<div class=\"page_content_wrapper\">\n<div class=\"inner\">\n<div style=\"margin:auto;width:100%\">\n<h2 class=\"ppb_title\" style=\"\">Orfeas Dreammaker<\/h2>\n<hr class=\"title_break left\" style=\"\"\/>\n<div class=\"ppb_header_content\">\n<p>Videofilmer \/ Fotograf<\/p>\n<\/div>\n<\/div>\n<\/div>\n<\/div>\n<\/div>\n<\/div>\n<div class=\"standard_wrapper\">\n<div  class=\"two_third last withsmallpadding ppb_text\" style=\"padding:30px 0 30px 0;\" >\n<div class=\"standard_wrapper\">\n<div class=\"page_content_wrapper\">\n<div class=\"inner\">\n<div style=\"margin:auto;width:100%\">\n<blockquote>\n<p>\u201c Orfeas hat ein scharfes Auge f\u00fcr die Fotografie und ist eifrig in seiner Arbeit. Er geht immer einen Schritt \u00fcber das hinaus, was von ihm erwartet wird, um wirklich dominante Ergebnisse zu erzielen, wie zum Beispiel das atemberaubende Video auf meiner Facebook-Seite, das von ihm inspiriert und aufgenommen wurde. \u00dcber seine professionelle Qualit\u00e4t hinaus ist Orfeas bescheiden und moralisch, w\u00e4hrend seine Anwesenheit immer eine angenehme Atmosph\u00e4re schafft. \u201d<\/p>\n<\/blockquote>\n<\/div>\n<\/div>\n<\/div>\n<\/div>\n<\/div>\n<\/div>\n<div  class=\"one withsmallpadding ppb_header \" style=\"text-align:left;padding:30px 0 30px 0;\" >\n<div class=\"standard_wrapper\">\n<div class=\"page_content_wrapper\">\n<div class=\"inner\">\n<h2 class=\"ppb_title\" style=\"\">&quot;.Sch\u00f6nheit umgibt uns und es ist unsere Pflicht, sie zu finden. &quot;<\/h2>\n<hr class=\"title_break left\" style=\"\"\/>\n<div class=\"ppb_header_content\">\n<p>Fotografie f\u00fcr mich ist eine M\u00f6glichkeit, mich auszudr\u00fccken, ohne zu sprechen. Abgesehen davon denke ich, dass Sch\u00f6nheit um uns herum ist und es unsere Pflicht ist, sie zu finden. Also, ich liebe Fotografie, weil es mich lehrt, mehr zu sch\u00e4tzen, das Leben und all seine Geschenke.<\/p>\n<\/div>\n<\/div>\n<\/div>\n<\/div>\n<\/div>\n<div class=\"standard_wrapper\">\n<div  class=\"one_third withsmallpadding ppb_header \" style=\"text-align:left;padding:30px 0 30px 0;\" >\n<div class=\"page_content_wrapper\">\n<div class=\"inner\">\n<div style=\"margin:auto;width:100%\">\n<h2 class=\"ppb_title\" style=\"\">\u00dcber mich<\/h2>\n<hr class=\"title_break left\" style=\"\"\/>\n<div class=\"ppb_header_content\">\n<p>Ich studiere Ingenieurwesen und habe etwas f\u00fcr Physik. Ich bin Fotograf f\u00fcr ein E-Magazin. Ich liebe Landschaften, Architektur und Portr\u00e4ts. Jeder Tag ist ein guter Tag f\u00fcr Fotos.<\/p>\n<\/div>\n<\/div>\n<\/div>\n<\/div>\n<\/div>\n<\/div>\n<div class=\"standard_wrapper\">\n<div  class=\"two_third last withsmallpadding ppb_text\" style=\"padding:30px 0 30px 0;\" >\n<div class=\"standard_wrapper\">\n<div class=\"page_content_wrapper\">\n<div class=\"inner\">\n<div style=\"margin:auto;width:100%\">\n<div class=\"progress_bar\">\n<div class=\"progress_holder\">\n<div class=\"progress_bar_title\"><h7>Fotografie<\/h7><\/div>\n<div class=\"progress_number\"><h7>90%<\/h7><\/div>\n<\/div>\n<div class=\"progress_bar_holder\" style=\"height:3px;\">\n<div class=\"progress_bar_content\" data-score=\"90\" style=\"width:0;background:#222222;height:3px;\"><\/div>\n<\/div>\n<\/div>\n<div class=\"progress_bar\">\n<div class=\"progress_holder\">\n<div class=\"progress_bar_title\"><h7>Videografie<\/h7><\/div>\n<div class=\"progress_number\"><h7>85%<\/h7><\/div>\n<\/div>\n<div class=\"progress_bar_holder\" style=\"height:3px;\">\n<div class=\"progress_bar_content\" data-score=\"85\" style=\"width:0;background:#222222;height:3px;\"><\/div>\n<\/div>\n<\/div>\n<div class=\"progress_bar\">\n<div class=\"progress_holder\">\n<div class=\"progress_bar_title\"><h7>Kommunikation<\/h7><\/div>\n<div class=\"progress_number\"><h7>70%<\/h7><\/div>\n<\/div>\n<div class=\"progress_bar_holder\" style=\"height:3px;\">\n<div class=\"progress_bar_content\" data-score=\"70\" style=\"width:0;background:#222222;height:3px;\"><\/div>\n<\/div>\n<\/div>\n<div class=\"progress_bar\">\n<div class=\"progress_holder\">\n<div class=\"progress_bar_title\"><h7>Action Cam<\/h7><\/div>\n<div class=\"progress_number\"><h7>70%<\/h7><\/div>\n<\/div>\n<div class=\"progress_bar_holder\" style=\"height:3px;\">\n<div class=\"progress_bar_content\" data-score=\"70\" style=\"width:0;background:#222222;height:3px;\"><\/div>\n<\/div>\n<\/div>\n<\/div>\n<\/div>\n<\/div>\n<\/div>\n<\/div>\n<\/div>\n<div class=\"standard_wrapper\">\n<div  class=\"two_third last withsmallpadding ppb_text\" style=\"padding:30px 0 30px 0;\" >\n<div class=\"standard_wrapper\">\n<div class=\"page_content_wrapper\">\n<div class=\"inner\">\n<div style=\"margin:auto;width:100%\">\n<div class=\"progress_bar\">\n<div class=\"progress_holder\">\n<div class=\"progress_bar_title\"><h7>Fotografie<\/h7><\/div>\n<div class=\"progress_number\"><h7>90%<\/h7><\/div>\n<\/div>\n<div class=\"progress_bar_holder\" style=\"height:3px;\">\n<div class=\"progress_bar_content\" data-score=\"90\" style=\"width:0;background:#222222;height:3px;\"><\/div>\n<\/div>\n<\/div>\n<div class=\"progress_bar\">\n<div class=\"progress_holder\">\n<div class=\"progress_bar_title\"><h7>Videografie<\/h7><\/div>\n<div class=\"progress_number\"><h7>85%<\/h7><\/div>\n<\/div>\n<div class=\"progress_bar_holder\" style=\"height:3px;\">\n<div class=\"progress_bar_content\" data-score=\"85\" style=\"width:0;background:#222222;height:3px;\"><\/div>\n<\/div>\n<\/div>\n<div class=\"progress_bar\">\n<div class=\"progress_holder\">\n<div class=\"progress_bar_title\"><h7>Kommunikation<\/h7><\/div>\n<div class=\"progress_number\"><h7>70%<\/h7><\/div>\n<\/div>\n<div class=\"progress_bar_holder\" style=\"height:3px;\">\n<div class=\"progress_bar_content\" data-score=\"70\" style=\"width:0;background:#222222;height:3px;\"><\/div>\n<\/div>\n<\/div>\n<div class=\"progress_bar\">\n<div class=\"progress_holder\">\n<div class=\"progress_bar_title\"><h7>Action Cam<\/h7><\/div>\n<div class=\"progress_number\"><h7>70%<\/h7><\/div>\n<\/div>\n<div class=\"progress_bar_holder\" style=\"height:3px;\">\n<div class=\"progress_bar_content\" data-score=\"70\" style=\"width:0;background:#222222;height:3px;\"><\/div>\n<\/div>\n<\/div>\n<\/div>\n<\/div>\n<\/div>\n<\/div>\n<\/div>\n<\/div>\n<div class=\"standard_wrapper\">\n<div  class=\"two_third last withsmallpadding ppb_text\" style=\"padding:30px 0 30px 0;\" >\n<div class=\"standard_wrapper\">\n<div class=\"page_content_wrapper\">\n<div class=\"inner\">\n<div style=\"margin:auto;width:100%\">\n<div class=\"progress_bar\">\n<div class=\"progress_holder\">\n<div class=\"progress_bar_title\"><h7>Fotografie<\/h7><\/div>\n<div class=\"progress_number\"><h7>90%<\/h7><\/div>\n<\/div>\n<div class=\"progress_bar_holder\" style=\"height:3px;\">\n<div class=\"progress_bar_content\" data-score=\"90\" style=\"width:0;background:#222222;height:3px;\"><\/div>\n<\/div>\n<\/div>\n<div class=\"progress_bar\">\n<div class=\"progress_holder\">\n<div class=\"progress_bar_title\"><h7>Videografie<\/h7><\/div>\n<div class=\"progress_number\"><h7>85%<\/h7><\/div>\n<\/div>\n<div class=\"progress_bar_holder\" style=\"height:3px;\">\n<div class=\"progress_bar_content\" data-score=\"85\" style=\"width:0;background:#222222;height:3px;\"><\/div>\n<\/div>\n<\/div>\n<div class=\"progress_bar\">\n<div class=\"progress_holder\">\n<div class=\"progress_bar_title\"><h7>Kommunikation<\/h7><\/div>\n<div class=\"progress_number\"><h7>70%<\/h7><\/div>\n<\/div>\n<div class=\"progress_bar_holder\" style=\"height:3px;\">\n<div class=\"progress_bar_content\" data-score=\"70\" style=\"width:0;background:#222222;height:3px;\"><\/div>\n<\/div>\n<\/div>\n<div class=\"progress_bar\">\n<div class=\"progress_holder\">\n<div class=\"progress_bar_title\"><h7>Action Cam<\/h7><\/div>\n<div class=\"progress_number\"><h7>70%<\/h7><\/div>\n<\/div>\n<div class=\"progress_bar_holder\" style=\"height:3px;\">\n<div class=\"progress_bar_content\" data-score=\"70\" style=\"width:0;background:#222222;height:3px;\"><\/div>\n<\/div>\n<\/div>\n<\/div>\n<\/div>\n<\/div>\n<\/div>\n<\/div>\n<\/div>\n","protected":false},"excerpt":{"rendered":"","protected":false},"author":1,"featured_media":270,"parent":0,"menu_order":0,"comment_status":"closed","ping_status":"closed","template":"","meta":{"footnotes":""},"class_list":["post-6200","page","type-page","status-publish","has-post-thumbnail","hentry"],"yoast_head":"<!-- This site is optimized with the Yoast SEO plugin v27.4 - https:\/\/yoast.com\/product\/yoast-seo-wordpress\/ -->\n<title>Orfeas Dreammaker - Hochzeitsfotograf und Video machen<\/title>\n<meta name=\"description\" content=\"Orfeas Dreammaker. Hochzeitsfotograf und Video Maker. Ich bin Fotograf f\u00fcr ein E-Magazin. Ich liebe Landschaften, Architektur und Portr\u00e4ts.\" \/>\n<meta name=\"robots\" content=\"index, follow, max-snippet:-1, max-image-preview:large, max-video-preview:-1\" \/>\n<link rel=\"canonical\" href=\"https:\/\/thedreammakers.gr\/de\/orfeas-dreammaker\/\" \/>\n<meta property=\"og:locale\" content=\"de_DE\" \/>\n<meta property=\"og:type\" content=\"article\" \/>\n<meta property=\"og:title\" content=\"Orfeas Dreammaker - Hochzeitsfotograf und Video machen\" \/>\n<meta property=\"og:description\" content=\"Orfeas Dreammaker. Hochzeitsfotograf und Video Maker. Ich bin Fotograf f\u00fcr ein E-Magazin. Ich liebe Landschaften, Architektur und Portr\u00e4ts.\" \/>\n<meta property=\"og:url\" content=\"https:\/\/thedreammakers.gr\/de\/orfeas-dreammaker\/\" \/>\n<meta property=\"og:site_name\" content=\"The Dreammakers\" \/>\n<meta property=\"article:publisher\" content=\"https:\/\/www.facebook.com\/thedreammakersgreece\/\" \/>\n<meta property=\"article:modified_time\" content=\"2018-10-15T09:04:42+00:00\" \/>\n<meta property=\"og:image\" content=\"http:\/\/thedreammakers.gr\/wp-content\/uploads\/2017\/11\/KEL_6115-v2.jpg\" \/>\n\t<meta property=\"og:image:width\" content=\"2048\" \/>\n\t<meta property=\"og:image:height\" content=\"1360\" \/>\n\t<meta property=\"og:image:type\" content=\"image\/jpeg\" \/>\n<meta name=\"twitter:card\" content=\"summary_large_image\" \/>\n<meta name=\"twitter:label1\" content=\"Gesch\u00e4tzte Lesezeit\" \/>\n\t<meta name=\"twitter:data1\" content=\"1\u00a0Minute\" \/>\n<script type=\"application\/ld+json\" class=\"yoast-schema-graph\">{\"@context\":\"https:\\\/\\\/schema.org\",\"@graph\":[{\"@type\":\"WebPage\",\"@id\":\"https:\\\/\\\/thedreammakers.gr\\\/de\\\/orfeas-dreammaker\\\/\",\"url\":\"https:\\\/\\\/thedreammakers.gr\\\/de\\\/orfeas-dreammaker\\\/\",\"name\":\"Orfeas Dreammaker - Hochzeitsfotograf und Video machen\",\"isPartOf\":{\"@id\":\"https:\\\/\\\/thedreammakers.gr\\\/de\\\/#website\"},\"primaryImageOfPage\":{\"@id\":\"https:\\\/\\\/thedreammakers.gr\\\/de\\\/orfeas-dreammaker\\\/#primaryimage\"},\"image\":{\"@id\":\"https:\\\/\\\/thedreammakers.gr\\\/de\\\/orfeas-dreammaker\\\/#primaryimage\"},\"thumbnailUrl\":\"https:\\\/\\\/thedreammakers.gr\\\/wp-content\\\/uploads\\\/2017\\\/11\\\/KEL_6115-v2.jpg\",\"datePublished\":\"2018-01-23T15:19:37+00:00\",\"dateModified\":\"2018-10-15T09:04:42+00:00\",\"description\":\"Orfeas Dreammaker. Hochzeitsfotograf und Video Maker. Ich bin Fotograf f\u00fcr ein E-Magazin. Ich liebe Landschaften, Architektur und Portr\u00e4ts.\",\"breadcrumb\":{\"@id\":\"https:\\\/\\\/thedreammakers.gr\\\/de\\\/orfeas-dreammaker\\\/#breadcrumb\"},\"inLanguage\":\"de\",\"potentialAction\":[{\"@type\":\"ReadAction\",\"target\":[\"https:\\\/\\\/thedreammakers.gr\\\/de\\\/orfeas-dreammaker\\\/\"]}]},{\"@type\":\"ImageObject\",\"inLanguage\":\"de\",\"@id\":\"https:\\\/\\\/thedreammakers.gr\\\/de\\\/orfeas-dreammaker\\\/#primaryimage\",\"url\":\"https:\\\/\\\/thedreammakers.gr\\\/wp-content\\\/uploads\\\/2017\\\/11\\\/KEL_6115-v2.jpg\",\"contentUrl\":\"https:\\\/\\\/thedreammakers.gr\\\/wp-content\\\/uploads\\\/2017\\\/11\\\/KEL_6115-v2.jpg\",\"width\":2048,\"height\":1360,\"caption\":\"Orfeas Dreammaker wedding photographer videographer thassos halkidiki kavala crete meteora santorini lemnos drama greece nunta plaja exhibition\"},{\"@type\":\"BreadcrumbList\",\"@id\":\"https:\\\/\\\/thedreammakers.gr\\\/de\\\/orfeas-dreammaker\\\/#breadcrumb\",\"itemListElement\":[{\"@type\":\"ListItem\",\"position\":1,\"name\":\"Home\",\"item\":\"https:\\\/\\\/thedreammakers.gr\\\/de\\\/\"},{\"@type\":\"ListItem\",\"position\":2,\"name\":\"Orfeas Dreammaker\"}]},{\"@type\":\"WebSite\",\"@id\":\"https:\\\/\\\/thedreammakers.gr\\\/de\\\/#website\",\"url\":\"https:\\\/\\\/thedreammakers.gr\\\/de\\\/\",\"name\":\"The Dreammakers\",\"description\":\"Dream Wedding in Greece\",\"publisher\":{\"@id\":\"https:\\\/\\\/thedreammakers.gr\\\/de\\\/#organization\"},\"potentialAction\":[{\"@type\":\"SearchAction\",\"target\":{\"@type\":\"EntryPoint\",\"urlTemplate\":\"https:\\\/\\\/thedreammakers.gr\\\/de\\\/?s={search_term_string}\"},\"query-input\":{\"@type\":\"PropertyValueSpecification\",\"valueRequired\":true,\"valueName\":\"search_term_string\"}}],\"inLanguage\":\"de\"},{\"@type\":\"Organization\",\"@id\":\"https:\\\/\\\/thedreammakers.gr\\\/de\\\/#organization\",\"name\":\"The Dreammakers\",\"url\":\"https:\\\/\\\/thedreammakers.gr\\\/de\\\/\",\"logo\":{\"@type\":\"ImageObject\",\"inLanguage\":\"de\",\"@id\":\"https:\\\/\\\/thedreammakers.gr\\\/de\\\/#\\\/schema\\\/logo\\\/image\\\/\",\"url\":\"https:\\\/\\\/thedreammakers.gr\\\/wp-content\\\/uploads\\\/2017\\\/11\\\/website2.png\",\"contentUrl\":\"https:\\\/\\\/thedreammakers.gr\\\/wp-content\\\/uploads\\\/2017\\\/11\\\/website2.png\",\"width\":400,\"height\":238,\"caption\":\"The Dreammakers\"},\"image\":{\"@id\":\"https:\\\/\\\/thedreammakers.gr\\\/de\\\/#\\\/schema\\\/logo\\\/image\\\/\"},\"sameAs\":[\"https:\\\/\\\/www.facebook.com\\\/thedreammakersgreece\\\/\",\"https:\\\/\\\/www.instagram.com\\\/thedreammakers_greece\\\/\"]}]}<\/script>\n<!-- \/ Yoast SEO plugin. -->","yoast_head_json":{"title":"Orfeas Dreammaker - Hochzeitsfotograf und Video machen","description":"Orfeas Dreammaker. Hochzeitsfotograf und Video Maker. Ich bin Fotograf f\u00fcr ein E-Magazin. Ich liebe Landschaften, Architektur und Portr\u00e4ts.","robots":{"index":"index","follow":"follow","max-snippet":"max-snippet:-1","max-image-preview":"max-image-preview:large","max-video-preview":"max-video-preview:-1"},"canonical":"https:\/\/thedreammakers.gr\/de\/orfeas-dreammaker\/","og_locale":"de_DE","og_type":"article","og_title":"Orfeas Dreammaker - Hochzeitsfotograf und Video machen","og_description":"Orfeas Dreammaker. Hochzeitsfotograf und Video Maker. Ich bin Fotograf f\u00fcr ein E-Magazin. Ich liebe Landschaften, Architektur und Portr\u00e4ts.","og_url":"https:\/\/thedreammakers.gr\/de\/orfeas-dreammaker\/","og_site_name":"The Dreammakers","article_publisher":"https:\/\/www.facebook.com\/thedreammakersgreece\/","article_modified_time":"2018-10-15T09:04:42+00:00","og_image":[{"width":2048,"height":1360,"url":"http:\/\/thedreammakers.gr\/wp-content\/uploads\/2017\/11\/KEL_6115-v2.jpg","type":"image\/jpeg"}],"twitter_card":"summary_large_image","twitter_misc":{"Gesch\u00e4tzte Lesezeit":"1\u00a0Minute"},"schema":{"@context":"https:\/\/schema.org","@graph":[{"@type":"WebPage","@id":"https:\/\/thedreammakers.gr\/de\/orfeas-dreammaker\/","url":"https:\/\/thedreammakers.gr\/de\/orfeas-dreammaker\/","name":"Orfeas Dreammaker - Hochzeitsfotograf und Video machen","isPartOf":{"@id":"https:\/\/thedreammakers.gr\/de\/#website"},"primaryImageOfPage":{"@id":"https:\/\/thedreammakers.gr\/de\/orfeas-dreammaker\/#primaryimage"},"image":{"@id":"https:\/\/thedreammakers.gr\/de\/orfeas-dreammaker\/#primaryimage"},"thumbnailUrl":"https:\/\/thedreammakers.gr\/wp-content\/uploads\/2017\/11\/KEL_6115-v2.jpg","datePublished":"2018-01-23T15:19:37+00:00","dateModified":"2018-10-15T09:04:42+00:00","description":"Orfeas Dreammaker. Hochzeitsfotograf und Video Maker. Ich bin Fotograf f\u00fcr ein E-Magazin. Ich liebe Landschaften, Architektur und Portr\u00e4ts.","breadcrumb":{"@id":"https:\/\/thedreammakers.gr\/de\/orfeas-dreammaker\/#breadcrumb"},"inLanguage":"de","potentialAction":[{"@type":"ReadAction","target":["https:\/\/thedreammakers.gr\/de\/orfeas-dreammaker\/"]}]},{"@type":"ImageObject","inLanguage":"de","@id":"https:\/\/thedreammakers.gr\/de\/orfeas-dreammaker\/#primaryimage","url":"https:\/\/thedreammakers.gr\/wp-content\/uploads\/2017\/11\/KEL_6115-v2.jpg","contentUrl":"https:\/\/thedreammakers.gr\/wp-content\/uploads\/2017\/11\/KEL_6115-v2.jpg","width":2048,"height":1360,"caption":"Orfeas Dreammaker wedding photographer videographer thassos halkidiki kavala crete meteora santorini lemnos drama greece nunta plaja exhibition"},{"@type":"BreadcrumbList","@id":"https:\/\/thedreammakers.gr\/de\/orfeas-dreammaker\/#breadcrumb","itemListElement":[{"@type":"ListItem","position":1,"name":"Home","item":"https:\/\/thedreammakers.gr\/de\/"},{"@type":"ListItem","position":2,"name":"Orfeas Dreammaker"}]},{"@type":"WebSite","@id":"https:\/\/thedreammakers.gr\/de\/#website","url":"https:\/\/thedreammakers.gr\/de\/","name":"The Dreammakers","description":"Dream Wedding in Greece","publisher":{"@id":"https:\/\/thedreammakers.gr\/de\/#organization"},"potentialAction":[{"@type":"SearchAction","target":{"@type":"EntryPoint","urlTemplate":"https:\/\/thedreammakers.gr\/de\/?s={search_term_string}"},"query-input":{"@type":"PropertyValueSpecification","valueRequired":true,"valueName":"search_term_string"}}],"inLanguage":"de"},{"@type":"Organization","@id":"https:\/\/thedreammakers.gr\/de\/#organization","name":"The Dreammakers","url":"https:\/\/thedreammakers.gr\/de\/","logo":{"@type":"ImageObject","inLanguage":"de","@id":"https:\/\/thedreammakers.gr\/de\/#\/schema\/logo\/image\/","url":"https:\/\/thedreammakers.gr\/wp-content\/uploads\/2017\/11\/website2.png","contentUrl":"https:\/\/thedreammakers.gr\/wp-content\/uploads\/2017\/11\/website2.png","width":400,"height":238,"caption":"The Dreammakers"},"image":{"@id":"https:\/\/thedreammakers.gr\/de\/#\/schema\/logo\/image\/"},"sameAs":["https:\/\/www.facebook.com\/thedreammakersgreece\/","https:\/\/www.instagram.com\/thedreammakers_greece\/"]}]}},"_links":{"self":[{"href":"https:\/\/thedreammakers.gr\/de\/wp-json\/wp\/v2\/pages\/6200","targetHints":{"allow":["GET"]}}],"collection":[{"href":"https:\/\/thedreammakers.gr\/de\/wp-json\/wp\/v2\/pages"}],"about":[{"href":"https:\/\/thedreammakers.gr\/de\/wp-json\/wp\/v2\/types\/page"}],"author":[{"embeddable":true,"href":"https:\/\/thedreammakers.gr\/de\/wp-json\/wp\/v2\/users\/1"}],"replies":[{"embeddable":true,"href":"https:\/\/thedreammakers.gr\/de\/wp-json\/wp\/v2\/comments?post=6200"}],"version-history":[{"count":3,"href":"https:\/\/thedreammakers.gr\/de\/wp-json\/wp\/v2\/pages\/6200\/revisions"}],"predecessor-version":[{"id":6203,"href":"https:\/\/thedreammakers.gr\/de\/wp-json\/wp\/v2\/pages\/6200\/revisions\/6203"}],"wp:featuredmedia":[{"embeddable":true,"href":"https:\/\/thedreammakers.gr\/de\/wp-json\/wp\/v2\/media\/270"}],"wp:attachment":[{"href":"https:\/\/thedreammakers.gr\/de\/wp-json\/wp\/v2\/media?parent=6200"}],"curies":[{"name":"wp","href":"https:\/\/api.w.org\/{rel}","templated":true}]}}