{"id":6147,"date":"2018-02-08T08:52:00","date_gmt":"2018-02-08T08:52:00","guid":{"rendered":"http:\/\/thedreammakers.gr\/%cf%86%cf%89%cf%84%ce%bf%ce%b3%cf%81%ce%ac%cf%86%ce%bf%cf%82-%ce%b3%ce%ac%ce%bc%ce%bf%cf%85-%ce%b8%ce%ac%cf%83%ce%bf%cf%82\/"},"modified":"2018-10-12T10:24:09","modified_gmt":"2018-10-12T07:24:09","slug":"fotograf-hochzeit-thasos","status":"publish","type":"page","link":"https:\/\/thedreammakers.gr\/de\/fotograf-hochzeit-thasos\/","title":{"rendered":"HOCHZEITSFOTOGRAFIE THASOS"},"content":{"rendered":"<div  class=\" standard_wrapper ppb_popup one \" style=\"padding:60px 0 60px 0;\" >\n<div class=\"page_content_wrapper\">\n<div class=\"inner\">\n<div class=\"overlay_gallery_wrapper\" style=\"text-align:left;background:;\">\n<div class=\"overlay_gallery_border\" style=\"\">\n<div class=\"overlay_gallery_content\">\n<h2 class=\"ppb_title\" style=\"\">HOCHZEITSFOTOGRAF THASOS,VIDEO UND MEHR<\/h2>\n<\/div>\n<\/div>\n<\/div>\n<\/div>\n<\/div>\n<\/div>\n<div  class=\"one withsmallpadding ppb_text\" style=\"padding:30px 0 30px 0;\" >\n<div class=\"standard_wrapper\">\n<div class=\"page_content_wrapper\">\n<div class=\"inner\">\n<div style=\"margin:auto;width:100%\">\n<h1 style=\"text-align: center;\">HOCHZEITSFOTOGRAFIE THASOS,VIDEO UND MEHR<\/h1>\n<\/div>\n<\/div>\n<\/div>\n<\/div>\n<\/div>\n<div  class=\"one withsmallpadding ppb_text\" style=\"padding:30px 0 30px 0;\" >\n<div class=\"standard_wrapper\">\n<div class=\"page_content_wrapper\">\n<div class=\"inner\">\n<div style=\"margin:auto;width:100%\">\n<p style=\"text-align: center;\">Hallo,<\/p>\n<p style=\"text-align: center;\">Wir sind die Dreammakers.<\/p>\n<p style=\"text-align: center;\">Wir bieten fantastische <strong><a href=\"http:\/\/thedreammakers.gr\/de\/hochzeitsfotografie\/\">Hochzeitsfotos<\/a> <\/strong>und <strong><a href=\"http:\/\/thedreammakers.gr\/de\/hochzeitsvideo\/\">Videoaufnahme<\/a> <\/strong>f\u00fcr ihre Hochzeit in Thasos an.<\/p>\n<p style=\"text-align: center;\">Weil wir die Insel sehr gut kennen, k\u00f6nnen wir sie bei der Wahl eines Ortes helfen.<\/p>\n<p style=\"text-align: center;\">Wenn sie entweder in Limenaria, in Chrisi Ammoudia, im Strand Tripiti oder Psili Ammos, sind wir sicher, dass wir den idealen Ort f\u00fcr ihre Hochzeitsfotografie auf Thasos kennen.<\/p>\n<p style=\"text-align: center;\">Wenn wir ehrlich sein wollen, m\u00f6chten wir gerne ihre Hochzeitsfotos und Hochzeitsvideo machen.<\/p>\n<p style=\"text-align: center;\">Au\u00dferdem machen wir Paarfotografie f\u00fcr die Flitterwochen auf Thasos.<\/p>\n<p style=\"text-align: center;\">Genauer gesagt, sind wir in der Hochzeitsfotografie und Videoaufnahme auf sch\u00f6ne Inseln der \u00c4g\u00e4is wie auf Thasos spezialisiert.<\/p>\n<p style=\"text-align: center;\">Au\u00dferdem bieten wir vollst\u00e4ndige Hochzeitspakete an.<\/p>\n<\/div>\n<\/div>\n<\/div>\n<\/div>\n<\/div>\n<div  class=\"one withsmallpadding ppb_text\" style=\"padding:30px;\" >\n<div style=\"padding: 56.25% 0 0 0; position: relative;\"><iframe style=\"position: absolute; top: 0; left: 0; width: 100%; height: 100%;\" src=\"https:\/\/player.vimeo.com\/video\/256100006?title=0&#038;byline=0&#038;portrait=0\" frameborder=\"0\" allowfullscreen=\"allowfullscreen\"><\/iframe><\/div>\n<p><script src=\"https:\/\/player.vimeo.com\/api\/player.js\"><\/script><\/p>\n<\/div>\n<div  class=\"one withsmallpadding ppb_header \" style=\"text-align:left;padding:30px 0 30px 0;\" >\n<div class=\"standard_wrapper\">\n<div class=\"page_content_wrapper\">\n<div class=\"inner\">\n<div style=\"margin:auto;width:100%\">\n<h2 class=\"ppb_title\" style=\"\">HOCHZEITSGRUPPE THASOS<\/h2>\n<hr class=\"title_break left\" style=\"\"\/>\n<div class=\"ppb_header_content\">\n<p><span style=\"font-style: italic; color: #222222;\">Wir sind die the Dreammakers.<br \/>\nWir sind eine Gruppe Fotografen und Videografen Make-up Artist und Hochzeitsplanern.<br \/>\n<\/span><\/p>\n<\/div>\n<\/div>\n<\/div>\n<\/div>\n<\/div>\n<\/div>\n<div  class=\"one withsmallpadding ppb_header \" style=\"text-align:left;padding:30px 0 30px 0;\" >\n<div class=\"standard_wrapper\">\n<div class=\"page_content_wrapper\">\n<div class=\"inner\">\n<div style=\"margin:auto;width:100%\">\n<h2 class=\"ppb_title\" style=\"\">HOCHZEITSGRUPPE THASOS<\/h2>\n<hr class=\"title_break left\" style=\"\"\/>\n<div class=\"ppb_header_content\">\n<p><span style=\"font-style: italic; color: #222222;\">Wir sind die the Dreammakers.<br \/>\nWir sind eine Gruppe Fotografen und Videografen Make-up Artist und Hochzeitsplanern.<br \/>\n<\/span><\/p>\n<\/div>\n<\/div>\n<\/div>\n<\/div>\n<\/div>\n<\/div>\n<div  class=\"one withsmallpadding ppb_text\" style=\"padding:30px 0 30px 0;\" >\n<div class=\"standard_wrapper\">\n<div class=\"page_content_wrapper\">\n<div class=\"inner\">\n<div style=\"margin:auto;width:100%\">\n<p style=\"text-align: center;\"><a href=\"http:\/\/thedreammakers.gr\/de\/bezueglich-mit-uns\/\"><strong>Unsere Gruppe<\/strong><\/a> besteht aus Hochzeitsfotografen, Filmproduzenten, Kameramann f\u00fcr Hochzeitsvideoaufnahmen, Hochzeitsplaner mit Sitz auf Kreta und anderen talentierten Personen die, die perfekte Gruppe vollenden.<\/p>\n<p style=\"text-align: center;\">In Wirklichkeit machen wir unsere Arbeit mit Leidenschaft.<\/p>\n<p style=\"text-align: center;\">Wir lieben, das was wir machen und das spiegelt sich in unsere Arbeit wider.<\/p>\n<p style=\"text-align: center;\">Wir hoffen ihre Hochzeitsfotos zu machen.<\/p>\n<p style=\"text-align: center;\">In Wirklichkeit ist Kreta ein Paradies f\u00fcr Fotografen wie wir es sind.<\/p>\n<p style=\"text-align: center;\">Wenn wir ehrlich sein wollen, haben wir viele Hochzeitsfotos auf den sch\u00f6nsten Inseln gemacht.<\/p>\n<p style=\"text-align: center;\">Wir haben auch viele Fotos auf diese Insel \/ diesen Ort gemacht.<\/p>\n<p style=\"text-align: center;\">Daher k\u00f6nnen wir ihnen die besten Orte f\u00fcr ihre Hochzeitsfotografie auf Kreta vorschlagen.<\/p>\n<p style=\"text-align: center;\">Ebenfalls \u00fcbernehmen wir die Bef\u00f6rderung von und ab dem Ort f\u00fcr ihre Hochzeitsfotografie, den sie w\u00e4hlen.<\/p>\n<p style=\"text-align: center;\">L\u00e4cheln und genie\u00dfen\u00a0 sie einen Fotospaziergang an die himmelblauen Str\u00e4nden, die herrlichen arch\u00e4ologischen Orte und die wundersch\u00f6nen Landschaften.<\/p>\n<p style=\"text-align: center;\">Werfen sie einen Blick auf unsere <strong><a href=\"http:\/\/thedreammakers.gr\/de\/portfoliosets\/fotografie\/\">Hochzeitsgalerie<\/a><\/strong>.<\/p>\n<\/div>\n<\/div>\n<\/div>\n<\/div>\n<\/div>\n<div  class=\"one withsmallpadding ppb_text\" style=\"padding:30px 0 30px 0;\" >\n<div class=\"standard_wrapper\">\n<div class=\"page_content_wrapper\">\n<div class=\"inner\">\n<div style=\"margin:auto;width:100%\">\n<p style=\"text-align: center;\"><a href=\"http:\/\/thedreammakers.gr\/de\/bezueglich-mit-uns\/\"><strong>Unsere Gruppe<\/strong><\/a> besteht aus Hochzeitsfotografen, Filmproduzenten, Kameramann f\u00fcr Hochzeitsvideoaufnahmen, Hochzeitsplaner mit Sitz auf Kreta und anderen talentierten Personen die, die perfekte Gruppe vollenden.<\/p>\n<p style=\"text-align: center;\">In Wirklichkeit machen wir unsere Arbeit mit Leidenschaft.<\/p>\n<p style=\"text-align: center;\">Wir lieben, das was wir machen und das spiegelt sich in unsere Arbeit wider.<\/p>\n<p style=\"text-align: center;\">Wir hoffen ihre Hochzeitsfotos zu machen.<\/p>\n<p style=\"text-align: center;\">In Wirklichkeit ist Kreta ein Paradies f\u00fcr Fotografen wie wir es sind.<\/p>\n<p style=\"text-align: center;\">Wenn wir ehrlich sein wollen, haben wir viele Hochzeitsfotos auf den sch\u00f6nsten Inseln gemacht.<\/p>\n<p style=\"text-align: center;\">Wir haben auch viele Fotos auf diese Insel \/ diesen Ort gemacht.<\/p>\n<p style=\"text-align: center;\">Daher k\u00f6nnen wir ihnen die besten Orte f\u00fcr ihre Hochzeitsfotografie auf Kreta vorschlagen.<\/p>\n<p style=\"text-align: center;\">Ebenfalls \u00fcbernehmen wir die Bef\u00f6rderung von und ab dem Ort f\u00fcr ihre Hochzeitsfotografie, den sie w\u00e4hlen.<\/p>\n<p style=\"text-align: center;\">L\u00e4cheln und genie\u00dfen\u00a0 sie einen Fotospaziergang an die himmelblauen Str\u00e4nden, die herrlichen arch\u00e4ologischen Orte und die wundersch\u00f6nen Landschaften.<\/p>\n<p style=\"text-align: center;\">Werfen sie einen Blick auf unsere <strong><a href=\"http:\/\/thedreammakers.gr\/de\/portfoliosets\/fotografie\/\">Hochzeitsgalerie<\/a><\/strong>.<\/p>\n<\/div>\n<\/div>\n<\/div>\n<\/div>\n<\/div>\n<div  class=\"one withsmallpadding ppb_header \" style=\"text-align:left;padding:30px 0 30px 0;\" >\n<div class=\"standard_wrapper\">\n<div class=\"page_content_wrapper\">\n<div class=\"inner\">\n<div style=\"margin:auto;width:100%\">\n<h2 class=\"ppb_title\" style=\"\">HOCHZEIT AUF THASOS<\/h2>\n<\/div>\n<\/div>\n<\/div>\n<\/div>\n<\/div>\n<div class=\"standard_wrapper\">\n<div  class=\"one_third withsmallpadding ppb_header \" style=\"text-align:left;padding:30px 0 30px 0;\" >\n<div class=\"page_content_wrapper\">\n<div class=\"inner\">\n<div style=\"margin:auto;width:100%\">\n<h2 class=\"ppb_title\" style=\"\">HOCHZEIT AUF THASOS<\/h2>\n<hr class=\"title_break left\" style=\"\"\/>\n<div class=\"ppb_header_content\">\n<p>Die Smaragde Insel der N\u00f6rdlichen \u00c4g\u00e4is.<\/p>\n<\/div>\n<\/div>\n<\/div>\n<\/div>\n<\/div>\n<\/div>\n<div class=\"standard_wrapper\">\n<div  class=\"one_third withsmallpadding ppb_text\" style=\"padding:30px 0 30px 0;\" >\n<div class=\"standard_wrapper\">\n<div class=\"page_content_wrapper\">\n<div class=\"inner\">\n<div style=\"margin:auto;width:100%\">\n<p>Thasos ist in den letzten Jahren ein beliebter Hochzeitsbestimmungsort in Griechenland geworden. Vielleicht haben sie bemerkt, dass viele Leute speziell im Sommer in Griechenland heiraten. Die meisten Paare die Griechenland als Hochzeitsbestimmungsort w\u00e4hlen, machen ihre Hochzeit auf eine Insel wie Thasos.<\/p>\n<\/div>\n<\/div>\n<\/div>\n<\/div>\n<\/div>\n<\/div>\n<div class=\"standard_wrapper\">\n<div  class=\"one_third last withsmallpadding ppb_text\" style=\"padding:30px 0 30px 0;\" >\n<div class=\"standard_wrapper\">\n<div class=\"page_content_wrapper\">\n<div class=\"inner\">\n<div style=\"margin:auto;width:100%\">\n<p>Aber was macht Thasos einen beliebten Bestimmungsort f\u00fcr viele Paare und Besucher aus der ganzen Welt? Mit reiche Geschichte, einzigartige historische <a href=\"http:\/\/thedreammakers.gr\/de\/orthodoxe-hochzeit-auf-thassos\/\"><strong>orthodoxe Kapellen<\/strong><\/a>, arch\u00e4ologische Ausgrabungen, <strong><a href=\"http:\/\/thedreammakers.gr\/de\/straende-auf-thassos-fuer-ihre-hochzeit\/\">fantastische Str\u00e4nde<\/a><\/strong>, und <a href=\"http:\/\/thedreammakers.gr\/thassos-best-wedding-destination-greek-island\/\"><strong>zahlreiche Dinge die sie machen k\u00f6nnen<\/strong><\/a>, ist Thasos f\u00fcr viele Paare die beste Insel f\u00fcr ihre Hochzeit in Griechenland.<\/p>\n<\/div>\n<\/div>\n<\/div>\n<\/div>\n<\/div>\n<\/div>\n<div class=\"standard_wrapper\">\n<div  class=\"one_third last withsmallpadding ppb_text\" style=\"padding:30px 0 30px 0;\" >\n<div class=\"standard_wrapper\">\n<div class=\"page_content_wrapper\">\n<div class=\"inner\">\n<div style=\"margin:auto;width:100%\">\n<p>Aber was macht Thasos einen beliebten Bestimmungsort f\u00fcr viele Paare und Besucher aus der ganzen Welt? Mit reiche Geschichte, einzigartige historische <a href=\"http:\/\/thedreammakers.gr\/de\/orthodoxe-hochzeit-auf-thassos\/\"><strong>orthodoxe Kapellen<\/strong><\/a>, arch\u00e4ologische Ausgrabungen, <strong><a href=\"http:\/\/thedreammakers.gr\/de\/straende-auf-thassos-fuer-ihre-hochzeit\/\">fantastische Str\u00e4nde<\/a><\/strong>, und <a href=\"http:\/\/thedreammakers.gr\/thassos-best-wedding-destination-greek-island\/\"><strong>zahlreiche Dinge die sie machen k\u00f6nnen<\/strong><\/a>, ist Thasos f\u00fcr viele Paare die beste Insel f\u00fcr ihre Hochzeit in Griechenland.<\/p>\n<\/div>\n<\/div>\n<\/div>\n<\/div>\n<\/div>\n<\/div>\n<div  class=\"one withsmallpadding ppb_header \" style=\"text-align:left;padding:30px 0 30px 0;\" >\n<div class=\"standard_wrapper\">\n<div class=\"page_content_wrapper\">\n<div class=\"inner\">\n<div style=\"margin:auto;width:100%\">\n<h2 class=\"ppb_title\" style=\"\"> ARTIKEL F\u00dcR EINE HOCHZEIT AUF THASOS <\/h2>\n<\/div>\n<\/div>\n<\/div>\n<\/div>\n<\/div>\n<div  class=\"one withsmallpadding ppb_text\" style=\"padding:30px 0 30px 0;\" >\n<div class=\"standard_wrapper\">\n<div class=\"page_content_wrapper\">\n<div class=\"inner\">\n<div style=\"margin:auto;width:100%\">\n<p style=\"text-align: center;\">Sehen sie die fantastischen Orte auf Thasos f\u00fcr ihre Hochzeitsfotografie.<\/p>\n<p style=\"text-align: center;\">Sehr wahrscheinlich umfassen sie Str\u00e4nde wie Marmaro, Paradise oder Chrisi Akti.<\/p>\n<p style=\"text-align: center;\">Au\u00dferdem, ist die Tr\u00e4ne Afrodites immer ein beliebter Ort f\u00fcr die Besucher der Insel.<\/p>\n<p style=\"text-align: center;\">In Wirklichkeit gibt es viele einzigartige Orte die, die Antike mit dem Meer und der Natur kombinieren.<\/p>\n<p style=\"text-align: center;\">Einige von ihnen k\u00f6nnten die arch\u00e4ologischen Reliquien des Steinbruchs Limenas und Alikis sein.<\/p>\n<p style=\"text-align: center;\">Egal wo sie heiraten, wir m\u00f6chten ihre Hochzeitspl\u00e4ne h\u00f6ren und sie verwirklichen, wie sie es sich getr\u00e4umt haben.<\/p>\n<p style=\"text-align: center;\">Kommen sie mit uns in Verbindung mit der unteren Form und wir werden ihre Hochzeitspl\u00e4ne \u00a0in ihrem Hochzeitsbudget anpassen.<\/p>\n<\/div>\n<\/div>\n<\/div>\n<\/div>\n<\/div>\n<div  class=\"one withsmallpadding ppb_text\" style=\"padding:30px 0 30px 0;\" >\n<div class=\"standard_wrapper\">\n<div class=\"page_content_wrapper\">\n<div class=\"inner\">\n<div style=\"margin:auto;width:100%\">\n<p style=\"text-align: center;\">Sehen sie die fantastischen Orte auf Thasos f\u00fcr ihre Hochzeitsfotografie.<\/p>\n<p style=\"text-align: center;\">Sehr wahrscheinlich umfassen sie Str\u00e4nde wie Marmaro, Paradise oder Chrisi Akti.<\/p>\n<p style=\"text-align: center;\">Au\u00dferdem, ist die Tr\u00e4ne Afrodites immer ein beliebter Ort f\u00fcr die Besucher der Insel.<\/p>\n<p style=\"text-align: center;\">In Wirklichkeit gibt es viele einzigartige Orte die, die Antike mit dem Meer und der Natur kombinieren.<\/p>\n<p style=\"text-align: center;\">Einige von ihnen k\u00f6nnten die arch\u00e4ologischen Reliquien des Steinbruchs Limenas und Alikis sein.<\/p>\n<p style=\"text-align: center;\">Egal wo sie heiraten, wir m\u00f6chten ihre Hochzeitspl\u00e4ne h\u00f6ren und sie verwirklichen, wie sie es sich getr\u00e4umt haben.<\/p>\n<p style=\"text-align: center;\">Kommen sie mit uns in Verbindung mit der unteren Form und wir werden ihre Hochzeitspl\u00e4ne \u00a0in ihrem Hochzeitsbudget anpassen.<\/p>\n<\/div>\n<\/div>\n<\/div>\n<\/div>\n<\/div>\n<div  class=\"one withsmallpadding ppb_text\" style=\"padding:30px 0 30px 0;\" >\n<div class=\"standard_wrapper\">\n<div class=\"page_content_wrapper\">\n<div class=\"inner\">\n<div style=\"margin:auto;width:100%\">\n<p style=\"text-align: center;\">Sehen sie die fantastischen Orte auf Thasos f\u00fcr ihre Hochzeitsfotografie.<\/p>\n<p style=\"text-align: center;\">Sehr wahrscheinlich umfassen sie Str\u00e4nde wie Marmaro, Paradise oder Chrisi Akti.<\/p>\n<p style=\"text-align: center;\">Au\u00dferdem, ist die Tr\u00e4ne Afrodites immer ein beliebter Ort f\u00fcr die Besucher der Insel.<\/p>\n<p style=\"text-align: center;\">In Wirklichkeit gibt es viele einzigartige Orte die, die Antike mit dem Meer und der Natur kombinieren.<\/p>\n<p style=\"text-align: center;\">Einige von ihnen k\u00f6nnten die arch\u00e4ologischen Reliquien des Steinbruchs Limenas und Alikis sein.<\/p>\n<p style=\"text-align: center;\">Egal wo sie heiraten, wir m\u00f6chten ihre Hochzeitspl\u00e4ne h\u00f6ren und sie verwirklichen, wie sie es sich getr\u00e4umt haben.<\/p>\n<p style=\"text-align: center;\">Kommen sie mit uns in Verbindung mit der unteren Form und wir werden ihre Hochzeitspl\u00e4ne \u00a0in ihrem Hochzeitsbudget anpassen.<\/p>\n<\/div>\n<\/div>\n<\/div>\n<\/div>\n<\/div>\n<div  class=\"one withsmallpadding ppb_text\" style=\"padding:30px 0 30px 0;\" >\n<div class=\"standard_wrapper\">\n<div class=\"page_content_wrapper\">\n<div class=\"inner\">\n<div style=\"margin:auto;width:100%\">\n<p style=\"text-align: center;\">Sehen sie die fantastischen Orte auf Thasos f\u00fcr ihre Hochzeitsfotografie.<\/p>\n<p style=\"text-align: center;\">Sehr wahrscheinlich umfassen sie Str\u00e4nde wie Marmaro, Paradise oder Chrisi Akti.<\/p>\n<p style=\"text-align: center;\">Au\u00dferdem, ist die Tr\u00e4ne Afrodites immer ein beliebter Ort f\u00fcr die Besucher der Insel.<\/p>\n<p style=\"text-align: center;\">In Wirklichkeit gibt es viele einzigartige Orte die, die Antike mit dem Meer und der Natur kombinieren.<\/p>\n<p style=\"text-align: center;\">Einige von ihnen k\u00f6nnten die arch\u00e4ologischen Reliquien des Steinbruchs Limenas und Alikis sein.<\/p>\n<p style=\"text-align: center;\">Egal wo sie heiraten, wir m\u00f6chten ihre Hochzeitspl\u00e4ne h\u00f6ren und sie verwirklichen, wie sie es sich getr\u00e4umt haben.<\/p>\n<p style=\"text-align: center;\">Kommen sie mit uns in Verbindung mit der unteren Form und wir werden ihre Hochzeitspl\u00e4ne \u00a0in ihrem Hochzeitsbudget anpassen.<\/p>\n<\/div>\n<\/div>\n<\/div>\n<\/div>\n<\/div>\n","protected":false},"excerpt":{"rendered":"","protected":false},"author":1,"featured_media":0,"parent":0,"menu_order":0,"comment_status":"closed","ping_status":"closed","template":"","meta":{"footnotes":""},"class_list":["post-6147","page","type-page","status-publish","hentry"],"yoast_head":"<!-- This site is optimized with the Yoast SEO plugin v27.4 - https:\/\/yoast.com\/product\/yoast-seo-wordpress\/ -->\n<title>Fotograf Hochzeit Thasos, Video und mehr | The Dreammakers<\/title>\n<meta name=\"description\" content=\"Fotograf Hochzeit Thasos. Komplette Hochzeits- und Videoaufzeichnungspakete f\u00fcr Ihre Traumhochzeit auf Kreta. Die Dreammakers Fotografie. Buchen Sie jetzt.\" \/>\n<meta name=\"robots\" content=\"index, follow, max-snippet:-1, max-image-preview:large, max-video-preview:-1\" \/>\n<link rel=\"canonical\" href=\"https:\/\/thedreammakers.gr\/de\/fotograf-hochzeit-thasos\/\" \/>\n<meta property=\"og:locale\" content=\"de_DE\" \/>\n<meta property=\"og:type\" content=\"article\" \/>\n<meta property=\"og:title\" content=\"Fotograf Hochzeit Thasos, Video und mehr | The Dreammakers\" \/>\n<meta property=\"og:description\" content=\"Fotograf Hochzeit Thasos. Komplette Hochzeits- und Videoaufzeichnungspakete f\u00fcr Ihre Traumhochzeit auf Kreta. Die Dreammakers Fotografie. Buchen Sie jetzt.\" \/>\n<meta property=\"og:url\" content=\"https:\/\/thedreammakers.gr\/de\/fotograf-hochzeit-thasos\/\" \/>\n<meta property=\"og:site_name\" content=\"The Dreammakers\" \/>\n<meta property=\"article:publisher\" content=\"https:\/\/www.facebook.com\/thedreammakersgreece\/\" \/>\n<meta property=\"article:modified_time\" content=\"2018-10-12T07:24:09+00:00\" \/>\n<meta name=\"twitter:card\" content=\"summary_large_image\" \/>\n<meta name=\"twitter:label1\" content=\"Gesch\u00e4tzte Lesezeit\" \/>\n\t<meta name=\"twitter:data1\" content=\"5\u00a0Minuten\" \/>\n<script type=\"application\/ld+json\" class=\"yoast-schema-graph\">{\"@context\":\"https:\\\/\\\/schema.org\",\"@graph\":[{\"@type\":\"WebPage\",\"@id\":\"https:\\\/\\\/thedreammakers.gr\\\/de\\\/fotograf-hochzeit-thasos\\\/\",\"url\":\"https:\\\/\\\/thedreammakers.gr\\\/de\\\/fotograf-hochzeit-thasos\\\/\",\"name\":\"Fotograf Hochzeit Thasos, Video und mehr | The Dreammakers\",\"isPartOf\":{\"@id\":\"https:\\\/\\\/thedreammakers.gr\\\/de\\\/#website\"},\"datePublished\":\"2018-02-08T08:52:00+00:00\",\"dateModified\":\"2018-10-12T07:24:09+00:00\",\"description\":\"Fotograf Hochzeit Thasos. Komplette Hochzeits- und Videoaufzeichnungspakete f\u00fcr Ihre Traumhochzeit auf Kreta. Die Dreammakers Fotografie. Buchen Sie jetzt.\",\"breadcrumb\":{\"@id\":\"https:\\\/\\\/thedreammakers.gr\\\/de\\\/fotograf-hochzeit-thasos\\\/#breadcrumb\"},\"inLanguage\":\"de\",\"potentialAction\":[{\"@type\":\"ReadAction\",\"target\":[\"https:\\\/\\\/thedreammakers.gr\\\/de\\\/fotograf-hochzeit-thasos\\\/\"]}]},{\"@type\":\"BreadcrumbList\",\"@id\":\"https:\\\/\\\/thedreammakers.gr\\\/de\\\/fotograf-hochzeit-thasos\\\/#breadcrumb\",\"itemListElement\":[{\"@type\":\"ListItem\",\"position\":1,\"name\":\"Home\",\"item\":\"https:\\\/\\\/thedreammakers.gr\\\/de\\\/\"},{\"@type\":\"ListItem\",\"position\":2,\"name\":\"HOCHZEITSFOTOGRAFIE THASOS\"}]},{\"@type\":\"WebSite\",\"@id\":\"https:\\\/\\\/thedreammakers.gr\\\/de\\\/#website\",\"url\":\"https:\\\/\\\/thedreammakers.gr\\\/de\\\/\",\"name\":\"The Dreammakers\",\"description\":\"Dream Wedding in Greece\",\"publisher\":{\"@id\":\"https:\\\/\\\/thedreammakers.gr\\\/de\\\/#organization\"},\"potentialAction\":[{\"@type\":\"SearchAction\",\"target\":{\"@type\":\"EntryPoint\",\"urlTemplate\":\"https:\\\/\\\/thedreammakers.gr\\\/de\\\/?s={search_term_string}\"},\"query-input\":{\"@type\":\"PropertyValueSpecification\",\"valueRequired\":true,\"valueName\":\"search_term_string\"}}],\"inLanguage\":\"de\"},{\"@type\":\"Organization\",\"@id\":\"https:\\\/\\\/thedreammakers.gr\\\/de\\\/#organization\",\"name\":\"The Dreammakers\",\"url\":\"https:\\\/\\\/thedreammakers.gr\\\/de\\\/\",\"logo\":{\"@type\":\"ImageObject\",\"inLanguage\":\"de\",\"@id\":\"https:\\\/\\\/thedreammakers.gr\\\/de\\\/#\\\/schema\\\/logo\\\/image\\\/\",\"url\":\"https:\\\/\\\/thedreammakers.gr\\\/wp-content\\\/uploads\\\/2017\\\/11\\\/website2.png\",\"contentUrl\":\"https:\\\/\\\/thedreammakers.gr\\\/wp-content\\\/uploads\\\/2017\\\/11\\\/website2.png\",\"width\":400,\"height\":238,\"caption\":\"The Dreammakers\"},\"image\":{\"@id\":\"https:\\\/\\\/thedreammakers.gr\\\/de\\\/#\\\/schema\\\/logo\\\/image\\\/\"},\"sameAs\":[\"https:\\\/\\\/www.facebook.com\\\/thedreammakersgreece\\\/\",\"https:\\\/\\\/www.instagram.com\\\/thedreammakers_greece\\\/\"]}]}<\/script>\n<!-- \/ Yoast SEO plugin. -->","yoast_head_json":{"title":"Fotograf Hochzeit Thasos, Video und mehr | The Dreammakers","description":"Fotograf Hochzeit Thasos. Komplette Hochzeits- und Videoaufzeichnungspakete f\u00fcr Ihre Traumhochzeit auf Kreta. Die Dreammakers Fotografie. Buchen Sie jetzt.","robots":{"index":"index","follow":"follow","max-snippet":"max-snippet:-1","max-image-preview":"max-image-preview:large","max-video-preview":"max-video-preview:-1"},"canonical":"https:\/\/thedreammakers.gr\/de\/fotograf-hochzeit-thasos\/","og_locale":"de_DE","og_type":"article","og_title":"Fotograf Hochzeit Thasos, Video und mehr | The Dreammakers","og_description":"Fotograf Hochzeit Thasos. Komplette Hochzeits- und Videoaufzeichnungspakete f\u00fcr Ihre Traumhochzeit auf Kreta. Die Dreammakers Fotografie. Buchen Sie jetzt.","og_url":"https:\/\/thedreammakers.gr\/de\/fotograf-hochzeit-thasos\/","og_site_name":"The Dreammakers","article_publisher":"https:\/\/www.facebook.com\/thedreammakersgreece\/","article_modified_time":"2018-10-12T07:24:09+00:00","twitter_card":"summary_large_image","twitter_misc":{"Gesch\u00e4tzte Lesezeit":"5\u00a0Minuten"},"schema":{"@context":"https:\/\/schema.org","@graph":[{"@type":"WebPage","@id":"https:\/\/thedreammakers.gr\/de\/fotograf-hochzeit-thasos\/","url":"https:\/\/thedreammakers.gr\/de\/fotograf-hochzeit-thasos\/","name":"Fotograf Hochzeit Thasos, Video und mehr | The Dreammakers","isPartOf":{"@id":"https:\/\/thedreammakers.gr\/de\/#website"},"datePublished":"2018-02-08T08:52:00+00:00","dateModified":"2018-10-12T07:24:09+00:00","description":"Fotograf Hochzeit Thasos. Komplette Hochzeits- und Videoaufzeichnungspakete f\u00fcr Ihre Traumhochzeit auf Kreta. Die Dreammakers Fotografie. Buchen Sie jetzt.","breadcrumb":{"@id":"https:\/\/thedreammakers.gr\/de\/fotograf-hochzeit-thasos\/#breadcrumb"},"inLanguage":"de","potentialAction":[{"@type":"ReadAction","target":["https:\/\/thedreammakers.gr\/de\/fotograf-hochzeit-thasos\/"]}]},{"@type":"BreadcrumbList","@id":"https:\/\/thedreammakers.gr\/de\/fotograf-hochzeit-thasos\/#breadcrumb","itemListElement":[{"@type":"ListItem","position":1,"name":"Home","item":"https:\/\/thedreammakers.gr\/de\/"},{"@type":"ListItem","position":2,"name":"HOCHZEITSFOTOGRAFIE THASOS"}]},{"@type":"WebSite","@id":"https:\/\/thedreammakers.gr\/de\/#website","url":"https:\/\/thedreammakers.gr\/de\/","name":"The Dreammakers","description":"Dream Wedding in Greece","publisher":{"@id":"https:\/\/thedreammakers.gr\/de\/#organization"},"potentialAction":[{"@type":"SearchAction","target":{"@type":"EntryPoint","urlTemplate":"https:\/\/thedreammakers.gr\/de\/?s={search_term_string}"},"query-input":{"@type":"PropertyValueSpecification","valueRequired":true,"valueName":"search_term_string"}}],"inLanguage":"de"},{"@type":"Organization","@id":"https:\/\/thedreammakers.gr\/de\/#organization","name":"The Dreammakers","url":"https:\/\/thedreammakers.gr\/de\/","logo":{"@type":"ImageObject","inLanguage":"de","@id":"https:\/\/thedreammakers.gr\/de\/#\/schema\/logo\/image\/","url":"https:\/\/thedreammakers.gr\/wp-content\/uploads\/2017\/11\/website2.png","contentUrl":"https:\/\/thedreammakers.gr\/wp-content\/uploads\/2017\/11\/website2.png","width":400,"height":238,"caption":"The Dreammakers"},"image":{"@id":"https:\/\/thedreammakers.gr\/de\/#\/schema\/logo\/image\/"},"sameAs":["https:\/\/www.facebook.com\/thedreammakersgreece\/","https:\/\/www.instagram.com\/thedreammakers_greece\/"]}]}},"_links":{"self":[{"href":"https:\/\/thedreammakers.gr\/de\/wp-json\/wp\/v2\/pages\/6147","targetHints":{"allow":["GET"]}}],"collection":[{"href":"https:\/\/thedreammakers.gr\/de\/wp-json\/wp\/v2\/pages"}],"about":[{"href":"https:\/\/thedreammakers.gr\/de\/wp-json\/wp\/v2\/types\/page"}],"author":[{"embeddable":true,"href":"https:\/\/thedreammakers.gr\/de\/wp-json\/wp\/v2\/users\/1"}],"replies":[{"embeddable":true,"href":"https:\/\/thedreammakers.gr\/de\/wp-json\/wp\/v2\/comments?post=6147"}],"version-history":[{"count":4,"href":"https:\/\/thedreammakers.gr\/de\/wp-json\/wp\/v2\/pages\/6147\/revisions"}],"predecessor-version":[{"id":6151,"href":"https:\/\/thedreammakers.gr\/de\/wp-json\/wp\/v2\/pages\/6147\/revisions\/6151"}],"wp:attachment":[{"href":"https:\/\/thedreammakers.gr\/de\/wp-json\/wp\/v2\/media?parent=6147"}],"curies":[{"name":"wp","href":"https:\/\/api.w.org\/{rel}","templated":true}]}}