{"id":6129,"date":"2018-05-21T06:44:50","date_gmt":"2018-05-21T06:44:50","guid":{"rendered":"http:\/\/thedreammakers.gr\/%cf%86%cf%89%cf%84%ce%bf%ce%b3%cf%81%ce%ac%cf%86%ce%bf%cf%82-%ce%b3%ce%ac%ce%bc%ce%bf%cf%85-%cf%87%ce%b1%ce%bb%ce%ba%ce%b9%ce%b4%ce%b9%ce%ba%ce%ae\/"},"modified":"2018-10-11T13:53:54","modified_gmt":"2018-10-11T10:53:54","slug":"fotograf-hochzeit-chalkidiki","status":"publish","type":"page","link":"https:\/\/thedreammakers.gr\/de\/fotograf-hochzeit-chalkidiki\/","title":{"rendered":"HOCHZEITSFOTOGRAFIE CHALKIDIKI"},"content":{"rendered":"<div  class=\" standard_wrapper ppb_popup one \" style=\"padding:60px 0 60px 0;\" >\n<div class=\"page_content_wrapper\">\n<div class=\"inner\">\n<div class=\"overlay_gallery_wrapper\" style=\"text-align:left;background:;\">\n<div class=\"overlay_gallery_border\" style=\"\">\n<div class=\"overlay_gallery_content\">\n<h2 class=\"ppb_title\" style=\"\">HOCHZEITSFOTOGRAFIE CHALKIDIKI,VIDEO UND MEHR<\/h2>\n<\/div>\n<\/div>\n<\/div>\n<\/div>\n<\/div>\n<\/div>\n<div  class=\"one withsmallpadding ppb_text\" style=\"padding:30px 0 30px 0;\" >\n<div class=\"standard_wrapper\">\n<div class=\"page_content_wrapper\">\n<div class=\"inner\">\n<div style=\"margin:auto;width:100%\">\n<h1 style=\"text-align: center;\">HOCHZEITSFOTOGRAF CHALKIDIKI,VIDEO UND MEHR<\/h1>\n<\/div>\n<\/div>\n<\/div>\n<\/div>\n<\/div>\n<div  class=\"one withsmallpadding ppb_text\" style=\"padding:30px 0 30px 0;\" >\n<div class=\"standard_wrapper\">\n<div class=\"page_content_wrapper\">\n<div class=\"inner\">\n<div style=\"margin:auto;width:100%\">\n<p style=\"text-align: center;\">Hallo,<\/p>\n<p style=\"text-align: center;\">Wir sind die Dreammakers.<\/p>\n<p style=\"text-align: center;\">Wir bieten fantastische <strong><a href=\"http:\/\/thedreammakers.gr\/de\/hochzeitsfotografie\/\">Hochzeitsfotos<\/a> <\/strong>und <a href=\"http:\/\/thedreammakers.gr\/de\/hochzeitsvideo\/\"><strong>Videoaufnahme<\/strong><\/a> f\u00fcr ihre Hochzeit in Kreta an.<\/p>\n<p style=\"text-align: center;\">Weil wir den Ort sehr gut kennen, k\u00f6nnen wir sie bei der Wahl an K\u00fcstengelegene Orte wie Chalkidiki helfen.<\/p>\n<p style=\"text-align: center;\">Au\u00dferdem machen wir Paarfotografie f\u00fcr die Flitterwochen auf Chalkidiki .<\/p>\n<p style=\"text-align: center;\">Wenn sie entweder in Neo Marmara, in Nikiti, in Sani oder auch in irgendeinen Berggebiet heiraten, sind wir sicher, dass wir den idealen Ort f\u00fcr ihre Hochzeitsfotografie in Chalkidiki kennen.<\/p>\n<p style=\"text-align: center;\">Wenn wir ehrlich sein wollen, m\u00f6chten wir gerne ihre Hochzeitsfotos und Hochzeitsvideo machen.<\/p>\n<p style=\"text-align: center;\">Genauer gesagt, sind wir in der Hochzeitsfotografie und Videoaufnahme an sch\u00f6ne K\u00fcstengelegene Orte wie in Chalkidiki spezialisiert.<\/p>\n<p style=\"text-align: center;\">Au\u00dferdem bieten wir vollst\u00e4ndige Hochzeitspakete an.<\/p>\n<\/div>\n<\/div>\n<\/div>\n<\/div>\n<\/div>\n<div  class=\"one withsmallpadding ppb_text\" style=\"padding:30px;\" >\n<div style=\"padding: 56.25% 0 0 0; position: relative;\"><iframe style=\"position: absolute; top: 0; left: 0; width: 100%; height: 100%;\" src=\"https:\/\/player.vimeo.com\/video\/256100006?title=0&#038;byline=0&#038;portrait=0\" frameborder=\"0\" allowfullscreen=\"allowfullscreen\"><\/iframe><\/div>\n<p><script src=\"https:\/\/player.vimeo.com\/api\/player.js\"><\/script><\/p>\n<\/div>\n<div  class=\"one withsmallpadding ppb_header \" style=\"text-align:left;padding:30px 0 30px 0;\" >\n<div class=\"standard_wrapper\">\n<div class=\"page_content_wrapper\">\n<div class=\"inner\">\n<div style=\"margin:auto;width:100%\">\n<h2 class=\"ppb_title\" style=\"\">HOCHZEITSGRUPPE Chalkidiki <\/h2>\n<hr class=\"title_break left\" style=\"\"\/>\n<div class=\"ppb_header_content\">\n<p><em>Wir <\/em>sind die<em> the Dreammakers.<\/em><br \/>\n<em>Wir sind eine Gruppe Fotografen und Videografen Make-up Artist und Hochzeitsplanern.<\/em><\/p>\n<\/div>\n<\/div>\n<\/div>\n<\/div>\n<\/div>\n<\/div>\n<div  class=\"one withsmallpadding ppb_header \" style=\"text-align:left;padding:30px 0 30px 0;\" >\n<div class=\"standard_wrapper\">\n<div class=\"page_content_wrapper\">\n<div class=\"inner\">\n<div style=\"margin:auto;width:100%\">\n<h2 class=\"ppb_title\" style=\"\">HOCHZEITSGRUPPE Chalkidiki <\/h2>\n<hr class=\"title_break left\" style=\"\"\/>\n<div class=\"ppb_header_content\">\n<p><em>Wir <\/em>sind die<em> the Dreammakers.<\/em><br \/>\n<em>Wir sind eine Gruppe Fotografen und Videografen Make-up Artist und Hochzeitsplanern.<\/em><\/p>\n<\/div>\n<\/div>\n<\/div>\n<\/div>\n<\/div>\n<\/div>\n<div  class=\"one withsmallpadding ppb_text\" style=\"padding:30px 0 30px 0;\" >\n<div class=\"standard_wrapper\">\n<div class=\"page_content_wrapper\">\n<div class=\"inner\">\n<div style=\"margin:auto;width:100%\">\n<p style=\"text-align: center;\"><a href=\"http:\/\/thedreammakers.gr\/de\/bezueglich-mit-uns\/\"><strong>Unsere Gruppe<\/strong><\/a> besteht aus Hochzeitsfotografen, Filmproduzenten, Kameramann f\u00fcr Hochzeitsvideoaufnahmen, Hochzeitsplaner mit Sitz auf Kreta und anderen talentierten Personen die, die perfekte Gruppe vollenden.<\/p>\n<p style=\"text-align: center;\">In Wirklichkeit machen wir unsere Arbeit mit Leidenschaft.<\/p>\n<p style=\"text-align: center;\">Wir lieben, das was wir machen und das spiegelt sich in unsere Arbeit wider.<\/p>\n<p style=\"text-align: center;\">Wir hoffen ihre Hochzeitsfotos zu machen.<\/p>\n<p style=\"text-align: center;\">In Wirklichkeit ist Kreta ein Paradies f\u00fcr Fotografen wie wir es sind.<\/p>\n<p style=\"text-align: center;\">Wenn wir ehrlich sein wollen, haben wir viele Hochzeitsfotos an den sch\u00f6nsten Orten am Meer gemacht.<\/p>\n<p style=\"text-align: center;\">Wir haben auch viele Fotos auf diesen Ort gemacht.<\/p>\n<p style=\"text-align: center;\">Daher k\u00f6nnen wir ihnen die besten Orte f\u00fcr ihre Hochzeitsfotografie auf Kreta vorschlagen.<\/p>\n<p style=\"text-align: center;\">Ebenfalls \u00fcbernehmen wir die Bef\u00f6rderung von und ab dem Ort f\u00fcr ihre Hochzeitsfotografie, den sie w\u00e4hlen.<\/p>\n<p style=\"text-align: center;\">L\u00e4cheln und genie\u00dfen sie einen Fotospaziergang an die himmelblauen Str\u00e4nden und der exotischer Sch\u00f6nheit die Chalkidiki anbietet.<\/p>\n<p style=\"text-align: center;\">Werfen sie einen Blick auf unsere Hochzeitsgalerie.<\/p>\n<\/div>\n<\/div>\n<\/div>\n<\/div>\n<\/div>\n<div  class=\"one withsmallpadding ppb_text\" style=\"padding:30px 0 30px 0;\" >\n<div class=\"standard_wrapper\">\n<div class=\"page_content_wrapper\">\n<div class=\"inner\">\n<div style=\"margin:auto;width:100%\">\n<p style=\"text-align: center;\"><a href=\"http:\/\/thedreammakers.gr\/de\/bezueglich-mit-uns\/\"><strong>Unsere Gruppe<\/strong><\/a> besteht aus Hochzeitsfotografen, Filmproduzenten, Kameramann f\u00fcr Hochzeitsvideoaufnahmen, Hochzeitsplaner mit Sitz auf Kreta und anderen talentierten Personen die, die perfekte Gruppe vollenden.<\/p>\n<p style=\"text-align: center;\">In Wirklichkeit machen wir unsere Arbeit mit Leidenschaft.<\/p>\n<p style=\"text-align: center;\">Wir lieben, das was wir machen und das spiegelt sich in unsere Arbeit wider.<\/p>\n<p style=\"text-align: center;\">Wir hoffen ihre Hochzeitsfotos zu machen.<\/p>\n<p style=\"text-align: center;\">In Wirklichkeit ist Kreta ein Paradies f\u00fcr Fotografen wie wir es sind.<\/p>\n<p style=\"text-align: center;\">Wenn wir ehrlich sein wollen, haben wir viele Hochzeitsfotos an den sch\u00f6nsten Orten am Meer gemacht.<\/p>\n<p style=\"text-align: center;\">Wir haben auch viele Fotos auf diesen Ort gemacht.<\/p>\n<p style=\"text-align: center;\">Daher k\u00f6nnen wir ihnen die besten Orte f\u00fcr ihre Hochzeitsfotografie auf Kreta vorschlagen.<\/p>\n<p style=\"text-align: center;\">Ebenfalls \u00fcbernehmen wir die Bef\u00f6rderung von und ab dem Ort f\u00fcr ihre Hochzeitsfotografie, den sie w\u00e4hlen.<\/p>\n<p style=\"text-align: center;\">L\u00e4cheln und genie\u00dfen sie einen Fotospaziergang an die himmelblauen Str\u00e4nden und der exotischer Sch\u00f6nheit die Chalkidiki anbietet.<\/p>\n<p style=\"text-align: center;\">Werfen sie einen Blick auf unsere Hochzeitsgalerie.<\/p>\n<\/div>\n<\/div>\n<\/div>\n<\/div>\n<\/div>\n<div class=\"standard_wrapper\">\n<div  class=\"one_third withsmallpadding ppb_header \" style=\"text-align:left;padding:30px 0 30px 0;\" >\n<div class=\"page_content_wrapper\">\n<div class=\"inner\">\n<div style=\"margin:auto;width:100%\">\n<h2 class=\"ppb_title\" style=\"\">HOCHZEIT IN CHALKIDIKI<\/h2>\n<hr class=\"title_break left\" style=\"\"\/>\n<div class=\"ppb_header_content\">\n<p>Es gibt keinen Ort wie Chalkidiki<\/p>\n<\/div>\n<\/div>\n<\/div>\n<\/div>\n<\/div>\n<\/div>\n<div class=\"standard_wrapper\">\n<div  class=\"one_third withsmallpadding ppb_text\" style=\"padding:30px 0 30px 0;\" >\n<div class=\"standard_wrapper\">\n<div class=\"page_content_wrapper\">\n<div class=\"inner\">\n<div style=\"margin:auto;width:100%\">\n<p>Chalkidiki ist in den letzten Jahren ein beliebter Hochzeitsbestimmungsort in Griechenland geworden. Vielleicht haben sie bemerkt, dass viele Leute speziell am Sommer am Meergelegene Orte heiraten. Die meisten Paare, die Griechenland als Hochzeitsbestimmungsort w\u00e4hlen, machen ihre Hochzeit auf eine Insel oder in einem Ort mit gro\u00dfer K\u00fcstenlinie genau wie Chalkidiki.<\/p>\n<\/div>\n<\/div>\n<\/div>\n<\/div>\n<\/div>\n<\/div>\n<div class=\"standard_wrapper\">\n<div  class=\"one_third last withsmallpadding ppb_text\" style=\"padding:30px 0 30px 0;\" >\n<div class=\"standard_wrapper\">\n<div class=\"page_content_wrapper\">\n<div class=\"inner\">\n<div style=\"margin:auto;width:100%\">\n<p>Geformt wie der Dreizack Poseidons und herauskommend aus der \u00c4g\u00e4is, ist Chalkidiki eine Vision f\u00fcr die Besucher. Reiche gr\u00fcne W\u00e4lder \u00a0die bis zum Strand reichen und \u00a0goldenes Sonnenlicht das sich auf das gr\u00fcnblaue Meer widerspiegelt. Der traditionelle Stil mit reicher gastronomische und kulturelle Erbschaft, unendliche Ufern, einzigartige architektonische Orte, ausgezeichnet erhaltene christliche Denkmale und zahlreiche unerforschte Sch\u00e4tze f\u00fcgen den reichen Pinselstrich im einzigartigen Gem\u00e4lde Chalkidikis zu.<\/p>\n<\/div>\n<\/div>\n<\/div>\n<\/div>\n<\/div>\n<\/div>\n<div class=\"standard_wrapper\">\n<div  class=\"one_third last withsmallpadding ppb_text\" style=\"padding:30px 0 30px 0;\" >\n<div class=\"standard_wrapper\">\n<div class=\"page_content_wrapper\">\n<div class=\"inner\">\n<div style=\"margin:auto;width:100%\">\n<p>Geformt wie der Dreizack Poseidons und herauskommend aus der \u00c4g\u00e4is, ist Chalkidiki eine Vision f\u00fcr die Besucher. Reiche gr\u00fcne W\u00e4lder \u00a0die bis zum Strand reichen und \u00a0goldenes Sonnenlicht das sich auf das gr\u00fcnblaue Meer widerspiegelt. Der traditionelle Stil mit reicher gastronomische und kulturelle Erbschaft, unendliche Ufern, einzigartige architektonische Orte, ausgezeichnet erhaltene christliche Denkmale und zahlreiche unerforschte Sch\u00e4tze f\u00fcgen den reichen Pinselstrich im einzigartigen Gem\u00e4lde Chalkidikis zu.<\/p>\n<\/div>\n<\/div>\n<\/div>\n<\/div>\n<\/div>\n<\/div>\n<div  class=\"one withsmallpadding ppb_header \" style=\"text-align:left;padding:30px 0 30px 0;\" >\n<div class=\"standard_wrapper\">\n<div class=\"page_content_wrapper\">\n<div class=\"inner\">\n<div style=\"margin:auto;width:100%\">\n<h2 class=\"ppb_title\" style=\"\">HOCHZEITSIDEEN IN CHALKIDIKI <\/h2>\n<\/div>\n<\/div>\n<\/div>\n<\/div>\n<\/div>\n<div  class=\"one withsmallpadding ppb_text\" style=\"padding:30px 0 30px 0;\" >\n<div class=\"standard_wrapper\">\n<div class=\"page_content_wrapper\">\n<div class=\"inner\">\n<div style=\"margin:auto;width:100%\">\n<p style=\"text-align: center;\">Zuerst werfen sie einen Blick auf die fantastischen Orte in Chalkidiki f\u00fcr ihre Hochzeitsfotografie.<\/p>\n<p style=\"text-align: center;\">Sehr wahrscheinlich umfassen sie sch\u00f6ne Str\u00e4nde, wie der Strand Posidi, Toroni oder der Strand Nikiti.<\/p>\n<p style=\"text-align: center;\">Au\u00dferdem, ist Kavourotripes ein beliebter Bestimmungsort f\u00fcr die Besucher der Halbinsel.<\/p>\n<p style=\"text-align: center;\">In Wirklichkeit gibt es viele einzigartige Orte, die das Antike mit dem Meer und der Natur kombinieren. Antike Sehensw\u00fcrdigkeiten umfassen Antike Olyntho, Stagira der Geburtsort Aristotelis und nat\u00fcrlich Agio Oros ein einzigartiges christliches Denkmal.<\/p>\n<p style=\"text-align: center;\">Zwischen den berauschenden Mischung aus blau und gr\u00fcn findet der Besucher gro\u00dfe Hoteleinrichtungen, die nach den h\u00f6chsten Qualit\u00e4tsstandards gebaut sind.<\/p>\n<p style=\"text-align: center;\">Egal wo sie heiraten m\u00f6chten, wir wollen ihre Hochzeitsplane h\u00f6ren, um sie zu verwirklichen.<\/p>\n<p style=\"text-align: center;\">Kommen sie in Verbindung mit uns mit der unteren Form und wir werden eine Hochzeitsfotografie nach ihrem Budget anpassen.<\/p>\n<\/div>\n<\/div>\n<\/div>\n<\/div>\n<\/div>\n<div  class=\"one withsmallpadding ppb_text\" style=\"padding:30px 0 30px 0;\" >\n<div class=\"standard_wrapper\">\n<div class=\"page_content_wrapper\">\n<div class=\"inner\">\n<div style=\"margin:auto;width:100%\">\n<p style=\"text-align: center;\">Zuerst werfen sie einen Blick auf die fantastischen Orte in Chalkidiki f\u00fcr ihre Hochzeitsfotografie.<\/p>\n<p style=\"text-align: center;\">Sehr wahrscheinlich umfassen sie sch\u00f6ne Str\u00e4nde, wie der Strand Posidi, Toroni oder der Strand Nikiti.<\/p>\n<p style=\"text-align: center;\">Au\u00dferdem, ist Kavourotripes ein beliebter Bestimmungsort f\u00fcr die Besucher der Halbinsel.<\/p>\n<p style=\"text-align: center;\">In Wirklichkeit gibt es viele einzigartige Orte, die das Antike mit dem Meer und der Natur kombinieren. Antike Sehensw\u00fcrdigkeiten umfassen Antike Olyntho, Stagira der Geburtsort Aristotelis und nat\u00fcrlich Agio Oros ein einzigartiges christliches Denkmal.<\/p>\n<p style=\"text-align: center;\">Zwischen den berauschenden Mischung aus blau und gr\u00fcn findet der Besucher gro\u00dfe Hoteleinrichtungen, die nach den h\u00f6chsten Qualit\u00e4tsstandards gebaut sind.<\/p>\n<p style=\"text-align: center;\">Egal wo sie heiraten m\u00f6chten, wir wollen ihre Hochzeitsplane h\u00f6ren, um sie zu verwirklichen.<\/p>\n<p style=\"text-align: center;\">Kommen sie in Verbindung mit uns mit der unteren Form und wir werden eine Hochzeitsfotografie nach ihrem Budget anpassen.<\/p>\n<\/div>\n<\/div>\n<\/div>\n<\/div>\n<\/div>\n<div  class=\"one withsmallpadding ppb_text\" style=\"padding:30px 0 30px 0;\" >\n<div class=\"standard_wrapper\">\n<div class=\"page_content_wrapper\">\n<div class=\"inner\">\n<div style=\"margin:auto;width:100%\">\n<p style=\"text-align: center;\">Zuerst werfen sie einen Blick auf die fantastischen Orte in Chalkidiki f\u00fcr ihre Hochzeitsfotografie.<\/p>\n<p style=\"text-align: center;\">Sehr wahrscheinlich umfassen sie sch\u00f6ne Str\u00e4nde, wie der Strand Posidi, Toroni oder der Strand Nikiti.<\/p>\n<p style=\"text-align: center;\">Au\u00dferdem, ist Kavourotripes ein beliebter Bestimmungsort f\u00fcr die Besucher der Halbinsel.<\/p>\n<p style=\"text-align: center;\">In Wirklichkeit gibt es viele einzigartige Orte, die das Antike mit dem Meer und der Natur kombinieren. Antike Sehensw\u00fcrdigkeiten umfassen Antike Olyntho, Stagira der Geburtsort Aristotelis und nat\u00fcrlich Agio Oros ein einzigartiges christliches Denkmal.<\/p>\n<p style=\"text-align: center;\">Zwischen den berauschenden Mischung aus blau und gr\u00fcn findet der Besucher gro\u00dfe Hoteleinrichtungen, die nach den h\u00f6chsten Qualit\u00e4tsstandards gebaut sind.<\/p>\n<p style=\"text-align: center;\">Egal wo sie heiraten m\u00f6chten, wir wollen ihre Hochzeitsplane h\u00f6ren, um sie zu verwirklichen.<\/p>\n<p style=\"text-align: center;\">Kommen sie in Verbindung mit uns mit der unteren Form und wir werden eine Hochzeitsfotografie nach ihrem Budget anpassen.<\/p>\n<\/div>\n<\/div>\n<\/div>\n<\/div>\n<\/div>\n","protected":false},"excerpt":{"rendered":"","protected":false},"author":1,"featured_media":0,"parent":0,"menu_order":0,"comment_status":"closed","ping_status":"closed","template":"","meta":{"footnotes":""},"class_list":["post-6129","page","type-page","status-publish","hentry"],"yoast_head":"<!-- This site is optimized with the Yoast SEO plugin v27.4 - https:\/\/yoast.com\/product\/yoast-seo-wordpress\/ -->\n<title>Fotograf Hochzeit Chalkidiki, Video und mehr | The Dreammakers<\/title>\n<meta name=\"description\" content=\"Fotograf Hochzeit Chalkidiki. Komplette Hochzeit und Videoaufnahmen f\u00fcr Ihre Traumhochzeit in Chalkidiki. Buchen Sie jetzt.\" \/>\n<meta name=\"robots\" content=\"index, follow, max-snippet:-1, max-image-preview:large, max-video-preview:-1\" \/>\n<link rel=\"canonical\" href=\"https:\/\/thedreammakers.gr\/de\/fotograf-hochzeit-chalkidiki\/\" \/>\n<meta property=\"og:locale\" content=\"de_DE\" \/>\n<meta property=\"og:type\" content=\"article\" \/>\n<meta property=\"og:title\" content=\"Fotograf Hochzeit Chalkidiki, Video und mehr | The Dreammakers\" \/>\n<meta property=\"og:description\" content=\"Fotograf Hochzeit Chalkidiki. Komplette Hochzeit und Videoaufnahmen f\u00fcr Ihre Traumhochzeit in Chalkidiki. Buchen Sie jetzt.\" \/>\n<meta property=\"og:url\" content=\"https:\/\/thedreammakers.gr\/de\/fotograf-hochzeit-chalkidiki\/\" \/>\n<meta property=\"og:site_name\" content=\"The Dreammakers\" \/>\n<meta property=\"article:publisher\" content=\"https:\/\/www.facebook.com\/thedreammakersgreece\/\" \/>\n<meta property=\"article:modified_time\" content=\"2018-10-11T10:53:54+00:00\" \/>\n<meta name=\"twitter:card\" content=\"summary_large_image\" \/>\n<meta name=\"twitter:label1\" content=\"Gesch\u00e4tzte Lesezeit\" \/>\n\t<meta name=\"twitter:data1\" content=\"6\u00a0Minuten\" \/>\n<script type=\"application\/ld+json\" class=\"yoast-schema-graph\">{\"@context\":\"https:\\\/\\\/schema.org\",\"@graph\":[{\"@type\":\"WebPage\",\"@id\":\"https:\\\/\\\/thedreammakers.gr\\\/de\\\/fotograf-hochzeit-chalkidiki\\\/\",\"url\":\"https:\\\/\\\/thedreammakers.gr\\\/de\\\/fotograf-hochzeit-chalkidiki\\\/\",\"name\":\"Fotograf Hochzeit Chalkidiki, Video und mehr | The Dreammakers\",\"isPartOf\":{\"@id\":\"https:\\\/\\\/thedreammakers.gr\\\/de\\\/#website\"},\"datePublished\":\"2018-05-21T06:44:50+00:00\",\"dateModified\":\"2018-10-11T10:53:54+00:00\",\"description\":\"Fotograf Hochzeit Chalkidiki. Komplette Hochzeit und Videoaufnahmen f\u00fcr Ihre Traumhochzeit in Chalkidiki. Buchen Sie jetzt.\",\"breadcrumb\":{\"@id\":\"https:\\\/\\\/thedreammakers.gr\\\/de\\\/fotograf-hochzeit-chalkidiki\\\/#breadcrumb\"},\"inLanguage\":\"de\",\"potentialAction\":[{\"@type\":\"ReadAction\",\"target\":[\"https:\\\/\\\/thedreammakers.gr\\\/de\\\/fotograf-hochzeit-chalkidiki\\\/\"]}]},{\"@type\":\"BreadcrumbList\",\"@id\":\"https:\\\/\\\/thedreammakers.gr\\\/de\\\/fotograf-hochzeit-chalkidiki\\\/#breadcrumb\",\"itemListElement\":[{\"@type\":\"ListItem\",\"position\":1,\"name\":\"Home\",\"item\":\"https:\\\/\\\/thedreammakers.gr\\\/de\\\/\"},{\"@type\":\"ListItem\",\"position\":2,\"name\":\"HOCHZEITSFOTOGRAFIE CHALKIDIKI\"}]},{\"@type\":\"WebSite\",\"@id\":\"https:\\\/\\\/thedreammakers.gr\\\/de\\\/#website\",\"url\":\"https:\\\/\\\/thedreammakers.gr\\\/de\\\/\",\"name\":\"The Dreammakers\",\"description\":\"Dream Wedding in Greece\",\"publisher\":{\"@id\":\"https:\\\/\\\/thedreammakers.gr\\\/de\\\/#organization\"},\"potentialAction\":[{\"@type\":\"SearchAction\",\"target\":{\"@type\":\"EntryPoint\",\"urlTemplate\":\"https:\\\/\\\/thedreammakers.gr\\\/de\\\/?s={search_term_string}\"},\"query-input\":{\"@type\":\"PropertyValueSpecification\",\"valueRequired\":true,\"valueName\":\"search_term_string\"}}],\"inLanguage\":\"de\"},{\"@type\":\"Organization\",\"@id\":\"https:\\\/\\\/thedreammakers.gr\\\/de\\\/#organization\",\"name\":\"The Dreammakers\",\"url\":\"https:\\\/\\\/thedreammakers.gr\\\/de\\\/\",\"logo\":{\"@type\":\"ImageObject\",\"inLanguage\":\"de\",\"@id\":\"https:\\\/\\\/thedreammakers.gr\\\/de\\\/#\\\/schema\\\/logo\\\/image\\\/\",\"url\":\"https:\\\/\\\/thedreammakers.gr\\\/wp-content\\\/uploads\\\/2017\\\/11\\\/website2.png\",\"contentUrl\":\"https:\\\/\\\/thedreammakers.gr\\\/wp-content\\\/uploads\\\/2017\\\/11\\\/website2.png\",\"width\":400,\"height\":238,\"caption\":\"The Dreammakers\"},\"image\":{\"@id\":\"https:\\\/\\\/thedreammakers.gr\\\/de\\\/#\\\/schema\\\/logo\\\/image\\\/\"},\"sameAs\":[\"https:\\\/\\\/www.facebook.com\\\/thedreammakersgreece\\\/\",\"https:\\\/\\\/www.instagram.com\\\/thedreammakers_greece\\\/\"]}]}<\/script>\n<!-- \/ Yoast SEO plugin. -->","yoast_head_json":{"title":"Fotograf Hochzeit Chalkidiki, Video und mehr | The Dreammakers","description":"Fotograf Hochzeit Chalkidiki. Komplette Hochzeit und Videoaufnahmen f\u00fcr Ihre Traumhochzeit in Chalkidiki. Buchen Sie jetzt.","robots":{"index":"index","follow":"follow","max-snippet":"max-snippet:-1","max-image-preview":"max-image-preview:large","max-video-preview":"max-video-preview:-1"},"canonical":"https:\/\/thedreammakers.gr\/de\/fotograf-hochzeit-chalkidiki\/","og_locale":"de_DE","og_type":"article","og_title":"Fotograf Hochzeit Chalkidiki, Video und mehr | The Dreammakers","og_description":"Fotograf Hochzeit Chalkidiki. Komplette Hochzeit und Videoaufnahmen f\u00fcr Ihre Traumhochzeit in Chalkidiki. Buchen Sie jetzt.","og_url":"https:\/\/thedreammakers.gr\/de\/fotograf-hochzeit-chalkidiki\/","og_site_name":"The Dreammakers","article_publisher":"https:\/\/www.facebook.com\/thedreammakersgreece\/","article_modified_time":"2018-10-11T10:53:54+00:00","twitter_card":"summary_large_image","twitter_misc":{"Gesch\u00e4tzte Lesezeit":"6\u00a0Minuten"},"schema":{"@context":"https:\/\/schema.org","@graph":[{"@type":"WebPage","@id":"https:\/\/thedreammakers.gr\/de\/fotograf-hochzeit-chalkidiki\/","url":"https:\/\/thedreammakers.gr\/de\/fotograf-hochzeit-chalkidiki\/","name":"Fotograf Hochzeit Chalkidiki, Video und mehr | The Dreammakers","isPartOf":{"@id":"https:\/\/thedreammakers.gr\/de\/#website"},"datePublished":"2018-05-21T06:44:50+00:00","dateModified":"2018-10-11T10:53:54+00:00","description":"Fotograf Hochzeit Chalkidiki. Komplette Hochzeit und Videoaufnahmen f\u00fcr Ihre Traumhochzeit in Chalkidiki. Buchen Sie jetzt.","breadcrumb":{"@id":"https:\/\/thedreammakers.gr\/de\/fotograf-hochzeit-chalkidiki\/#breadcrumb"},"inLanguage":"de","potentialAction":[{"@type":"ReadAction","target":["https:\/\/thedreammakers.gr\/de\/fotograf-hochzeit-chalkidiki\/"]}]},{"@type":"BreadcrumbList","@id":"https:\/\/thedreammakers.gr\/de\/fotograf-hochzeit-chalkidiki\/#breadcrumb","itemListElement":[{"@type":"ListItem","position":1,"name":"Home","item":"https:\/\/thedreammakers.gr\/de\/"},{"@type":"ListItem","position":2,"name":"HOCHZEITSFOTOGRAFIE CHALKIDIKI"}]},{"@type":"WebSite","@id":"https:\/\/thedreammakers.gr\/de\/#website","url":"https:\/\/thedreammakers.gr\/de\/","name":"The Dreammakers","description":"Dream Wedding in Greece","publisher":{"@id":"https:\/\/thedreammakers.gr\/de\/#organization"},"potentialAction":[{"@type":"SearchAction","target":{"@type":"EntryPoint","urlTemplate":"https:\/\/thedreammakers.gr\/de\/?s={search_term_string}"},"query-input":{"@type":"PropertyValueSpecification","valueRequired":true,"valueName":"search_term_string"}}],"inLanguage":"de"},{"@type":"Organization","@id":"https:\/\/thedreammakers.gr\/de\/#organization","name":"The Dreammakers","url":"https:\/\/thedreammakers.gr\/de\/","logo":{"@type":"ImageObject","inLanguage":"de","@id":"https:\/\/thedreammakers.gr\/de\/#\/schema\/logo\/image\/","url":"https:\/\/thedreammakers.gr\/wp-content\/uploads\/2017\/11\/website2.png","contentUrl":"https:\/\/thedreammakers.gr\/wp-content\/uploads\/2017\/11\/website2.png","width":400,"height":238,"caption":"The Dreammakers"},"image":{"@id":"https:\/\/thedreammakers.gr\/de\/#\/schema\/logo\/image\/"},"sameAs":["https:\/\/www.facebook.com\/thedreammakersgreece\/","https:\/\/www.instagram.com\/thedreammakers_greece\/"]}]}},"_links":{"self":[{"href":"https:\/\/thedreammakers.gr\/de\/wp-json\/wp\/v2\/pages\/6129","targetHints":{"allow":["GET"]}}],"collection":[{"href":"https:\/\/thedreammakers.gr\/de\/wp-json\/wp\/v2\/pages"}],"about":[{"href":"https:\/\/thedreammakers.gr\/de\/wp-json\/wp\/v2\/types\/page"}],"author":[{"embeddable":true,"href":"https:\/\/thedreammakers.gr\/de\/wp-json\/wp\/v2\/users\/1"}],"replies":[{"embeddable":true,"href":"https:\/\/thedreammakers.gr\/de\/wp-json\/wp\/v2\/comments?post=6129"}],"version-history":[{"count":4,"href":"https:\/\/thedreammakers.gr\/de\/wp-json\/wp\/v2\/pages\/6129\/revisions"}],"predecessor-version":[{"id":6133,"href":"https:\/\/thedreammakers.gr\/de\/wp-json\/wp\/v2\/pages\/6129\/revisions\/6133"}],"wp:attachment":[{"href":"https:\/\/thedreammakers.gr\/de\/wp-json\/wp\/v2\/media?parent=6129"}],"curies":[{"name":"wp","href":"https:\/\/api.w.org\/{rel}","templated":true}]}}