{"id":6123,"date":"2018-05-28T06:52:31","date_gmt":"2018-05-28T06:52:31","guid":{"rendered":"http:\/\/thedreammakers.gr\/%cf%86%cf%89%cf%84%ce%bf%ce%b3%cf%81%ce%b1%cf%86%ce%b9%cf%83%ce%b7-%ce%b3%ce%b1%ce%bc%ce%bf%cf%85-%ce%bc%ce%b5%cf%84%ce%b5%cf%89%cf%81%ce%b1\/"},"modified":"2018-10-11T12:01:24","modified_gmt":"2018-10-11T09:01:24","slug":"fotograf-hochzeit-meteora","status":"publish","type":"page","link":"https:\/\/thedreammakers.gr\/de\/fotograf-hochzeit-meteora\/","title":{"rendered":"HOCHZEITSFOTOGRAFIE Meteora"},"content":{"rendered":"<div  class=\" standard_wrapper ppb_popup one \" style=\"padding:60px 0 60px 0;\" >\n<div class=\"page_content_wrapper\">\n<div class=\"inner\">\n<div class=\"overlay_gallery_wrapper\" style=\"text-align:left;background:;\">\n<div class=\"overlay_gallery_border\" style=\"\">\n<div class=\"overlay_gallery_content\">\n<h2 class=\"ppb_title\" style=\"\">HOCHZEITSFOTOGRAFIE Meteora,VIDEO UND MEHR<\/h2>\n<\/div>\n<\/div>\n<\/div>\n<\/div>\n<\/div>\n<\/div>\n<div  class=\"one withsmallpadding ppb_text\" style=\"padding:30px 0 30px 0;\" >\n<div class=\"standard_wrapper\">\n<div class=\"page_content_wrapper\">\n<div class=\"inner\">\n<div style=\"margin:auto;width:100%\">\n<h1 style=\"text-align: center;\">HOCHZEITSFOTOGRAFIE METEORA, VIDEO UND MEHR.<\/h1>\n<\/div>\n<\/div>\n<\/div>\n<\/div>\n<\/div>\n<div  class=\"one withsmallpadding ppb_text\" style=\"padding:30px 0 30px 0;\" >\n<div class=\"standard_wrapper\">\n<div class=\"page_content_wrapper\">\n<div class=\"inner\">\n<div style=\"margin:auto;width:100%\">\n<p style=\"text-align: center;\">Hallo,<\/p>\n<p style=\"text-align: center;\">Wir sind die Dreammakers.<\/p>\n<p style=\"text-align: center;\">Wir bieten fantastische <strong><a href=\"http:\/\/thedreammakers.gr\/de\/hochzeitsfotografie\/\">Hochzeitsfotos<\/a> <\/strong>und <strong><a href=\"http:\/\/thedreammakers.gr\/de\/hochzeitsvideo\/\">Videoaufnahme<\/a> <\/strong>f\u00fcr ihre Hochzeit in Meteora an.<\/p>\n<p style=\"text-align: center;\">Weil wir den Ort sehr gut kennen, k\u00f6nnen wir sie bei der Wahl eines Ortes helfen.<\/p>\n<p style=\"text-align: center;\">Wen sie entweder in Kalambaka, in Trikala, in Larisa oder in Volos heiraten, sind wir sicher, dass wir den idealen Ort f\u00fcr ihre Hochzeitsfotografie in Meteora kennen.<\/p>\n<p style=\"text-align: center;\">Wenn wir ehrlich sein wollen, m\u00f6chten wir gerne ihre Hochzeitsfotos und Hochzeitsvideo machen.<br \/>\nGenauer gesagt spezialisieren wir uns auf Hochzeitsfotografie und Videoaufnahmen auf wundersch\u00f6nen griechischen Orten wie Meteora.<br \/>\nAu\u00dferdem machen wir Paarfotografie f\u00fcr die Flitterwochen auf<\/p>\n<p style=\"text-align: center;\">Au\u00dferdem bieten wir vollst\u00e4ndige Hochzeitspakete an.<\/p>\n<\/div>\n<\/div>\n<\/div>\n<\/div>\n<\/div>\n<div  class=\"one withsmallpadding ppb_text\" style=\"padding:30px;\" >\n<div style=\"padding: 56.25% 0 0 0; position: relative;\"><iframe style=\"position: absolute; top: 0; left: 0; width: 100%; height: 100%;\" src=\"https:\/\/player.vimeo.com\/video\/256100006?title=0&#038;byline=0&#038;portrait=0\" frameborder=\"0\" allowfullscreen=\"allowfullscreen\"><\/iframe><\/div>\n<p><script src=\"https:\/\/player.vimeo.com\/api\/player.js\"><\/script><\/p>\n<\/div>\n<div  class=\"one withsmallpadding ppb_header \" style=\"text-align:left;padding:30px 0 30px 0;\" >\n<div class=\"standard_wrapper\">\n<div class=\"page_content_wrapper\">\n<div class=\"inner\">\n<div style=\"margin:auto;width:100%\">\n<h2 class=\"ppb_title\" style=\"\">HOCHZEITSGRUPPE KRETA<\/h2>\n<hr class=\"title_break left\" style=\"\"\/>\n<div class=\"ppb_header_content\">\n<p><span style=\"font-style: italic; color: #222222;\">Wir sind die the Dreammakers.<br \/>\nWir sind eine Gruppe Fotografen und Videografen Make-up Artist und Hochzeitsplanern. <\/span><\/p>\n<\/div>\n<\/div>\n<\/div>\n<\/div>\n<\/div>\n<\/div>\n<div  class=\"one withsmallpadding ppb_header \" style=\"text-align:left;padding:30px 0 30px 0;\" >\n<div class=\"standard_wrapper\">\n<div class=\"page_content_wrapper\">\n<div class=\"inner\">\n<div style=\"margin:auto;width:100%\">\n<h2 class=\"ppb_title\" style=\"\">HOCHZEITSGRUPPE KRETA<\/h2>\n<hr class=\"title_break left\" style=\"\"\/>\n<div class=\"ppb_header_content\">\n<p><span style=\"font-style: italic; color: #222222;\">Wir sind die the Dreammakers.<br \/>\nWir sind eine Gruppe Fotografen und Videografen Make-up Artist und Hochzeitsplanern. <\/span><\/p>\n<\/div>\n<\/div>\n<\/div>\n<\/div>\n<\/div>\n<\/div>\n<div  class=\"one withsmallpadding ppb_text\" style=\"padding:30px 0 30px 0;\" >\n<div class=\"standard_wrapper\">\n<div class=\"page_content_wrapper\">\n<div class=\"inner\">\n<div style=\"margin:auto;width:100%\">\n<p style=\"text-align: center;\"><a href=\"http:\/\/thedreammakers.gr\/de\/bezueglich-mit-uns\/\"><strong>Unsere Gruppe<\/strong><\/a> besteht aus Hochzeitsfotografen, Filmproduzenten, Kameramann f\u00fcr Hochzeitsvideoaufnahmen, Hochzeitsplaner mit Sitz auf Kreta und anderen talentierten Personen die, die perfekte Gruppe vollenden.<\/p>\n<p style=\"text-align: center;\">In Wirklichkeit machen wir unsere Arbeit mit Leidenschaft.<\/p>\n<p style=\"text-align: center;\">Wir lieben, das was wir machen und das spiegelt sich in unsere Arbeit wider.<\/p>\n<p style=\"text-align: center;\">Wir hoffen ihre Hochzeitsfotos zu machen.<\/p>\n<p style=\"text-align: center;\">In Wirklichkeit ist Kreta ein Paradies f\u00fcr Fotografen wie wir es sind.<\/p>\n<p style=\"text-align: center;\">Wenn wir ehrlich sein wollen, haben wir viele Hochzeitsfotos auf den sch\u00f6nsten Orte gemacht.<\/p>\n<p style=\"text-align: center;\">Wir haben auch viele Fotos auf diesen Ort gemacht.<\/p>\n<p style=\"text-align: center;\">Daher k\u00f6nnen wir ihnen die besten Orte f\u00fcr ihre Hochzeitsfotografie auf Kreta vorschlagen.<\/p>\n<p style=\"text-align: center;\">Ebenfalls \u00fcbernehmen wir die Bef\u00f6rderung von und ab dem Ort f\u00fcr ihre Hochzeitsfotografie, den sie w\u00e4hlen.<\/p>\n<p style=\"text-align: center;\">L\u00e4cheln und genie\u00dfen sie einen Fotospaziergang in den wundersch\u00f6nen Kl\u00f6stern in Kalambaka, in Larisa, in Volos oder Trikala.<\/p>\n<p style=\"text-align: center;\">Werfen sie einen Blick auf unsere <strong><a href=\"http:\/\/thedreammakers.gr\/de\/portfoliosets\/fotografie\/\">Hochzeitsgalerie<\/a><\/strong>.<\/p>\n<\/div>\n<\/div>\n<\/div>\n<\/div>\n<\/div>\n<div  class=\"one withsmallpadding ppb_text\" style=\"padding:30px 0 30px 0;\" >\n<div class=\"standard_wrapper\">\n<div class=\"page_content_wrapper\">\n<div class=\"inner\">\n<div style=\"margin:auto;width:100%\">\n<p style=\"text-align: center;\"><a href=\"http:\/\/thedreammakers.gr\/de\/bezueglich-mit-uns\/\"><strong>Unsere Gruppe<\/strong><\/a> besteht aus Hochzeitsfotografen, Filmproduzenten, Kameramann f\u00fcr Hochzeitsvideoaufnahmen, Hochzeitsplaner mit Sitz auf Kreta und anderen talentierten Personen die, die perfekte Gruppe vollenden.<\/p>\n<p style=\"text-align: center;\">In Wirklichkeit machen wir unsere Arbeit mit Leidenschaft.<\/p>\n<p style=\"text-align: center;\">Wir lieben, das was wir machen und das spiegelt sich in unsere Arbeit wider.<\/p>\n<p style=\"text-align: center;\">Wir hoffen ihre Hochzeitsfotos zu machen.<\/p>\n<p style=\"text-align: center;\">In Wirklichkeit ist Kreta ein Paradies f\u00fcr Fotografen wie wir es sind.<\/p>\n<p style=\"text-align: center;\">Wenn wir ehrlich sein wollen, haben wir viele Hochzeitsfotos auf den sch\u00f6nsten Orte gemacht.<\/p>\n<p style=\"text-align: center;\">Wir haben auch viele Fotos auf diesen Ort gemacht.<\/p>\n<p style=\"text-align: center;\">Daher k\u00f6nnen wir ihnen die besten Orte f\u00fcr ihre Hochzeitsfotografie auf Kreta vorschlagen.<\/p>\n<p style=\"text-align: center;\">Ebenfalls \u00fcbernehmen wir die Bef\u00f6rderung von und ab dem Ort f\u00fcr ihre Hochzeitsfotografie, den sie w\u00e4hlen.<\/p>\n<p style=\"text-align: center;\">L\u00e4cheln und genie\u00dfen sie einen Fotospaziergang in den wundersch\u00f6nen Kl\u00f6stern in Kalambaka, in Larisa, in Volos oder Trikala.<\/p>\n<p style=\"text-align: center;\">Werfen sie einen Blick auf unsere <strong><a href=\"http:\/\/thedreammakers.gr\/de\/portfoliosets\/fotografie\/\">Hochzeitsgalerie<\/a><\/strong>.<\/p>\n<\/div>\n<\/div>\n<\/div>\n<\/div>\n<\/div>\n<div class=\"standard_wrapper\">\n<div  class=\"one_third withsmallpadding ppb_header \" style=\"text-align:left;padding:30px 0 30px 0;\" >\n<div class=\"page_content_wrapper\">\n<div class=\"inner\">\n<div style=\"margin:auto;width:100%\">\n<h2 class=\"ppb_title\" style=\"\">HOCHZEIT IN METEORA<\/h2>\n<hr class=\"title_break left\" style=\"\"\/>\n<div class=\"ppb_header_content\">\n<p>Die Pracht der Natur und die historische Architektur.<\/p>\n<\/div>\n<\/div>\n<\/div>\n<\/div>\n<\/div>\n<\/div>\n<div class=\"standard_wrapper\">\n<div  class=\"one_third withsmallpadding ppb_text\" style=\"padding:30px 0 30px 0;\" >\n<div class=\"standard_wrapper\">\n<div class=\"page_content_wrapper\">\n<div class=\"inner\">\n<div style=\"margin:auto;width:100%\">\n<p>Vielleicht haben sie bemerkt, dass viele Leute speziell im Sommer in Griechenland heiraten. Au\u00dferdem, waren Meteora immer ein beliebter Bestimmungsort f\u00fcr viele Besucher aus aller Welt. Die letzten Jahre sind Meteora ein sehr beliebter Ort f\u00fcr eine einzigartige und romantische Fotografie geworden. Die meisten Paare die Zentralgriechenland als Hochzeitsbestimmungsort w\u00e4hlen, haben Hochzeitsfotos in dieses globale Erbgut UNESCOS.<\/p>\n<\/div>\n<\/div>\n<\/div>\n<\/div>\n<\/div>\n<\/div>\n<div class=\"standard_wrapper\">\n<div  class=\"one_third last withsmallpadding ppb_text\" style=\"padding:30px 0 30px 0;\" >\n<div class=\"standard_wrapper\">\n<div class=\"page_content_wrapper\">\n<div class=\"inner\">\n<div style=\"margin:auto;width:100%\">\n<p>Aber warum sollten sie Meteora f\u00fcr eine Hochzeitsfotografie w\u00e4hlen? Meteora ist ein Ort wo die Natur, die Geistigkeit und die Tradition in vollen Ruhm zusammenleben. Die wunderbare alpine Landschaft und die W\u00e4lder kombiniert mit vorz\u00fcglichen Kl\u00f6stern und D\u00f6rfer, die auf gr\u00fcnen H\u00fcgel \u201eh\u00e4ngen\u201c,\u00a0 vollenden die malerische Umgebung. Au\u00dferdem bieten Meteora eine unersch\u00f6pfliche M\u00f6glichkeit von Natur und Kulturerbe an, wie\u00a0 historische Sehensw\u00fcrdigkeiten, klettern und gastronomische Rundreisen. Daher sind Meteora ein Bestimmungsort, der ihre Hochzeit ein einzigartiges Erlebnis in ihrem Leben machen kann.<\/p>\n<\/div>\n<\/div>\n<\/div>\n<\/div>\n<\/div>\n<\/div>\n<div class=\"standard_wrapper\">\n<div  class=\"one_third last withsmallpadding ppb_text\" style=\"padding:30px 0 30px 0;\" >\n<div class=\"standard_wrapper\">\n<div class=\"page_content_wrapper\">\n<div class=\"inner\">\n<div style=\"margin:auto;width:100%\">\n<p>Aber warum sollten sie Meteora f\u00fcr eine Hochzeitsfotografie w\u00e4hlen? Meteora ist ein Ort wo die Natur, die Geistigkeit und die Tradition in vollen Ruhm zusammenleben. Die wunderbare alpine Landschaft und die W\u00e4lder kombiniert mit vorz\u00fcglichen Kl\u00f6stern und D\u00f6rfer, die auf gr\u00fcnen H\u00fcgel \u201eh\u00e4ngen\u201c,\u00a0 vollenden die malerische Umgebung. Au\u00dferdem bieten Meteora eine unersch\u00f6pfliche M\u00f6glichkeit von Natur und Kulturerbe an, wie\u00a0 historische Sehensw\u00fcrdigkeiten, klettern und gastronomische Rundreisen. Daher sind Meteora ein Bestimmungsort, der ihre Hochzeit ein einzigartiges Erlebnis in ihrem Leben machen kann.<\/p>\n<\/div>\n<\/div>\n<\/div>\n<\/div>\n<\/div>\n<\/div>\n<div class=\"standard_wrapper\">\n<div  class=\"one_third last withsmallpadding ppb_text\" style=\"padding:30px 0 30px 0;\" >\n<div class=\"standard_wrapper\">\n<div class=\"page_content_wrapper\">\n<div class=\"inner\">\n<div style=\"margin:auto;width:100%\">\n<p>Aber warum sollten sie Meteora f\u00fcr eine Hochzeitsfotografie w\u00e4hlen? Meteora ist ein Ort wo die Natur, die Geistigkeit und die Tradition in vollen Ruhm zusammenleben. Die wunderbare alpine Landschaft und die W\u00e4lder kombiniert mit vorz\u00fcglichen Kl\u00f6stern und D\u00f6rfer, die auf gr\u00fcnen H\u00fcgel \u201eh\u00e4ngen\u201c,\u00a0 vollenden die malerische Umgebung. Au\u00dferdem bieten Meteora eine unersch\u00f6pfliche M\u00f6glichkeit von Natur und Kulturerbe an, wie\u00a0 historische Sehensw\u00fcrdigkeiten, klettern und gastronomische Rundreisen. Daher sind Meteora ein Bestimmungsort, der ihre Hochzeit ein einzigartiges Erlebnis in ihrem Leben machen kann.<\/p>\n<\/div>\n<\/div>\n<\/div>\n<\/div>\n<\/div>\n<\/div>\n","protected":false},"excerpt":{"rendered":"","protected":false},"author":1,"featured_media":0,"parent":0,"menu_order":0,"comment_status":"closed","ping_status":"closed","template":"","meta":{"_wp_convertkit_post_meta":{"form":"-1","landing_page":"0","tag":"0","restrict_content":"0"},"footnotes":""},"class_list":["post-6123","page","type-page","status-publish","hentry"],"yoast_head":"<!-- This site is optimized with the Yoast SEO plugin v27.4 - https:\/\/yoast.com\/product\/yoast-seo-wordpress\/ -->\n<title>Fotograf Hochzeit Meteora, Videoaufnahme | The Dreammakers<\/title>\n<meta name=\"description\" content=\"Fotograf Hochzeit Meteora , Video und mehr . Wir bieten Foto-Pakete und Videos f\u00fcr Ihre Hochzeit in Meteora. Buchen Sie jetzt Ihr Fotoshooting.\" \/>\n<meta name=\"robots\" content=\"index, follow, max-snippet:-1, max-image-preview:large, max-video-preview:-1\" \/>\n<link rel=\"canonical\" href=\"https:\/\/thedreammakers.gr\/de\/fotograf-hochzeit-meteora\/\" \/>\n<meta property=\"og:locale\" content=\"de_DE\" \/>\n<meta property=\"og:type\" content=\"article\" \/>\n<meta property=\"og:title\" content=\"Fotograf Hochzeit Meteora, Videoaufnahme | The Dreammakers\" \/>\n<meta property=\"og:description\" content=\"Fotograf Hochzeit Meteora , Video und mehr . Wir bieten Foto-Pakete und Videos f\u00fcr Ihre Hochzeit in Meteora. Buchen Sie jetzt Ihr Fotoshooting.\" \/>\n<meta property=\"og:url\" content=\"https:\/\/thedreammakers.gr\/de\/fotograf-hochzeit-meteora\/\" \/>\n<meta property=\"og:site_name\" content=\"The Dreammakers\" \/>\n<meta property=\"article:publisher\" content=\"https:\/\/www.facebook.com\/thedreammakersgreece\/\" \/>\n<meta property=\"article:modified_time\" content=\"2018-10-11T09:01:24+00:00\" \/>\n<meta name=\"twitter:card\" content=\"summary_large_image\" \/>\n<meta name=\"twitter:label1\" content=\"Gesch\u00e4tzte Lesezeit\" \/>\n\t<meta name=\"twitter:data1\" content=\"4\u00a0Minuten\" \/>\n<script type=\"application\/ld+json\" class=\"yoast-schema-graph\">{\"@context\":\"https:\\\/\\\/schema.org\",\"@graph\":[{\"@type\":\"WebPage\",\"@id\":\"https:\\\/\\\/thedreammakers.gr\\\/de\\\/fotograf-hochzeit-meteora\\\/\",\"url\":\"https:\\\/\\\/thedreammakers.gr\\\/de\\\/fotograf-hochzeit-meteora\\\/\",\"name\":\"Fotograf Hochzeit Meteora, Videoaufnahme | The Dreammakers\",\"isPartOf\":{\"@id\":\"https:\\\/\\\/thedreammakers.gr\\\/de\\\/#website\"},\"datePublished\":\"2018-05-28T06:52:31+00:00\",\"dateModified\":\"2018-10-11T09:01:24+00:00\",\"description\":\"Fotograf Hochzeit Meteora , Video und mehr . Wir bieten Foto-Pakete und Videos f\u00fcr Ihre Hochzeit in Meteora. Buchen Sie jetzt Ihr Fotoshooting.\",\"breadcrumb\":{\"@id\":\"https:\\\/\\\/thedreammakers.gr\\\/de\\\/fotograf-hochzeit-meteora\\\/#breadcrumb\"},\"inLanguage\":\"de\",\"potentialAction\":[{\"@type\":\"ReadAction\",\"target\":[\"https:\\\/\\\/thedreammakers.gr\\\/de\\\/fotograf-hochzeit-meteora\\\/\"]}]},{\"@type\":\"BreadcrumbList\",\"@id\":\"https:\\\/\\\/thedreammakers.gr\\\/de\\\/fotograf-hochzeit-meteora\\\/#breadcrumb\",\"itemListElement\":[{\"@type\":\"ListItem\",\"position\":1,\"name\":\"Home\",\"item\":\"https:\\\/\\\/thedreammakers.gr\\\/de\\\/\"},{\"@type\":\"ListItem\",\"position\":2,\"name\":\"HOCHZEITSFOTOGRAFIE Meteora\"}]},{\"@type\":\"WebSite\",\"@id\":\"https:\\\/\\\/thedreammakers.gr\\\/de\\\/#website\",\"url\":\"https:\\\/\\\/thedreammakers.gr\\\/de\\\/\",\"name\":\"The Dreammakers\",\"description\":\"Dream Wedding in Greece\",\"publisher\":{\"@id\":\"https:\\\/\\\/thedreammakers.gr\\\/de\\\/#organization\"},\"potentialAction\":[{\"@type\":\"SearchAction\",\"target\":{\"@type\":\"EntryPoint\",\"urlTemplate\":\"https:\\\/\\\/thedreammakers.gr\\\/de\\\/?s={search_term_string}\"},\"query-input\":{\"@type\":\"PropertyValueSpecification\",\"valueRequired\":true,\"valueName\":\"search_term_string\"}}],\"inLanguage\":\"de\"},{\"@type\":\"Organization\",\"@id\":\"https:\\\/\\\/thedreammakers.gr\\\/de\\\/#organization\",\"name\":\"The Dreammakers\",\"url\":\"https:\\\/\\\/thedreammakers.gr\\\/de\\\/\",\"logo\":{\"@type\":\"ImageObject\",\"inLanguage\":\"de\",\"@id\":\"https:\\\/\\\/thedreammakers.gr\\\/de\\\/#\\\/schema\\\/logo\\\/image\\\/\",\"url\":\"https:\\\/\\\/thedreammakers.gr\\\/wp-content\\\/uploads\\\/2017\\\/11\\\/website2.png\",\"contentUrl\":\"https:\\\/\\\/thedreammakers.gr\\\/wp-content\\\/uploads\\\/2017\\\/11\\\/website2.png\",\"width\":400,\"height\":238,\"caption\":\"The Dreammakers\"},\"image\":{\"@id\":\"https:\\\/\\\/thedreammakers.gr\\\/de\\\/#\\\/schema\\\/logo\\\/image\\\/\"},\"sameAs\":[\"https:\\\/\\\/www.facebook.com\\\/thedreammakersgreece\\\/\",\"https:\\\/\\\/www.instagram.com\\\/thedreammakers_greece\\\/\"]}]}<\/script>\n<!-- \/ Yoast SEO plugin. -->","yoast_head_json":{"title":"Fotograf Hochzeit Meteora, Videoaufnahme | The Dreammakers","description":"Fotograf Hochzeit Meteora , Video und mehr . Wir bieten Foto-Pakete und Videos f\u00fcr Ihre Hochzeit in Meteora. Buchen Sie jetzt Ihr Fotoshooting.","robots":{"index":"index","follow":"follow","max-snippet":"max-snippet:-1","max-image-preview":"max-image-preview:large","max-video-preview":"max-video-preview:-1"},"canonical":"https:\/\/thedreammakers.gr\/de\/fotograf-hochzeit-meteora\/","og_locale":"de_DE","og_type":"article","og_title":"Fotograf Hochzeit Meteora, Videoaufnahme | The Dreammakers","og_description":"Fotograf Hochzeit Meteora , Video und mehr . Wir bieten Foto-Pakete und Videos f\u00fcr Ihre Hochzeit in Meteora. Buchen Sie jetzt Ihr Fotoshooting.","og_url":"https:\/\/thedreammakers.gr\/de\/fotograf-hochzeit-meteora\/","og_site_name":"The Dreammakers","article_publisher":"https:\/\/www.facebook.com\/thedreammakersgreece\/","article_modified_time":"2018-10-11T09:01:24+00:00","twitter_card":"summary_large_image","twitter_misc":{"Gesch\u00e4tzte Lesezeit":"4\u00a0Minuten"},"schema":{"@context":"https:\/\/schema.org","@graph":[{"@type":"WebPage","@id":"https:\/\/thedreammakers.gr\/de\/fotograf-hochzeit-meteora\/","url":"https:\/\/thedreammakers.gr\/de\/fotograf-hochzeit-meteora\/","name":"Fotograf Hochzeit Meteora, Videoaufnahme | The Dreammakers","isPartOf":{"@id":"https:\/\/thedreammakers.gr\/de\/#website"},"datePublished":"2018-05-28T06:52:31+00:00","dateModified":"2018-10-11T09:01:24+00:00","description":"Fotograf Hochzeit Meteora , Video und mehr . Wir bieten Foto-Pakete und Videos f\u00fcr Ihre Hochzeit in Meteora. Buchen Sie jetzt Ihr Fotoshooting.","breadcrumb":{"@id":"https:\/\/thedreammakers.gr\/de\/fotograf-hochzeit-meteora\/#breadcrumb"},"inLanguage":"de","potentialAction":[{"@type":"ReadAction","target":["https:\/\/thedreammakers.gr\/de\/fotograf-hochzeit-meteora\/"]}]},{"@type":"BreadcrumbList","@id":"https:\/\/thedreammakers.gr\/de\/fotograf-hochzeit-meteora\/#breadcrumb","itemListElement":[{"@type":"ListItem","position":1,"name":"Home","item":"https:\/\/thedreammakers.gr\/de\/"},{"@type":"ListItem","position":2,"name":"HOCHZEITSFOTOGRAFIE Meteora"}]},{"@type":"WebSite","@id":"https:\/\/thedreammakers.gr\/de\/#website","url":"https:\/\/thedreammakers.gr\/de\/","name":"The Dreammakers","description":"Dream Wedding in Greece","publisher":{"@id":"https:\/\/thedreammakers.gr\/de\/#organization"},"potentialAction":[{"@type":"SearchAction","target":{"@type":"EntryPoint","urlTemplate":"https:\/\/thedreammakers.gr\/de\/?s={search_term_string}"},"query-input":{"@type":"PropertyValueSpecification","valueRequired":true,"valueName":"search_term_string"}}],"inLanguage":"de"},{"@type":"Organization","@id":"https:\/\/thedreammakers.gr\/de\/#organization","name":"The Dreammakers","url":"https:\/\/thedreammakers.gr\/de\/","logo":{"@type":"ImageObject","inLanguage":"de","@id":"https:\/\/thedreammakers.gr\/de\/#\/schema\/logo\/image\/","url":"https:\/\/thedreammakers.gr\/wp-content\/uploads\/2017\/11\/website2.png","contentUrl":"https:\/\/thedreammakers.gr\/wp-content\/uploads\/2017\/11\/website2.png","width":400,"height":238,"caption":"The Dreammakers"},"image":{"@id":"https:\/\/thedreammakers.gr\/de\/#\/schema\/logo\/image\/"},"sameAs":["https:\/\/www.facebook.com\/thedreammakersgreece\/","https:\/\/www.instagram.com\/thedreammakers_greece\/"]}]}},"_links":{"self":[{"href":"https:\/\/thedreammakers.gr\/de\/wp-json\/wp\/v2\/pages\/6123","targetHints":{"allow":["GET"]}}],"collection":[{"href":"https:\/\/thedreammakers.gr\/de\/wp-json\/wp\/v2\/pages"}],"about":[{"href":"https:\/\/thedreammakers.gr\/de\/wp-json\/wp\/v2\/types\/page"}],"author":[{"embeddable":true,"href":"https:\/\/thedreammakers.gr\/de\/wp-json\/wp\/v2\/users\/1"}],"replies":[{"embeddable":true,"href":"https:\/\/thedreammakers.gr\/de\/wp-json\/wp\/v2\/comments?post=6123"}],"version-history":[{"count":4,"href":"https:\/\/thedreammakers.gr\/de\/wp-json\/wp\/v2\/pages\/6123\/revisions"}],"predecessor-version":[{"id":6127,"href":"https:\/\/thedreammakers.gr\/de\/wp-json\/wp\/v2\/pages\/6123\/revisions\/6127"}],"wp:attachment":[{"href":"https:\/\/thedreammakers.gr\/de\/wp-json\/wp\/v2\/media?parent=6123"}],"curies":[{"name":"wp","href":"https:\/\/api.w.org\/{rel}","templated":true}]}}