{"id":6096,"date":"2018-07-04T11:42:33","date_gmt":"2018-07-04T08:42:33","guid":{"rendered":"http:\/\/thedreammakers.gr\/%ce%b3%ce%ac%ce%bc%ce%bf%cf%82-%cf%83%cf%84%ce%b7%ce%bd-%ce%b8%ce%ac%cf%83%ce%bf\/"},"modified":"2018-10-10T12:17:56","modified_gmt":"2018-10-10T09:17:56","slug":"hochzeit-thasos","status":"publish","type":"page","link":"https:\/\/thedreammakers.gr\/de\/hochzeit-thasos\/","title":{"rendered":"HOCHZEIT THASOS|BESTE ORTE AUF THASOS"},"content":{"rendered":"<div  class=\" standard_wrapper ppb_popup one \" style=\"padding:60px 0 60px 0;\" >\n<div class=\"page_content_wrapper\">\n<div class=\"inner\">\n<div class=\"overlay_gallery_wrapper\" style=\"text-align:left;background:;\">\n<div class=\"overlay_gallery_border\" style=\"\">\n<div class=\"overlay_gallery_content\">\n<h2 class=\"ppb_title\" style=\"\">HOCHZEIT THASOS | BESTE ORTE AUF THASOS<\/h2>\n<\/div>\n<\/div>\n<\/div>\n<\/div>\n<\/div>\n<\/div>\n<div  class=\"one withsmallpadding ppb_header \" style=\"text-align:left;padding:30px 0 30px 0;\" >\n<div class=\"standard_wrapper\">\n<div class=\"page_content_wrapper\">\n<div class=\"inner\">\n<div style=\"margin:auto;width:100%\">\n<h2 class=\"ppb_title\" style=\"\">TRAUMHOCHZEIT AUF THASOS<\/h2>\n<hr class=\"title_break left\" style=\"\"\/>\n<div class=\"ppb_header_content\">\n<p style=\"text-align: center;\"><span style=\"color: #222222;\"><i>Suchen sie Gr\u00fcnde um auf Thasos zu heiraten?<br \/>\nOder m\u00f6chten sie die besten Orte auf Thasos f\u00fcr ihre Hochzeit erforschen?<br \/>\nIn beiden F\u00e4llen lesen sie weiter!<\/i><\/span><\/p>\n<\/div>\n<\/div>\n<\/div>\n<\/div>\n<\/div>\n<\/div>\n<div class=\"standard_wrapper\">\n<div  class=\"one_third withsmallpadding ppb_text\" style=\"padding:30px 0 30px 0;\" >\n<div class=\"standard_wrapper\">\n<div class=\"page_content_wrapper\">\n<div class=\"inner\">\n<div style=\"margin:auto;width:100%\">\n<p>\u201eGr\u00fcn\u201c ist meistens das Adjektiv das sie h\u00f6ren werden, wenn sie irgendjemanden bitten der auf Thasos war sie zu beschreiben. Es gibt nicht viele \u00e4hnliche Inseln in Griechenland. Thasos ist der ideale Ort um eine einzigartige Hochzeit zu erleben.<\/p>\n<\/div>\n<\/div>\n<\/div>\n<\/div>\n<\/div>\n<\/div>\n<div class=\"standard_wrapper\">\n<div  class=\"one_third withsmallpadding ppb_text\" style=\"padding:30px 0 30px 0;\" >\n<div class=\"standard_wrapper\">\n<div class=\"page_content_wrapper\">\n<div class=\"inner\">\n<div style=\"margin:auto;width:100%\">\n<p>Mit viel Auswahl, fantastischen Str\u00e4nden, luxuri\u00f6se Hotels, leckeres Essen, einzigartige Unterhaltung, magische Sehensw\u00fcrdigkeiten und traditionelle Kapellen gibt es sicher etwas Besonderes in eine Hochzeit auf Thasos.<\/p>\n<\/div>\n<\/div>\n<\/div>\n<\/div>\n<\/div>\n<\/div>\n<div class=\"standard_wrapper\">\n<div  class=\"one_third last withsmallpadding ppb_header \" style=\"text-align:left;padding:30px 0 30px 0;\" >\n<div class=\"page_content_wrapper\">\n<div class=\"inner\">\n<div style=\"margin:auto;width:100%\">\n<h2 class=\"ppb_title\" style=\"\">THASOS<\/h2>\n<hr class=\"title_break left\" style=\"\"\/>\n<div class=\"ppb_header_content\">\n<p>Die Smaragde Insel der n\u00f6rdlichen \u00c4g\u00e4is.<\/p>\n<\/div>\n<\/div>\n<\/div>\n<\/div>\n<\/div>\n<\/div>\n<div class=\"standard_wrapper\">\n<div  class=\"one_third last withsmallpadding ppb_header \" style=\"text-align:left;padding:30px 0 30px 0;\" >\n<div class=\"page_content_wrapper\">\n<div class=\"inner\">\n<div style=\"margin:auto;width:100%\">\n<h2 class=\"ppb_title\" style=\"\">THASOS<\/h2>\n<hr class=\"title_break left\" style=\"\"\/>\n<div class=\"ppb_header_content\">\n<p>Die Smaragde Insel der n\u00f6rdlichen \u00c4g\u00e4is.<\/p>\n<\/div>\n<\/div>\n<\/div>\n<\/div>\n<\/div>\n<\/div>\n<div  class=\"one withsmallpadding ppb_header \" style=\"text-align:left;padding:30px 0 30px 0;\" >\n<div class=\"standard_wrapper\">\n<div class=\"page_content_wrapper\">\n<div class=\"inner\">\n<div style=\"margin:auto;width:100%\">\n<h2 class=\"ppb_title\" style=\"\">STR\u00c4NDE<\/h2>\n<hr class=\"title_break left\" style=\"\"\/>\n<div class=\"ppb_header_content\">\n<p style=\"text-align: center;\">\u201eKristallklares und sauberes Wasser, Meeressport und Beachbars\u201c.<\/p>\n<\/div>\n<\/div>\n<\/div>\n<\/div>\n<\/div>\n<\/div>\n<div  class=\"one withsmallpadding ppb_text\" style=\"padding:30px 0 30px 0;\" >\n<div class=\"standard_wrapper\">\n<div class=\"page_content_wrapper\">\n<div class=\"inner\">\n<div style=\"margin:auto;width:100%\">\n<p style=\"text-align: center;\">Thasos ist ber\u00fchmt f\u00fcr ihr kristallklares sauberes Wasser, Meeressport und Beachbars.<br \/>\nIn Wirklichkeit hat diese gro\u00dfe Insel zweifellos die besten Str\u00e4nde der n\u00f6rdlichen \u00c4g\u00e4is.<br \/>\nPorto Vathy, Paradies, Saliara und Strand Aliki sind einige der besten Str\u00e4nde der Insel.<br \/>\nM\u00f6chten sie mehr Str\u00e4nde erforschen? Lesen sie unseren Artikel: <strong><a href=\"http:\/\/thedreammakers.gr\/de\/straende-auf-thassos-fuer-ihre-hochzeit\/\">Die besten Str\u00e4nde auf Thasos.<\/a><\/strong><\/p>\n<\/div>\n<\/div>\n<\/div>\n<\/div>\n<\/div>\n<div  class=\"one withsmallpadding ppb_text\" style=\"padding:30px 0 30px 0;\" >\n<div class=\"standard_wrapper\">\n<div class=\"page_content_wrapper\">\n<div class=\"inner\">\n<div style=\"margin:auto;width:100%\">\n<p style=\"text-align: center;\">Thasos ist ber\u00fchmt f\u00fcr ihr kristallklares sauberes Wasser, Meeressport und Beachbars.<br \/>\nIn Wirklichkeit hat diese gro\u00dfe Insel zweifellos die besten Str\u00e4nde der n\u00f6rdlichen \u00c4g\u00e4is.<br \/>\nPorto Vathy, Paradies, Saliara und Strand Aliki sind einige der besten Str\u00e4nde der Insel.<br \/>\nM\u00f6chten sie mehr Str\u00e4nde erforschen? Lesen sie unseren Artikel: <strong><a href=\"http:\/\/thedreammakers.gr\/de\/straende-auf-thassos-fuer-ihre-hochzeit\/\">Die besten Str\u00e4nde auf Thasos.<\/a><\/strong><\/p>\n<\/div>\n<\/div>\n<\/div>\n<\/div>\n<\/div>\n<div  class=\"one withsmallpadding ppb_header \" style=\"text-align:left;padding:30px 0 30px 0;\" >\n<div class=\"standard_wrapper\">\n<div class=\"page_content_wrapper\">\n<div class=\"inner\">\n<div style=\"margin:auto;width:100%\">\n<h2 class=\"ppb_title\" style=\"\">LUXURI\u00d6SE HOTELS<\/h2>\n<hr class=\"title_break left\" style=\"\"\/>\n<div class=\"ppb_header_content\">\n<p style=\"text-align: center;\">\u201eEin bequemer Platz\u00a0 f\u00fcr eine sch\u00f6ne und unvergessliche Unterkunft \u201e.<\/p>\n<\/div>\n<\/div>\n<\/div>\n<\/div>\n<\/div>\n<\/div>\n<div  class=\"one withsmallpadding ppb_text\" style=\"padding:30px 0 30px 0;\" >\n<div class=\"standard_wrapper\">\n<div class=\"page_content_wrapper\">\n<div class=\"inner\">\n<div style=\"margin:auto;width:100%\">\n<p style=\"text-align: center;\">Ein Paar ist es wert, eine bequeme und gleichzeitig qualitative Unterkunft zu genie\u00dfen, damit der Aufenthalt unvergesslich bleibt.<br \/>\nWenn sie ein luxuri\u00f6ses Hotel mit Schwimmbad, Spa und mehr suchen, k\u00f6nnen sie es leicht finden.<br \/>\nEinige von ihnen sind: die <a href=\"http:\/\/www.alexandrabeach.gr\"><strong>Alexandra Beach Hotel<\/strong><\/a>, die <a href=\"http:\/\/www.iliomare.gr\"><strong>Ilio Mare Hotel and Resort<\/strong><\/a>, die <a href=\"https:\/\/www.thassosgrandresort.com\/en\"><strong>Thassos Grand Resort<\/strong><\/a>,<br \/>\ndie <a href=\"http:\/\/www.aforarthotel.gr\"><strong>A for Art<\/strong><\/a> und die <a href=\"https:\/\/www.royalparadise.gr\"><strong>Royal Paradise Beach Resort &#038; Spa<\/strong><\/a>. Sie k\u00f6nnen entspannen und das sch\u00f6ne Leben in einigen Tagen genie\u00dfen.<\/p>\n<\/div>\n<\/div>\n<\/div>\n<\/div>\n<\/div>\n<div  class=\"one withsmallpadding ppb_text\" style=\"padding:30px 0 30px 0;\" >\n<div class=\"standard_wrapper\">\n<div class=\"page_content_wrapper\">\n<div class=\"inner\">\n<div style=\"margin:auto;width:100%\">\n<p style=\"text-align: center;\">Ein Paar ist es wert, eine bequeme und gleichzeitig qualitative Unterkunft zu genie\u00dfen, damit der Aufenthalt unvergesslich bleibt.<br \/>\nWenn sie ein luxuri\u00f6ses Hotel mit Schwimmbad, Spa und mehr suchen, k\u00f6nnen sie es leicht finden.<br \/>\nEinige von ihnen sind: die <a href=\"http:\/\/www.alexandrabeach.gr\"><strong>Alexandra Beach Hotel<\/strong><\/a>, die <a href=\"http:\/\/www.iliomare.gr\"><strong>Ilio Mare Hotel and Resort<\/strong><\/a>, die <a href=\"https:\/\/www.thassosgrandresort.com\/en\"><strong>Thassos Grand Resort<\/strong><\/a>,<br \/>\ndie <a href=\"http:\/\/www.aforarthotel.gr\"><strong>A for Art<\/strong><\/a> und die <a href=\"https:\/\/www.royalparadise.gr\"><strong>Royal Paradise Beach Resort &#038; Spa<\/strong><\/a>. Sie k\u00f6nnen entspannen und das sch\u00f6ne Leben in einigen Tagen genie\u00dfen.<\/p>\n<\/div>\n<\/div>\n<\/div>\n<\/div>\n<\/div>\n<div  class=\"one withsmallpadding ppb_header \" style=\"text-align:left;padding:30px 0 30px 0;\" >\n<div class=\"standard_wrapper\">\n<div class=\"page_content_wrapper\">\n<div class=\"inner\">\n<div style=\"margin:auto;width:100%\">\n<h2 class=\"ppb_title\" style=\"\">LECKERES ESSEN<\/h2>\n<hr class=\"title_break left\" style=\"\"\/>\n<div class=\"ppb_header_content\">\n<p style=\"text-align: center;\">\u201eSie k\u00f6nnen die Mediterrane K\u00fcche und allgemein die \u00f6rtliche Produkte probieren\u201c.<\/p>\n<\/div>\n<\/div>\n<\/div>\n<\/div>\n<\/div>\n<\/div>\n<div  class=\"one withsmallpadding ppb_text\" style=\"padding:30px 0 30px 0;\" >\n<div class=\"standard_wrapper\">\n<div class=\"page_content_wrapper\">\n<div class=\"inner\">\n<div style=\"margin:auto;width:100%\">\n<p style=\"text-align: center;\">Heutzutage gibt es nichts Wichtigeres als die K\u00fcche eines Bestimmungsortes.<br \/>\nEinige gute Tavernen finden sie in Limenaria.<br \/>\nSie k\u00f6nnen die Mediterrane K\u00fcche und allgemein die \u00f6rtliche Produkte probieren.<br \/>\nEinige \u00f6rtliche Produkte sind Tartaka, Thasitiki Feta, Piperalachana, Pitarakia und den fantastischen Honig.<\/p>\n<\/div>\n<\/div>\n<\/div>\n<\/div>\n<\/div>\n<div  class=\"one withsmallpadding ppb_text\" style=\"padding:30px 0 30px 0;\" >\n<div class=\"standard_wrapper\">\n<div class=\"page_content_wrapper\">\n<div class=\"inner\">\n<div style=\"margin:auto;width:100%\">\n<p style=\"text-align: center;\">Heutzutage gibt es nichts Wichtigeres als die K\u00fcche eines Bestimmungsortes.<br \/>\nEinige gute Tavernen finden sie in Limenaria.<br \/>\nSie k\u00f6nnen die Mediterrane K\u00fcche und allgemein die \u00f6rtliche Produkte probieren.<br \/>\nEinige \u00f6rtliche Produkte sind Tartaka, Thasitiki Feta, Piperalachana, Pitarakia und den fantastischen Honig.<\/p>\n<\/div>\n<\/div>\n<\/div>\n<\/div>\n<\/div>\n<div  class=\"one withsmallpadding ppb_header \" style=\"text-align:left;padding:30px 0 30px 0;\" >\n<div class=\"standard_wrapper\">\n<div class=\"page_content_wrapper\">\n<div class=\"inner\">\n<div style=\"margin:auto;width:100%\">\n<h2 class=\"ppb_title\" style=\"\">EINZIGARTIGE UNTERHALTUNG<\/h2>\n<hr class=\"title_break left\" style=\"\"\/>\n<div class=\"ppb_header_content\">\n<p style=\"text-align: center;\">\u201eJede Hochzeit ist es qualitative Unterhaltung wert\u201c.<\/p>\n<\/div>\n<\/div>\n<\/div>\n<\/div>\n<\/div>\n<\/div>\n<div  class=\"one withsmallpadding ppb_text\" style=\"padding:30px 0 30px 0;\" >\n<div class=\"standard_wrapper\">\n<div class=\"page_content_wrapper\">\n<div class=\"inner\">\n<div style=\"margin:auto;width:100%\">\n<p style=\"text-align: center;\">Jede Hochzeit ist es qualitatives Vergn\u00fcgen wert.<br \/>\nDas hei\u00dft, dass sie einzigartigen Spa\u00df haben sollen!<br \/>\nEin guter Ort mit fantastische traditionelle Musik, Tanz und Essen ist Taverne Augustos in Theologos.<br \/>\nDas Personal ist bereitwillig sie mit seiner einzigartigen Art zu bedienen und unterhalten, damit sie und ihre G\u00e4ste einen unvergesslichen Abend genie\u00dfen.<br \/>\nWenn sie dennoch diese gew\u00f6hnliche Unterhaltung entkommen m\u00f6chten, k\u00f6nnen sie Meeresport oder \u00f6rtliche Feier genie\u00dfen.<br \/>\nDen letzten Tag im Juli feiert die Insel einen Brauch der\u201c Pirovasia\u201c (Feuerlaufen) hei\u00dft.<br \/>\nIst ein Willkommensgru\u00df f\u00fcr die n\u00e4chste Saison. <\/p>\n<\/div>\n<\/div>\n<\/div>\n<\/div>\n<\/div>\n<div  class=\"one withsmallpadding ppb_text\" style=\"padding:30px 0 30px 0;\" >\n<div class=\"standard_wrapper\">\n<div class=\"page_content_wrapper\">\n<div class=\"inner\">\n<div style=\"margin:auto;width:100%\">\n<p style=\"text-align: center;\">Jede Hochzeit ist es qualitatives Vergn\u00fcgen wert.<br \/>\nDas hei\u00dft, dass sie einzigartigen Spa\u00df haben sollen!<br \/>\nEin guter Ort mit fantastische traditionelle Musik, Tanz und Essen ist Taverne Augustos in Theologos.<br \/>\nDas Personal ist bereitwillig sie mit seiner einzigartigen Art zu bedienen und unterhalten, damit sie und ihre G\u00e4ste einen unvergesslichen Abend genie\u00dfen.<br \/>\nWenn sie dennoch diese gew\u00f6hnliche Unterhaltung entkommen m\u00f6chten, k\u00f6nnen sie Meeresport oder \u00f6rtliche Feier genie\u00dfen.<br \/>\nDen letzten Tag im Juli feiert die Insel einen Brauch der\u201c Pirovasia\u201c (Feuerlaufen) hei\u00dft.<br \/>\nIst ein Willkommensgru\u00df f\u00fcr die n\u00e4chste Saison. <\/p>\n<\/div>\n<\/div>\n<\/div>\n<\/div>\n<\/div>\n<div  class=\"one withsmallpadding ppb_header \" style=\"text-align:left;padding:30px 0 30px 0;\" >\n<div class=\"standard_wrapper\">\n<div class=\"page_content_wrapper\">\n<div class=\"inner\">\n<div style=\"margin:auto;width:100%\">\n<h2 class=\"ppb_title\" style=\"\">PRACHTVOLLE ANBLICKE<\/h2>\n<hr class=\"title_break left\" style=\"\"\/>\n<div class=\"ppb_header_content\">\n<p style=\"text-align: center;\">\u201eEinige\u00a0 der ber\u00fchmtesten Sehensw\u00fcrdigkeiten auf Thasos\u201c.<\/p>\n<\/div>\n<\/div>\n<\/div>\n<\/div>\n<\/div>\n<\/div>\n<div  class=\"one withsmallpadding ppb_text\" style=\"padding:30px 0 30px 0;\" >\n<div class=\"standard_wrapper\">\n<div class=\"page_content_wrapper\">\n<div class=\"inner\">\n<div style=\"margin:auto;width:100%\">\n<p style=\"text-align: center;\">Jede Insel hat ihre Sehensw\u00fcrdigkeiten und ihre eigene Geschichte.<br \/>\nEine der ber\u00fchmtesten Sehensw\u00fcrdigkeit auf Thasos ist der Strand Metalia, der als Mineralbauwerkstatt benutzt wurde.<br \/>\nLiegt in Limenaria. Au\u00dferdem gibt es noch die ber\u00fchmte Sehensw\u00fcrdigkeit des Dorfes Palataki.<br \/>\nDie Geschichte erz\u00e4hlt, dass es ein deutscher Sitz f\u00fcr die F\u00fchrungsergebnisse der Mineraleinkommen war.<br \/>\nSie k\u00f6nnen noch die Wasserf\u00e4lle in Potamia, die Keramik von Kosti, den Arch\u00e4ologischen Ort in Aliki und Tarsana besuchen.<\/p>\n<\/div>\n<\/div>\n<\/div>\n<\/div>\n<\/div>\n<div  class=\"one withsmallpadding ppb_text\" style=\"padding:30px 0 30px 0;\" >\n<div class=\"standard_wrapper\">\n<div class=\"page_content_wrapper\">\n<div class=\"inner\">\n<div style=\"margin:auto;width:100%\">\n<p style=\"text-align: center;\">Jede Insel hat ihre Sehensw\u00fcrdigkeiten und ihre eigene Geschichte.<br \/>\nEine der ber\u00fchmtesten Sehensw\u00fcrdigkeit auf Thasos ist der Strand Metalia, der als Mineralbauwerkstatt benutzt wurde.<br \/>\nLiegt in Limenaria. Au\u00dferdem gibt es noch die ber\u00fchmte Sehensw\u00fcrdigkeit des Dorfes Palataki.<br \/>\nDie Geschichte erz\u00e4hlt, dass es ein deutscher Sitz f\u00fcr die F\u00fchrungsergebnisse der Mineraleinkommen war.<br \/>\nSie k\u00f6nnen noch die Wasserf\u00e4lle in Potamia, die Keramik von Kosti, den Arch\u00e4ologischen Ort in Aliki und Tarsana besuchen.<\/p>\n<\/div>\n<\/div>\n<\/div>\n<\/div>\n<\/div>\n<div  class=\"one withsmallpadding ppb_header \" style=\"text-align:left;padding:30px 0 30px 0;\" >\n<div class=\"standard_wrapper\">\n<div class=\"page_content_wrapper\">\n<div class=\"inner\">\n<div style=\"margin:auto;width:100%\">\n<h2 class=\"ppb_title\" style=\"\">TRADITIONELLE ORTHODOXE KIRCHEN<\/h2>\n<hr class=\"title_break left\" style=\"\"\/>\n<div class=\"ppb_header_content\">\n<p style=\"text-align: center;\">\u201eManche sind so klein, um auch noch die kleinste Hochzeit zu bewirten\u201c!<\/p>\n<\/div>\n<\/div>\n<\/div>\n<\/div>\n<\/div>\n<\/div>\n<div  class=\"one withsmallpadding ppb_text\" style=\"padding:30px 0 30px 0;\" >\n<div class=\"standard_wrapper\">\n<div class=\"page_content_wrapper\">\n<div class=\"inner\">\n<div style=\"margin:auto;width:100%\">\n<p style=\"text-align: center;\">Aber schlie\u00dflich was ist wichtiger f\u00fcr eine Hochzeit von denselben Kirchen und Kapellen?<br \/>\nIn Wirklichkeit sind manche so klein, um auch noch die kleinste Hochzeit zu bewirten.<br \/>\nSo kommt man zum Ergebnis, dass die Hochzeit drau\u00dfen unter der leuchtenden Sonne verwirklicht wird.<br \/>\nSo eine ist die Kapelle der Aposteln in Limenaria.<br \/>\nSie ist auf eine altchristliche Kirche die fr\u00fcher in derselben Stelle war, gebaut.<br \/>\nSie k\u00f6nnen <a href=\"http:\/\/thedreammakers.gr\/de\/orthodoxe-hochzeit-auf-thassos\/\"><strong>hier<\/strong><\/a> eine Auswahl von unseren Lieblingskirchen auf Thasos sehen.<\/p>\n<\/div>\n<\/div>\n<\/div>\n<\/div>\n<\/div>\n<div  class=\" standard_wrapper ppb_popup one \" style=\"padding:60px 0 60px 0;\" >\n<div class=\"page_content_wrapper\">\n<div class=\"inner\">\n<div class=\"overlay_gallery_wrapper\" style=\"text-align:left;background:;\">\n<div class=\"overlay_gallery_border\" style=\"\">\n<div class=\"overlay_gallery_content\">\n<h2 class=\"ppb_title\" style=\"\">SCHLUSSFOLGERUNG<\/h2>\n<hr class=\"title_break left\" style=\"\"\/>\n<div class=\"ppb_header_content\">\n<p style=\"text-align: center;\">Folglich, ist Thasos ein einzigartiger Bestimmungsort f\u00fcr ihre Traumhochzeit.<br \/>\nMit viel Auswahl aus faszinierenden Str\u00e4nden, luxuri\u00f6se Hotels, leckeres Essen, einzigartige Unterhaltung, magische Sehensw\u00fcrdigkeiten und traditionelle Kapellen, gibt es sicher etwas Einzigartiges in eine Hochzeit auf Thasos.<br \/>\nSuchen sie mehr Informationen oder m\u00f6chten \u00a0sie einfach \u00fcber unsere <strong>Hochzeitspakete<\/strong> nachfragen? Z\u00f6gern sie nicht mit uns in <strong>Verbindung zu kommen!<\/strong><\/p>\n<p><strong><a href=\"http:\/\/thedreammakers.gr\/de\/kontakt\/\">Kontaktieren Sie uns<\/a><\/strong><\/p>\n<\/div>\n<\/div>\n<\/div>\n<\/div>\n<\/div>\n<\/div>\n<\/div>\n","protected":false},"excerpt":{"rendered":"","protected":false},"author":1,"featured_media":0,"parent":0,"menu_order":0,"comment_status":"closed","ping_status":"closed","template":"","meta":{"_wp_convertkit_post_meta":{"form":"-1","landing_page":"0","tag":"0","restrict_content":"0"},"footnotes":""},"class_list":["post-6096","page","type-page","status-publish","hentry"],"yoast_head":"<!-- This site is optimized with the Yoast SEO plugin v27.5 - https:\/\/yoast.com\/product\/yoast-seo-wordpress\/ -->\n<title>Hochzeit Thasos - BESTE ORTE AUF THASOS | The Dreammakers<\/title>\n<meta name=\"description\" content=\"Hochzeit Thasos.Ist Thassos die beste Insel f\u00fcr Ihre Hochzeit? Lesen Sie unseren Artikel \u00fcber die besten Orte in Thassos, um eigene Schl\u00fcsse zu ziehen.\" \/>\n<meta name=\"robots\" content=\"index, follow, max-snippet:-1, max-image-preview:large, max-video-preview:-1\" \/>\n<link rel=\"canonical\" href=\"https:\/\/thedreammakers.gr\/de\/hochzeit-thasos\/\" \/>\n<meta property=\"og:locale\" content=\"de_DE\" \/>\n<meta property=\"og:type\" content=\"article\" \/>\n<meta property=\"og:title\" content=\"Hochzeit Thasos - BESTE ORTE AUF THASOS | The Dreammakers\" \/>\n<meta property=\"og:description\" content=\"Hochzeit Thasos.Ist Thassos die beste Insel f\u00fcr Ihre Hochzeit? Lesen Sie unseren Artikel \u00fcber die besten Orte in Thassos, um eigene Schl\u00fcsse zu ziehen.\" \/>\n<meta property=\"og:url\" content=\"https:\/\/thedreammakers.gr\/de\/hochzeit-thasos\/\" \/>\n<meta property=\"og:site_name\" content=\"The Dreammakers\" \/>\n<meta property=\"article:publisher\" content=\"https:\/\/www.facebook.com\/thedreammakersgreece\/\" \/>\n<meta property=\"article:modified_time\" content=\"2018-10-10T09:17:56+00:00\" \/>\n<meta name=\"twitter:card\" content=\"summary_large_image\" \/>\n<meta name=\"twitter:label1\" content=\"Gesch\u00e4tzte Lesezeit\" \/>\n\t<meta name=\"twitter:data1\" content=\"5\u00a0Minuten\" \/>\n<script type=\"application\/ld+json\" class=\"yoast-schema-graph\">{\"@context\":\"https:\\\/\\\/schema.org\",\"@graph\":[{\"@type\":\"WebPage\",\"@id\":\"https:\\\/\\\/thedreammakers.gr\\\/de\\\/hochzeit-thasos\\\/\",\"url\":\"https:\\\/\\\/thedreammakers.gr\\\/de\\\/hochzeit-thasos\\\/\",\"name\":\"Hochzeit Thasos - BESTE ORTE AUF THASOS | The Dreammakers\",\"isPartOf\":{\"@id\":\"https:\\\/\\\/thedreammakers.gr\\\/de\\\/#website\"},\"datePublished\":\"2018-07-04T08:42:33+00:00\",\"dateModified\":\"2018-10-10T09:17:56+00:00\",\"description\":\"Hochzeit Thasos.Ist Thassos die beste Insel f\u00fcr Ihre Hochzeit? Lesen Sie unseren Artikel \u00fcber die besten Orte in Thassos, um eigene Schl\u00fcsse zu ziehen.\",\"breadcrumb\":{\"@id\":\"https:\\\/\\\/thedreammakers.gr\\\/de\\\/hochzeit-thasos\\\/#breadcrumb\"},\"inLanguage\":\"de\",\"potentialAction\":[{\"@type\":\"ReadAction\",\"target\":[\"https:\\\/\\\/thedreammakers.gr\\\/de\\\/hochzeit-thasos\\\/\"]}]},{\"@type\":\"BreadcrumbList\",\"@id\":\"https:\\\/\\\/thedreammakers.gr\\\/de\\\/hochzeit-thasos\\\/#breadcrumb\",\"itemListElement\":[{\"@type\":\"ListItem\",\"position\":1,\"name\":\"Home\",\"item\":\"https:\\\/\\\/thedreammakers.gr\\\/de\\\/\"},{\"@type\":\"ListItem\",\"position\":2,\"name\":\"HOCHZEIT THASOS|BESTE ORTE AUF THASOS\"}]},{\"@type\":\"WebSite\",\"@id\":\"https:\\\/\\\/thedreammakers.gr\\\/de\\\/#website\",\"url\":\"https:\\\/\\\/thedreammakers.gr\\\/de\\\/\",\"name\":\"The Dreammakers\",\"description\":\"Dream Wedding in Greece\",\"publisher\":{\"@id\":\"https:\\\/\\\/thedreammakers.gr\\\/de\\\/#organization\"},\"potentialAction\":[{\"@type\":\"SearchAction\",\"target\":{\"@type\":\"EntryPoint\",\"urlTemplate\":\"https:\\\/\\\/thedreammakers.gr\\\/de\\\/?s={search_term_string}\"},\"query-input\":{\"@type\":\"PropertyValueSpecification\",\"valueRequired\":true,\"valueName\":\"search_term_string\"}}],\"inLanguage\":\"de\"},{\"@type\":\"Organization\",\"@id\":\"https:\\\/\\\/thedreammakers.gr\\\/de\\\/#organization\",\"name\":\"The Dreammakers\",\"url\":\"https:\\\/\\\/thedreammakers.gr\\\/de\\\/\",\"logo\":{\"@type\":\"ImageObject\",\"inLanguage\":\"de\",\"@id\":\"https:\\\/\\\/thedreammakers.gr\\\/de\\\/#\\\/schema\\\/logo\\\/image\\\/\",\"url\":\"https:\\\/\\\/thedreammakers.gr\\\/wp-content\\\/uploads\\\/2017\\\/11\\\/website2.png\",\"contentUrl\":\"https:\\\/\\\/thedreammakers.gr\\\/wp-content\\\/uploads\\\/2017\\\/11\\\/website2.png\",\"width\":400,\"height\":238,\"caption\":\"The Dreammakers\"},\"image\":{\"@id\":\"https:\\\/\\\/thedreammakers.gr\\\/de\\\/#\\\/schema\\\/logo\\\/image\\\/\"},\"sameAs\":[\"https:\\\/\\\/www.facebook.com\\\/thedreammakersgreece\\\/\",\"https:\\\/\\\/www.instagram.com\\\/thedreammakers_greece\\\/\"]}]}<\/script>\n<!-- \/ Yoast SEO plugin. -->","yoast_head_json":{"title":"Hochzeit Thasos - BESTE ORTE AUF THASOS | The Dreammakers","description":"Hochzeit Thasos.Ist Thassos die beste Insel f\u00fcr Ihre Hochzeit? Lesen Sie unseren Artikel \u00fcber die besten Orte in Thassos, um eigene Schl\u00fcsse zu ziehen.","robots":{"index":"index","follow":"follow","max-snippet":"max-snippet:-1","max-image-preview":"max-image-preview:large","max-video-preview":"max-video-preview:-1"},"canonical":"https:\/\/thedreammakers.gr\/de\/hochzeit-thasos\/","og_locale":"de_DE","og_type":"article","og_title":"Hochzeit Thasos - BESTE ORTE AUF THASOS | The Dreammakers","og_description":"Hochzeit Thasos.Ist Thassos die beste Insel f\u00fcr Ihre Hochzeit? Lesen Sie unseren Artikel \u00fcber die besten Orte in Thassos, um eigene Schl\u00fcsse zu ziehen.","og_url":"https:\/\/thedreammakers.gr\/de\/hochzeit-thasos\/","og_site_name":"The Dreammakers","article_publisher":"https:\/\/www.facebook.com\/thedreammakersgreece\/","article_modified_time":"2018-10-10T09:17:56+00:00","twitter_card":"summary_large_image","twitter_misc":{"Gesch\u00e4tzte Lesezeit":"5\u00a0Minuten"},"schema":{"@context":"https:\/\/schema.org","@graph":[{"@type":"WebPage","@id":"https:\/\/thedreammakers.gr\/de\/hochzeit-thasos\/","url":"https:\/\/thedreammakers.gr\/de\/hochzeit-thasos\/","name":"Hochzeit Thasos - BESTE ORTE AUF THASOS | The Dreammakers","isPartOf":{"@id":"https:\/\/thedreammakers.gr\/de\/#website"},"datePublished":"2018-07-04T08:42:33+00:00","dateModified":"2018-10-10T09:17:56+00:00","description":"Hochzeit Thasos.Ist Thassos die beste Insel f\u00fcr Ihre Hochzeit? Lesen Sie unseren Artikel \u00fcber die besten Orte in Thassos, um eigene Schl\u00fcsse zu ziehen.","breadcrumb":{"@id":"https:\/\/thedreammakers.gr\/de\/hochzeit-thasos\/#breadcrumb"},"inLanguage":"de","potentialAction":[{"@type":"ReadAction","target":["https:\/\/thedreammakers.gr\/de\/hochzeit-thasos\/"]}]},{"@type":"BreadcrumbList","@id":"https:\/\/thedreammakers.gr\/de\/hochzeit-thasos\/#breadcrumb","itemListElement":[{"@type":"ListItem","position":1,"name":"Home","item":"https:\/\/thedreammakers.gr\/de\/"},{"@type":"ListItem","position":2,"name":"HOCHZEIT THASOS|BESTE ORTE AUF THASOS"}]},{"@type":"WebSite","@id":"https:\/\/thedreammakers.gr\/de\/#website","url":"https:\/\/thedreammakers.gr\/de\/","name":"The Dreammakers","description":"Dream Wedding in Greece","publisher":{"@id":"https:\/\/thedreammakers.gr\/de\/#organization"},"potentialAction":[{"@type":"SearchAction","target":{"@type":"EntryPoint","urlTemplate":"https:\/\/thedreammakers.gr\/de\/?s={search_term_string}"},"query-input":{"@type":"PropertyValueSpecification","valueRequired":true,"valueName":"search_term_string"}}],"inLanguage":"de"},{"@type":"Organization","@id":"https:\/\/thedreammakers.gr\/de\/#organization","name":"The Dreammakers","url":"https:\/\/thedreammakers.gr\/de\/","logo":{"@type":"ImageObject","inLanguage":"de","@id":"https:\/\/thedreammakers.gr\/de\/#\/schema\/logo\/image\/","url":"https:\/\/thedreammakers.gr\/wp-content\/uploads\/2017\/11\/website2.png","contentUrl":"https:\/\/thedreammakers.gr\/wp-content\/uploads\/2017\/11\/website2.png","width":400,"height":238,"caption":"The Dreammakers"},"image":{"@id":"https:\/\/thedreammakers.gr\/de\/#\/schema\/logo\/image\/"},"sameAs":["https:\/\/www.facebook.com\/thedreammakersgreece\/","https:\/\/www.instagram.com\/thedreammakers_greece\/"]}]}},"_links":{"self":[{"href":"https:\/\/thedreammakers.gr\/de\/wp-json\/wp\/v2\/pages\/6096","targetHints":{"allow":["GET"]}}],"collection":[{"href":"https:\/\/thedreammakers.gr\/de\/wp-json\/wp\/v2\/pages"}],"about":[{"href":"https:\/\/thedreammakers.gr\/de\/wp-json\/wp\/v2\/types\/page"}],"author":[{"embeddable":true,"href":"https:\/\/thedreammakers.gr\/de\/wp-json\/wp\/v2\/users\/1"}],"replies":[{"embeddable":true,"href":"https:\/\/thedreammakers.gr\/de\/wp-json\/wp\/v2\/comments?post=6096"}],"version-history":[{"count":7,"href":"https:\/\/thedreammakers.gr\/de\/wp-json\/wp\/v2\/pages\/6096\/revisions"}],"predecessor-version":[{"id":6103,"href":"https:\/\/thedreammakers.gr\/de\/wp-json\/wp\/v2\/pages\/6096\/revisions\/6103"}],"wp:attachment":[{"href":"https:\/\/thedreammakers.gr\/de\/wp-json\/wp\/v2\/media?parent=6096"}],"curies":[{"name":"wp","href":"https:\/\/api.w.org\/{rel}","templated":true}]}}