{"id":6028,"date":"2017-12-11T15:15:43","date_gmt":"2017-12-11T12:15:43","guid":{"rendered":"http:\/\/thedreammakers.gr\/%ce%b2%ce%af%ce%bd%cf%84%ce%b5%ce%bf-%ce%b3%ce%ac%ce%bc%ce%bf%cf%85\/"},"modified":"2018-10-05T10:19:48","modified_gmt":"2018-10-05T07:19:48","slug":"hochzeitsvideo","status":"publish","type":"page","link":"https:\/\/thedreammakers.gr\/de\/hochzeitsvideo\/","title":{"rendered":"HOCHZEITSVIDEO &#038; VIDEOAUFNAHME"},"content":{"rendered":"<div class=\"standard_wrapper\">\n<div  class=\"one_third withsmallpadding ppb_header \" style=\"text-align:left;padding:30px 0 30px 0;\" >\n<div class=\"page_content_wrapper\">\n<div class=\"inner\">\n<div style=\"margin:auto;width:100%\">\n<h2 class=\"ppb_title\" style=\"\">IHRE TR\u00c4UME WERDEN WAHR<\/h2>\n<\/div>\n<\/div>\n<\/div>\n<\/div>\n<\/div>\n<div class=\"standard_wrapper\">\n<div  class=\"one_third withsmallpadding ppb_text\" style=\"padding:30px 0 30px 0;\" >\n<div class=\"standard_wrapper\">\n<div class=\"page_content_wrapper\">\n<div class=\"inner\">\n<div style=\"margin:auto;width:100%\">\n<p><strong>Hochzeitsvideo <\/strong> <strong>|<\/strong> Ihre Hochzeitsvideoaufnahme erz\u00e4hlt am besten ihre Hochzeitsgeschichte. Lassen sie uns ihre Gef\u00fchle und Sch\u00f6nheit dieses Tages in ihrem Hochzeitstag registrieren.\u00a0Lassen Sie uns ein Traumhochzeitsvideo erstellen, das die Magie Ihrer Liebe f\u00fcr viele Jahre am Leben erh\u00e4lt<\/p>\n<p>\u00a0<\/p>\n<\/div>\n<\/div>\n<\/div>\n<\/div>\n<\/div>\n<\/div>\n<div class=\"standard_wrapper\">\n<div  class=\"one_third last withsmallpadding ppb_text\" style=\"padding:30px 0 30px 0;\" >\n<div class=\"standard_wrapper\">\n<div class=\"page_content_wrapper\">\n<div class=\"inner\">\n<div style=\"margin:auto;width:100%\">\n<p><strong> Ihre Liebesgeschichte<\/strong> <strong>| <\/strong>Die Geschichte ihrer Liebe ist ein kleiner Film, der ihre besondere Beziehung darstellt. Darum umfasst sie die besten Momente ihres Hochzeitstages. Wir machen es mit Vorsicht und Liebe und benutzen unsere Fantasie\u2026 Schlie\u00dflich bearbeiten wir das Video und mischen es mit ihrem Pers\u00f6nlichkeit Lied. Lassen sie uns ein traumhaftes Hochzeitvideo gestalten, das die Magie ihrer Liebe noch nach vielen Jahren lebhaft erhalten wird!<\/p>\n<\/div>\n<\/div>\n<\/div>\n<\/div>\n<\/div>\n<\/div>\n<div  class=\"one withsmallpadding ppb_text\" style=\"padding:30px 0 30px 0;\" >\n<div class=\"standard_wrapper\">\n<div class=\"page_content_wrapper\">\n<div class=\"inner\">\n<div style=\"margin:auto;width:100%\">\n<h2 style=\"text-align: center;\">HOCHZEITSVIDEO IN CHALKIDIKI<\/h2>\n<p style=\"text-align: center;\"><a href=\"http:\/\/thedreammakers.gr\/el\/portfolios\/\u03c6\u03c9\u03c4\u03bf\u03b3\u03c1\u03ac\u03c6\u03b9\u03c3\u03b7-\u03b3\u03ac\u03bc\u03bf\u03c5-\u03c7\u03b1\u03bb\u03ba\u03b9\u03b4\u03b9\u03ba\u03ae\/\"><strong>Hochzeitsvideoaufnahme mit Drone in Posidi<\/strong><\/a> \u2013 Chaikidiki.<\/p>\n<\/div>\n<\/div>\n<\/div>\n<\/div>\n<\/div>\n<div  class=\"one withsmallpadding ppb_text\" style=\"padding:30px;\" >\n<p><iframe src=\"https:\/\/player.vimeo.com\/video\/239685554?title=0&#038;byline=0&#038;portrait=0\" width=\"1366\" height=\"768\" frameborder=\"0\" allowfullscreen=\"allowfullscreen\"><\/iframe><\/p>\n<\/div>\n<div  class=\"one withsmallpadding ppb_text\" style=\"padding:30px;\" >\n<p><iframe src=\"https:\/\/player.vimeo.com\/video\/239685554?title=0&#038;byline=0&#038;portrait=0\" width=\"1366\" height=\"768\" frameborder=\"0\" allowfullscreen=\"allowfullscreen\"><\/iframe><\/p>\n<\/div>\n<div  class=\"one withsmallpadding ppb_text\" style=\"padding:30px 0 30px 0;\" >\n<div class=\"standard_wrapper\">\n<div class=\"page_content_wrapper\">\n<div class=\"inner\">\n<div style=\"margin:auto;width:100%\">\n<h2 style=\"text-align: center;\">LIEBESGESCHICHTE IN THASOS<\/h2>\n<p style=\"text-align: center;\">Eine <a href=\"http:\/\/thedreammakers.gr\/el\/portfolios\/%CE%B3%CE%AC%CE%BC%CE%BF%CF%82-%CF%83%CF%84%CE%B7%CE%BD-%CF%83%CE%B1%CE%BB%CE%B9%CE%AC%CF%81%CE%B1\/\"><strong>Liebesgeschichte im Strand Saliara<\/strong><\/a> \u2013 Thasos.<\/p>\n<\/div>\n<\/div>\n<\/div>\n<\/div>\n<\/div>\n<div  class=\"one withsmallpadding ppb_text\" style=\"padding:30px;\" >\n<p><iframe src=\"https:\/\/player.vimeo.com\/video\/241931446?title=0&#038;byline=0&#038;portrait=0\" width=\"1366\" height=\"768\" frameborder=\"0\" allowfullscreen=\"allowfullscreen\"><\/iframe><\/p>\n<\/div>\n","protected":false},"excerpt":{"rendered":"","protected":false},"author":1,"featured_media":0,"parent":0,"menu_order":0,"comment_status":"closed","ping_status":"closed","template":"","meta":{"footnotes":""},"class_list":["post-6028","page","type-page","status-publish","hentry"],"yoast_head":"<!-- This site is optimized with the Yoast SEO plugin v27.4 - https:\/\/yoast.com\/product\/yoast-seo-wordpress\/ -->\n<title>Hochzeitsvideo &amp; Ihre Liebesgeschichte| The Dreammakers<\/title>\n<meta name=\"description\" content=\"Hochzeitsvideo. Deine Tr\u00e4ume werden mit einem Hochzeitsvideo zum Leben erweckt! Hochzeitsfotografie und Drone Capture. Finde die besten Hochzeitspakete!\" \/>\n<meta name=\"robots\" content=\"index, follow, max-snippet:-1, max-image-preview:large, max-video-preview:-1\" \/>\n<link rel=\"canonical\" href=\"https:\/\/thedreammakers.gr\/de\/hochzeitsvideo\/\" \/>\n<meta property=\"og:locale\" content=\"de_DE\" \/>\n<meta property=\"og:type\" content=\"article\" \/>\n<meta property=\"og:title\" content=\"Hochzeitsvideo &amp; Ihre Liebesgeschichte| The Dreammakers\" \/>\n<meta property=\"og:description\" content=\"Hochzeitsvideo. Deine Tr\u00e4ume werden mit einem Hochzeitsvideo zum Leben erweckt! Hochzeitsfotografie und Drone Capture. Finde die besten Hochzeitspakete!\" \/>\n<meta property=\"og:url\" content=\"https:\/\/thedreammakers.gr\/de\/hochzeitsvideo\/\" \/>\n<meta property=\"og:site_name\" content=\"The Dreammakers\" \/>\n<meta property=\"article:publisher\" content=\"https:\/\/www.facebook.com\/thedreammakersgreece\/\" \/>\n<meta property=\"article:modified_time\" content=\"2018-10-05T07:19:48+00:00\" \/>\n<meta name=\"twitter:card\" content=\"summary_large_image\" \/>\n<meta name=\"twitter:label1\" content=\"Gesch\u00e4tzte Lesezeit\" \/>\n\t<meta name=\"twitter:data1\" content=\"1\u00a0Minute\" \/>\n<script type=\"application\/ld+json\" class=\"yoast-schema-graph\">{\"@context\":\"https:\\\/\\\/schema.org\",\"@graph\":[{\"@type\":\"WebPage\",\"@id\":\"https:\\\/\\\/thedreammakers.gr\\\/de\\\/hochzeitsvideo\\\/\",\"url\":\"https:\\\/\\\/thedreammakers.gr\\\/de\\\/hochzeitsvideo\\\/\",\"name\":\"Hochzeitsvideo & Ihre Liebesgeschichte| The Dreammakers\",\"isPartOf\":{\"@id\":\"https:\\\/\\\/thedreammakers.gr\\\/de\\\/#website\"},\"datePublished\":\"2017-12-11T12:15:43+00:00\",\"dateModified\":\"2018-10-05T07:19:48+00:00\",\"description\":\"Hochzeitsvideo. Deine Tr\u00e4ume werden mit einem Hochzeitsvideo zum Leben erweckt! Hochzeitsfotografie und Drone Capture. Finde die besten Hochzeitspakete!\",\"breadcrumb\":{\"@id\":\"https:\\\/\\\/thedreammakers.gr\\\/de\\\/hochzeitsvideo\\\/#breadcrumb\"},\"inLanguage\":\"de\",\"potentialAction\":[{\"@type\":\"ReadAction\",\"target\":[\"https:\\\/\\\/thedreammakers.gr\\\/de\\\/hochzeitsvideo\\\/\"]}]},{\"@type\":\"BreadcrumbList\",\"@id\":\"https:\\\/\\\/thedreammakers.gr\\\/de\\\/hochzeitsvideo\\\/#breadcrumb\",\"itemListElement\":[{\"@type\":\"ListItem\",\"position\":1,\"name\":\"Home\",\"item\":\"https:\\\/\\\/thedreammakers.gr\\\/de\\\/\"},{\"@type\":\"ListItem\",\"position\":2,\"name\":\"HOCHZEITSVIDEO &#038; VIDEOAUFNAHME\"}]},{\"@type\":\"WebSite\",\"@id\":\"https:\\\/\\\/thedreammakers.gr\\\/de\\\/#website\",\"url\":\"https:\\\/\\\/thedreammakers.gr\\\/de\\\/\",\"name\":\"The Dreammakers\",\"description\":\"Dream Wedding in Greece\",\"publisher\":{\"@id\":\"https:\\\/\\\/thedreammakers.gr\\\/de\\\/#organization\"},\"potentialAction\":[{\"@type\":\"SearchAction\",\"target\":{\"@type\":\"EntryPoint\",\"urlTemplate\":\"https:\\\/\\\/thedreammakers.gr\\\/de\\\/?s={search_term_string}\"},\"query-input\":{\"@type\":\"PropertyValueSpecification\",\"valueRequired\":true,\"valueName\":\"search_term_string\"}}],\"inLanguage\":\"de\"},{\"@type\":\"Organization\",\"@id\":\"https:\\\/\\\/thedreammakers.gr\\\/de\\\/#organization\",\"name\":\"The Dreammakers\",\"url\":\"https:\\\/\\\/thedreammakers.gr\\\/de\\\/\",\"logo\":{\"@type\":\"ImageObject\",\"inLanguage\":\"de\",\"@id\":\"https:\\\/\\\/thedreammakers.gr\\\/de\\\/#\\\/schema\\\/logo\\\/image\\\/\",\"url\":\"https:\\\/\\\/thedreammakers.gr\\\/wp-content\\\/uploads\\\/2017\\\/11\\\/website2.png\",\"contentUrl\":\"https:\\\/\\\/thedreammakers.gr\\\/wp-content\\\/uploads\\\/2017\\\/11\\\/website2.png\",\"width\":400,\"height\":238,\"caption\":\"The Dreammakers\"},\"image\":{\"@id\":\"https:\\\/\\\/thedreammakers.gr\\\/de\\\/#\\\/schema\\\/logo\\\/image\\\/\"},\"sameAs\":[\"https:\\\/\\\/www.facebook.com\\\/thedreammakersgreece\\\/\",\"https:\\\/\\\/www.instagram.com\\\/thedreammakers_greece\\\/\"]}]}<\/script>\n<!-- \/ Yoast SEO plugin. -->","yoast_head_json":{"title":"Hochzeitsvideo & Ihre Liebesgeschichte| The Dreammakers","description":"Hochzeitsvideo. Deine Tr\u00e4ume werden mit einem Hochzeitsvideo zum Leben erweckt! Hochzeitsfotografie und Drone Capture. Finde die besten Hochzeitspakete!","robots":{"index":"index","follow":"follow","max-snippet":"max-snippet:-1","max-image-preview":"max-image-preview:large","max-video-preview":"max-video-preview:-1"},"canonical":"https:\/\/thedreammakers.gr\/de\/hochzeitsvideo\/","og_locale":"de_DE","og_type":"article","og_title":"Hochzeitsvideo & Ihre Liebesgeschichte| The Dreammakers","og_description":"Hochzeitsvideo. Deine Tr\u00e4ume werden mit einem Hochzeitsvideo zum Leben erweckt! Hochzeitsfotografie und Drone Capture. Finde die besten Hochzeitspakete!","og_url":"https:\/\/thedreammakers.gr\/de\/hochzeitsvideo\/","og_site_name":"The Dreammakers","article_publisher":"https:\/\/www.facebook.com\/thedreammakersgreece\/","article_modified_time":"2018-10-05T07:19:48+00:00","twitter_card":"summary_large_image","twitter_misc":{"Gesch\u00e4tzte Lesezeit":"1\u00a0Minute"},"schema":{"@context":"https:\/\/schema.org","@graph":[{"@type":"WebPage","@id":"https:\/\/thedreammakers.gr\/de\/hochzeitsvideo\/","url":"https:\/\/thedreammakers.gr\/de\/hochzeitsvideo\/","name":"Hochzeitsvideo & Ihre Liebesgeschichte| The Dreammakers","isPartOf":{"@id":"https:\/\/thedreammakers.gr\/de\/#website"},"datePublished":"2017-12-11T12:15:43+00:00","dateModified":"2018-10-05T07:19:48+00:00","description":"Hochzeitsvideo. Deine Tr\u00e4ume werden mit einem Hochzeitsvideo zum Leben erweckt! Hochzeitsfotografie und Drone Capture. Finde die besten Hochzeitspakete!","breadcrumb":{"@id":"https:\/\/thedreammakers.gr\/de\/hochzeitsvideo\/#breadcrumb"},"inLanguage":"de","potentialAction":[{"@type":"ReadAction","target":["https:\/\/thedreammakers.gr\/de\/hochzeitsvideo\/"]}]},{"@type":"BreadcrumbList","@id":"https:\/\/thedreammakers.gr\/de\/hochzeitsvideo\/#breadcrumb","itemListElement":[{"@type":"ListItem","position":1,"name":"Home","item":"https:\/\/thedreammakers.gr\/de\/"},{"@type":"ListItem","position":2,"name":"HOCHZEITSVIDEO &#038; VIDEOAUFNAHME"}]},{"@type":"WebSite","@id":"https:\/\/thedreammakers.gr\/de\/#website","url":"https:\/\/thedreammakers.gr\/de\/","name":"The Dreammakers","description":"Dream Wedding in Greece","publisher":{"@id":"https:\/\/thedreammakers.gr\/de\/#organization"},"potentialAction":[{"@type":"SearchAction","target":{"@type":"EntryPoint","urlTemplate":"https:\/\/thedreammakers.gr\/de\/?s={search_term_string}"},"query-input":{"@type":"PropertyValueSpecification","valueRequired":true,"valueName":"search_term_string"}}],"inLanguage":"de"},{"@type":"Organization","@id":"https:\/\/thedreammakers.gr\/de\/#organization","name":"The Dreammakers","url":"https:\/\/thedreammakers.gr\/de\/","logo":{"@type":"ImageObject","inLanguage":"de","@id":"https:\/\/thedreammakers.gr\/de\/#\/schema\/logo\/image\/","url":"https:\/\/thedreammakers.gr\/wp-content\/uploads\/2017\/11\/website2.png","contentUrl":"https:\/\/thedreammakers.gr\/wp-content\/uploads\/2017\/11\/website2.png","width":400,"height":238,"caption":"The Dreammakers"},"image":{"@id":"https:\/\/thedreammakers.gr\/de\/#\/schema\/logo\/image\/"},"sameAs":["https:\/\/www.facebook.com\/thedreammakersgreece\/","https:\/\/www.instagram.com\/thedreammakers_greece\/"]}]}},"_links":{"self":[{"href":"https:\/\/thedreammakers.gr\/de\/wp-json\/wp\/v2\/pages\/6028","targetHints":{"allow":["GET"]}}],"collection":[{"href":"https:\/\/thedreammakers.gr\/de\/wp-json\/wp\/v2\/pages"}],"about":[{"href":"https:\/\/thedreammakers.gr\/de\/wp-json\/wp\/v2\/types\/page"}],"author":[{"embeddable":true,"href":"https:\/\/thedreammakers.gr\/de\/wp-json\/wp\/v2\/users\/1"}],"replies":[{"embeddable":true,"href":"https:\/\/thedreammakers.gr\/de\/wp-json\/wp\/v2\/comments?post=6028"}],"version-history":[{"count":4,"href":"https:\/\/thedreammakers.gr\/de\/wp-json\/wp\/v2\/pages\/6028\/revisions"}],"predecessor-version":[{"id":6032,"href":"https:\/\/thedreammakers.gr\/de\/wp-json\/wp\/v2\/pages\/6028\/revisions\/6032"}],"wp:attachment":[{"href":"https:\/\/thedreammakers.gr\/de\/wp-json\/wp\/v2\/media?parent=6028"}],"curies":[{"name":"wp","href":"https:\/\/api.w.org\/{rel}","templated":true}]}}