{"id":6010,"date":"2017-12-11T16:18:13","date_gmt":"2017-12-11T13:18:13","guid":{"rendered":"http:\/\/thedreammakers.gr\/%ce%b5%cf%80%ce%b9%ce%ba%ce%bf%ce%b9%ce%bd%cf%89%ce%bd%ce%ae%cf%83%cf%84%ce%b5-%ce%bc%ce%b1%ce%b6%ce%af-%ce%bc%ce%b1%cf%82\/"},"modified":"2024-01-11T06:02:10","modified_gmt":"2024-01-11T03:02:10","slug":"kontakt","status":"publish","type":"page","link":"https:\/\/thedreammakers.gr\/de\/kontakt\/","title":{"rendered":"KOMMUNIZIEREN SIE MIT UNS"},"content":{"rendered":"<div  class=\"one withsmallpadding ppb_header \" style=\"padding-top:60px !important;text-align:center;padding:25px 0 25px 0;\" >\n<div class=\"standard_wrapper\">\n<div class=\"page_content_wrapper\">\n<div class=\"inner\">\n<div style=\"margin:auto;width:50%\">\n<h2 class=\"ppb_title\" style=\"\">KOMMUNIZIEREN SIE MIT UNS<\/h2>\n<hr class=\"title_break center\" style=\"\"\/>\n<div class=\"ppb_header_content\">\n<p style=\"text-align: center;\">F\u00fcr Informationen bez\u00fcglich mit ihrer Hochzeit, <strong><a href=\"http:\/\/thedreammakers.gr\/de\/bezueglich-mit-uns\/\">den Fotografen<\/a><\/strong>, den Ort, <strong><a href=\"http:\/\/thedreammakers.gr\/de\/hochzeit-in-griechenland\/\">den Bestimmungsort<\/a><\/strong>, <strong><a href=\"https:\/\/www.booking.com\/searchresults.de.html?aid=376363&#038;label=booking-name-MAwwjickQVoQNs4vmbOhyQS36078172758%3Apl%3Ata%3Ap1%3Ap21%2C607%2C000%3Aac%3Aap1t1%3Aneg%3Afi%3Atikwd-65526620%3Alp9067674%3Ali%3Adec%3Adm&#038;sid=660e047d9a4001289b75720c33cf23c4&#038;class_interval=1&#038;dest_id=2391&#038;dest_type=region&#038;dtdisc=0&#038;from_sf=1&#038;genius_rate=1&#038;group_adults=2&#038;group_children=0&#038;inac=0&#038;index_postcard=0&#038;label_click=undef&#038;lang=de&#038;map=1&#038;no_rooms=1&#038;offset=0&#038;postcard=0&#038;raw_dest_type=region&#038;room1=A%2CA&#038;sb_price_type=total&#038;search_selected=1&#038;soz=1&#038;src=index&#038;src_elem=sb&#038;srpvid=b1d74940da9e0094&#038;ss=%CE%98%CE%AC%CF%83%CE%BF%CF%82%2C%20%CE%95%CE%BB%CE%BB%CE%AC%CE%B4%CE%B1&#038;ss_all=0&#038;ss_raw=thass&#038;ssb=empty&#038;sshis=0&#038;ssne=Zlatograd&#038;ssne_untouched=Zlatograd&#038;lang_click=other&#038;cdl=en-gb&#038;lang_changed=1&#038;nflt=\">die Unterk\u00fcnfte<\/a><\/strong>, die Hotels, die Preise<br \/>\nund die Pakete z\u00f6gern sie nicht mit uns in Verbindung zu kommen.<br \/>\nWir freuen uns ihnen zu helfen!<\/p>\n<p style=\"text-align: center;\">Setzen sie jetzt ihren Hochzeitstermin fest!<\/p>\n<\/div>\n<\/div>\n<\/div>\n<\/div>\n<\/div>\n<\/div>\n<div  class=\"one withsmallpadding ppb_text\" style=\"padding:0px 0 0px 0;\" >\n<div class=\"standard_wrapper\">\n<div class=\"page_content_wrapper\">\n<div class=\"inner\">\n<div style=\"margin:auto;width:60%\">\n<h2 style=\"text-align: center;\">Contact<\/h2>\n<p style=\"text-align: center;\"><script type=\"text\/javascript\" src=\"https:\/\/cdnjs.cloudflare.com\/ajax\/libs\/iframe-resizer\/3.5.14\/iframeResizer.min.js\"><\/script><iframe style=\"width: 1px; min-width: 100%;\" src=\"https:\/\/hello.dubsado.com\/public\/form\/view\/64180ae3ed9f932fbb50bc25\" frameborder=\"0\"><\/iframe><script type=\"text\/javascript\">setTimeout(function(){iFrameResize({checkOrigin: false, heightCalculationMethod: \"taggedElement\"});}, 30)<\/script><br \/>\n+306949665958<br \/>\n<span style=\"color: #222222;\">Thimonia, Thassos<\/span><br style=\"color: #222222;\" \/><span style=\"color: #222222;\">64004 Greece<\/span><\/p>\n<div id=\"gtx-trans\" style=\"position: absolute; left: -26px; top: 265.328px;\">\n<div class=\"gtx-trans-icon\"><\/div>\n<\/div>\n<\/div>\n<\/div>\n<\/div>\n<\/div>\n<\/div>\n","protected":false},"excerpt":{"rendered":"","protected":false},"author":1,"featured_media":0,"parent":0,"menu_order":0,"comment_status":"closed","ping_status":"closed","template":"","meta":{"footnotes":""},"class_list":["post-6010","page","type-page","status-publish","hentry"],"yoast_head":"<!-- This site is optimized with the Yoast SEO plugin v27.3 - https:\/\/yoast.com\/product\/yoast-seo-wordpress\/ -->\n<title>Kontakt - Hochzeitsfotografie von Tr\u00e4umen | The Dreammakers<\/title>\n<meta name=\"description\" content=\"Kontakt Sie uns f\u00fcr Informationen \u00fcber Ihre Hochzeit, Fotograf, Ort, Reiseziel, Preise oder Pakete | The Dreammakers - Hochzeitsfotografie\" \/>\n<meta name=\"robots\" content=\"index, follow, max-snippet:-1, max-image-preview:large, max-video-preview:-1\" \/>\n<link rel=\"canonical\" href=\"https:\/\/thedreammakers.gr\/de\/kontakt\/\" \/>\n<meta property=\"og:locale\" content=\"de_DE\" \/>\n<meta property=\"og:type\" content=\"article\" \/>\n<meta property=\"og:title\" content=\"Kontakt - Hochzeitsfotografie von Tr\u00e4umen | The Dreammakers\" \/>\n<meta property=\"og:description\" content=\"Kontakt Sie uns f\u00fcr Informationen \u00fcber Ihre Hochzeit, Fotograf, Ort, Reiseziel, Preise oder Pakete | The Dreammakers - Hochzeitsfotografie\" \/>\n<meta property=\"og:url\" content=\"https:\/\/thedreammakers.gr\/de\/kontakt\/\" \/>\n<meta property=\"og:site_name\" content=\"The Dreammakers\" \/>\n<meta property=\"article:publisher\" content=\"https:\/\/www.facebook.com\/thedreammakersgreece\/\" \/>\n<meta property=\"article:modified_time\" content=\"2024-01-11T03:02:10+00:00\" \/>\n<meta name=\"twitter:card\" content=\"summary_large_image\" \/>\n<meta name=\"twitter:label1\" content=\"Gesch\u00e4tzte Lesezeit\" \/>\n\t<meta name=\"twitter:data1\" content=\"1\u00a0Minute\" \/>\n<script type=\"application\/ld+json\" class=\"yoast-schema-graph\">{\"@context\":\"https:\\\/\\\/schema.org\",\"@graph\":[{\"@type\":\"WebPage\",\"@id\":\"https:\\\/\\\/thedreammakers.gr\\\/de\\\/kontakt\\\/\",\"url\":\"https:\\\/\\\/thedreammakers.gr\\\/de\\\/kontakt\\\/\",\"name\":\"Kontakt - Hochzeitsfotografie von Tr\u00e4umen | The Dreammakers\",\"isPartOf\":{\"@id\":\"https:\\\/\\\/thedreammakers.gr\\\/de\\\/#website\"},\"datePublished\":\"2017-12-11T13:18:13+00:00\",\"dateModified\":\"2024-01-11T03:02:10+00:00\",\"description\":\"Kontakt Sie uns f\u00fcr Informationen \u00fcber Ihre Hochzeit, Fotograf, Ort, Reiseziel, Preise oder Pakete | The Dreammakers - Hochzeitsfotografie\",\"breadcrumb\":{\"@id\":\"https:\\\/\\\/thedreammakers.gr\\\/de\\\/kontakt\\\/#breadcrumb\"},\"inLanguage\":\"de\",\"potentialAction\":[{\"@type\":\"ReadAction\",\"target\":[\"https:\\\/\\\/thedreammakers.gr\\\/de\\\/kontakt\\\/\"]}]},{\"@type\":\"BreadcrumbList\",\"@id\":\"https:\\\/\\\/thedreammakers.gr\\\/de\\\/kontakt\\\/#breadcrumb\",\"itemListElement\":[{\"@type\":\"ListItem\",\"position\":1,\"name\":\"Home\",\"item\":\"https:\\\/\\\/thedreammakers.gr\\\/de\\\/\"},{\"@type\":\"ListItem\",\"position\":2,\"name\":\"KOMMUNIZIEREN SIE MIT UNS\"}]},{\"@type\":\"WebSite\",\"@id\":\"https:\\\/\\\/thedreammakers.gr\\\/de\\\/#website\",\"url\":\"https:\\\/\\\/thedreammakers.gr\\\/de\\\/\",\"name\":\"The Dreammakers\",\"description\":\"Dream Wedding in Greece\",\"publisher\":{\"@id\":\"https:\\\/\\\/thedreammakers.gr\\\/de\\\/#organization\"},\"potentialAction\":[{\"@type\":\"SearchAction\",\"target\":{\"@type\":\"EntryPoint\",\"urlTemplate\":\"https:\\\/\\\/thedreammakers.gr\\\/de\\\/?s={search_term_string}\"},\"query-input\":{\"@type\":\"PropertyValueSpecification\",\"valueRequired\":true,\"valueName\":\"search_term_string\"}}],\"inLanguage\":\"de\"},{\"@type\":\"Organization\",\"@id\":\"https:\\\/\\\/thedreammakers.gr\\\/de\\\/#organization\",\"name\":\"The Dreammakers\",\"url\":\"https:\\\/\\\/thedreammakers.gr\\\/de\\\/\",\"logo\":{\"@type\":\"ImageObject\",\"inLanguage\":\"de\",\"@id\":\"https:\\\/\\\/thedreammakers.gr\\\/de\\\/#\\\/schema\\\/logo\\\/image\\\/\",\"url\":\"https:\\\/\\\/thedreammakers.gr\\\/wp-content\\\/uploads\\\/2017\\\/11\\\/website2.png\",\"contentUrl\":\"https:\\\/\\\/thedreammakers.gr\\\/wp-content\\\/uploads\\\/2017\\\/11\\\/website2.png\",\"width\":400,\"height\":238,\"caption\":\"The Dreammakers\"},\"image\":{\"@id\":\"https:\\\/\\\/thedreammakers.gr\\\/de\\\/#\\\/schema\\\/logo\\\/image\\\/\"},\"sameAs\":[\"https:\\\/\\\/www.facebook.com\\\/thedreammakersgreece\\\/\",\"https:\\\/\\\/www.instagram.com\\\/thedreammakers_greece\\\/\"]}]}<\/script>\n<!-- \/ Yoast SEO plugin. -->","yoast_head_json":{"title":"Kontakt - Hochzeitsfotografie von Tr\u00e4umen | The Dreammakers","description":"Kontakt Sie uns f\u00fcr Informationen \u00fcber Ihre Hochzeit, Fotograf, Ort, Reiseziel, Preise oder Pakete | The Dreammakers - Hochzeitsfotografie","robots":{"index":"index","follow":"follow","max-snippet":"max-snippet:-1","max-image-preview":"max-image-preview:large","max-video-preview":"max-video-preview:-1"},"canonical":"https:\/\/thedreammakers.gr\/de\/kontakt\/","og_locale":"de_DE","og_type":"article","og_title":"Kontakt - Hochzeitsfotografie von Tr\u00e4umen | The Dreammakers","og_description":"Kontakt Sie uns f\u00fcr Informationen \u00fcber Ihre Hochzeit, Fotograf, Ort, Reiseziel, Preise oder Pakete | The Dreammakers - Hochzeitsfotografie","og_url":"https:\/\/thedreammakers.gr\/de\/kontakt\/","og_site_name":"The Dreammakers","article_publisher":"https:\/\/www.facebook.com\/thedreammakersgreece\/","article_modified_time":"2024-01-11T03:02:10+00:00","twitter_card":"summary_large_image","twitter_misc":{"Gesch\u00e4tzte Lesezeit":"1\u00a0Minute"},"schema":{"@context":"https:\/\/schema.org","@graph":[{"@type":"WebPage","@id":"https:\/\/thedreammakers.gr\/de\/kontakt\/","url":"https:\/\/thedreammakers.gr\/de\/kontakt\/","name":"Kontakt - Hochzeitsfotografie von Tr\u00e4umen | The Dreammakers","isPartOf":{"@id":"https:\/\/thedreammakers.gr\/de\/#website"},"datePublished":"2017-12-11T13:18:13+00:00","dateModified":"2024-01-11T03:02:10+00:00","description":"Kontakt Sie uns f\u00fcr Informationen \u00fcber Ihre Hochzeit, Fotograf, Ort, Reiseziel, Preise oder Pakete | The Dreammakers - Hochzeitsfotografie","breadcrumb":{"@id":"https:\/\/thedreammakers.gr\/de\/kontakt\/#breadcrumb"},"inLanguage":"de","potentialAction":[{"@type":"ReadAction","target":["https:\/\/thedreammakers.gr\/de\/kontakt\/"]}]},{"@type":"BreadcrumbList","@id":"https:\/\/thedreammakers.gr\/de\/kontakt\/#breadcrumb","itemListElement":[{"@type":"ListItem","position":1,"name":"Home","item":"https:\/\/thedreammakers.gr\/de\/"},{"@type":"ListItem","position":2,"name":"KOMMUNIZIEREN SIE MIT UNS"}]},{"@type":"WebSite","@id":"https:\/\/thedreammakers.gr\/de\/#website","url":"https:\/\/thedreammakers.gr\/de\/","name":"The Dreammakers","description":"Dream Wedding in Greece","publisher":{"@id":"https:\/\/thedreammakers.gr\/de\/#organization"},"potentialAction":[{"@type":"SearchAction","target":{"@type":"EntryPoint","urlTemplate":"https:\/\/thedreammakers.gr\/de\/?s={search_term_string}"},"query-input":{"@type":"PropertyValueSpecification","valueRequired":true,"valueName":"search_term_string"}}],"inLanguage":"de"},{"@type":"Organization","@id":"https:\/\/thedreammakers.gr\/de\/#organization","name":"The Dreammakers","url":"https:\/\/thedreammakers.gr\/de\/","logo":{"@type":"ImageObject","inLanguage":"de","@id":"https:\/\/thedreammakers.gr\/de\/#\/schema\/logo\/image\/","url":"https:\/\/thedreammakers.gr\/wp-content\/uploads\/2017\/11\/website2.png","contentUrl":"https:\/\/thedreammakers.gr\/wp-content\/uploads\/2017\/11\/website2.png","width":400,"height":238,"caption":"The Dreammakers"},"image":{"@id":"https:\/\/thedreammakers.gr\/de\/#\/schema\/logo\/image\/"},"sameAs":["https:\/\/www.facebook.com\/thedreammakersgreece\/","https:\/\/www.instagram.com\/thedreammakers_greece\/"]}]}},"_links":{"self":[{"href":"https:\/\/thedreammakers.gr\/de\/wp-json\/wp\/v2\/pages\/6010","targetHints":{"allow":["GET"]}}],"collection":[{"href":"https:\/\/thedreammakers.gr\/de\/wp-json\/wp\/v2\/pages"}],"about":[{"href":"https:\/\/thedreammakers.gr\/de\/wp-json\/wp\/v2\/types\/page"}],"author":[{"embeddable":true,"href":"https:\/\/thedreammakers.gr\/de\/wp-json\/wp\/v2\/users\/1"}],"replies":[{"embeddable":true,"href":"https:\/\/thedreammakers.gr\/de\/wp-json\/wp\/v2\/comments?post=6010"}],"version-history":[{"count":14,"href":"https:\/\/thedreammakers.gr\/de\/wp-json\/wp\/v2\/pages\/6010\/revisions"}],"predecessor-version":[{"id":44469,"href":"https:\/\/thedreammakers.gr\/de\/wp-json\/wp\/v2\/pages\/6010\/revisions\/44469"}],"wp:attachment":[{"href":"https:\/\/thedreammakers.gr\/de\/wp-json\/wp\/v2\/media?parent=6010"}],"curies":[{"name":"wp","href":"https:\/\/api.w.org\/{rel}","templated":true}]}}