{"id":6001,"date":"2017-11-23T13:13:14","date_gmt":"2017-11-23T10:13:14","guid":{"rendered":"http:\/\/thedreammakers.gr\/%cf%83%cf%87%ce%b5%cf%84%ce%b9%ce%ba%ce%b1-%ce%bc%ce%b5-%ce%b5%ce%bc%ce%b1%cf%82\/"},"modified":"2018-10-15T09:54:48","modified_gmt":"2018-10-15T06:54:48","slug":"bezueglich-mit-uns","status":"publish","type":"page","link":"https:\/\/thedreammakers.gr\/de\/bezueglich-mit-uns\/","title":{"rendered":"BEZ\u00dcGLICH MIT UNS"},"content":{"rendered":"<div  class=\"one withsmallpadding ppb_header \" style=\"text-align:left;padding:30px 0 30px 0;\" >\n<div class=\"standard_wrapper\">\n<div class=\"page_content_wrapper\">\n<div class=\"inner\">\n<div style=\"margin:auto;width:100%\">\n<h2 class=\"ppb_title\" style=\"\">Wir sind die Dreammakers<\/h2>\n<\/div>\n<\/div>\n<\/div>\n<\/div>\n<\/div>\n<div class=\"standard_wrapper\">\n<div  class=\"one_third withsmallpadding ppb_text\" style=\"padding:30px 0 30px 0;\" >\n<div class=\"standard_wrapper\">\n<div class=\"page_content_wrapper\">\n<div class=\"inner\">\n<div style=\"margin:auto;width:100%\">\n<p>Wir sind die Dreammakers. Eine Gruppe von Fotografen, Videografen, Foto und Videoausstellern, Make-upartists,Hochzeitsdesignern, Dekorateure und Dronepiloten.<\/p>\n<p>Wir glauben, dass der wichtigste Punkt im Leben die menschlichen Beziehungen sind.<\/p>\n<p>Unsere Aufgabe ist diesen ganz besonderen Tag in ihrem Leben in einem Traum zu verwandeln <strong>der ein ganzes Leben lang dauert<\/strong>.<\/p>\n<\/div>\n<\/div>\n<\/div>\n<\/div>\n<\/div>\n<\/div>\n<div class=\"standard_wrapper\">\n<div  class=\"two_third last withsmallpadding ppb_text\" style=\"padding:30px 0 30px 0;\" >\n<div class=\"standard_wrapper\">\n<div class=\"page_content_wrapper\">\n<div class=\"inner\">\n<div style=\"margin:auto;width:100%\">\n<div class=\"progress_bar\">\n<div class=\"progress_holder\">\n<div class=\"progress_bar_title\"><h7>FOTOGRAFIE<\/h7><\/div>\n<div class=\"progress_number\"><h7>95%<\/h7><\/div>\n<\/div>\n<div class=\"progress_bar_holder\" style=\"height:3px;\">\n<div class=\"progress_bar_content\" data-score=\"95\" style=\"width:0;background:#222222;height:3px;\"><\/div>\n<\/div>\n<\/div>\n<div class=\"progress_bar\">\n<div class=\"progress_holder\">\n<div class=\"progress_bar_title\"><h7>VIDEOGRAFIE<\/h7><\/div>\n<div class=\"progress_number\"><h7>90%<\/h7><\/div>\n<\/div>\n<div class=\"progress_bar_holder\" style=\"height:3px;\">\n<div class=\"progress_bar_content\" data-score=\"90\" style=\"width:0;background:#222222;height:3px;\"><\/div>\n<\/div>\n<\/div>\n<div class=\"progress_bar\">\n<div class=\"progress_holder\">\n<div class=\"progress_bar_title\"><h7>BEARBEITUNG<\/h7><\/div>\n<div class=\"progress_number\"><h7>85%<\/h7><\/div>\n<\/div>\n<div class=\"progress_bar_holder\" style=\"height:3px;\">\n<div class=\"progress_bar_content\" data-score=\"85\" style=\"width:0;background:#222222;height:3px;\"><\/div>\n<\/div>\n<\/div>\n<div class=\"progress_bar\">\n<div class=\"progress_holder\">\n<div class=\"progress_bar_title\"><h7>HOCHZEITSPLANUNG<\/h7><\/div>\n<div class=\"progress_number\"><h7>70%<\/h7><\/div>\n<\/div>\n<div class=\"progress_bar_holder\" style=\"height:3px;\">\n<div class=\"progress_bar_content\" data-score=\"70\" style=\"width:0;background:#222222;height:3px;\"><\/div>\n<\/div>\n<\/div>\n<\/div>\n<\/div>\n<\/div>\n<\/div>\n<\/div>\n<\/div>\n<div class=\"standard_wrapper\">\n<div  class=\"two_third last withsmallpadding ppb_text\" style=\"padding:30px 0 30px 0;\" >\n<div class=\"standard_wrapper\">\n<div class=\"page_content_wrapper\">\n<div class=\"inner\">\n<div style=\"margin:auto;width:100%\">\n<div class=\"progress_bar\">\n<div class=\"progress_holder\">\n<div class=\"progress_bar_title\"><h7>FOTOGRAFIE<\/h7><\/div>\n<div class=\"progress_number\"><h7>95%<\/h7><\/div>\n<\/div>\n<div class=\"progress_bar_holder\" style=\"height:3px;\">\n<div class=\"progress_bar_content\" data-score=\"95\" style=\"width:0;background:#222222;height:3px;\"><\/div>\n<\/div>\n<\/div>\n<div class=\"progress_bar\">\n<div class=\"progress_holder\">\n<div class=\"progress_bar_title\"><h7>VIDEOGRAFIE<\/h7><\/div>\n<div class=\"progress_number\"><h7>90%<\/h7><\/div>\n<\/div>\n<div class=\"progress_bar_holder\" style=\"height:3px;\">\n<div class=\"progress_bar_content\" data-score=\"90\" style=\"width:0;background:#222222;height:3px;\"><\/div>\n<\/div>\n<\/div>\n<div class=\"progress_bar\">\n<div class=\"progress_holder\">\n<div class=\"progress_bar_title\"><h7>BEARBEITUNG<\/h7><\/div>\n<div class=\"progress_number\"><h7>85%<\/h7><\/div>\n<\/div>\n<div class=\"progress_bar_holder\" style=\"height:3px;\">\n<div class=\"progress_bar_content\" data-score=\"85\" style=\"width:0;background:#222222;height:3px;\"><\/div>\n<\/div>\n<\/div>\n<div class=\"progress_bar\">\n<div class=\"progress_holder\">\n<div class=\"progress_bar_title\"><h7>HOCHZEITSPLANUNG<\/h7><\/div>\n<div class=\"progress_number\"><h7>70%<\/h7><\/div>\n<\/div>\n<div class=\"progress_bar_holder\" style=\"height:3px;\">\n<div class=\"progress_bar_content\" data-score=\"70\" style=\"width:0;background:#222222;height:3px;\"><\/div>\n<\/div>\n<\/div>\n<\/div>\n<\/div>\n<\/div>\n<\/div>\n<\/div>\n<\/div>\n<div  class=\"one withsmallpadding ppb_header \" style=\"text-align:left;padding:30px 0 30px 0;\" >\n<div class=\"standard_wrapper\">\n<div class=\"page_content_wrapper\">\n<div class=\"inner\">\n<div style=\"margin:auto;width:100%\">\n<h2 class=\"ppb_title\" style=\"\">EINE GRUPPE DIE F\u00dcR IHRE HOCHZEIT T\u00c4TIG IST<\/h2>\n<hr class=\"title_break left\" style=\"\"\/>\n<div class=\"ppb_header_content\">\n<p style=\"text-align: center;\">Wir sind die Dreammakers.<br \/>\nWir sind jung, haben neue Ideen und lieben unsere Arbeit.<br \/>\nWie du, haben wir eine verschiedene Basis und verschiedene Pers\u00f6nlichkeiten.<br \/>\nDies ist der Grund, warum wir es m\u00f6gen junge Leute zu treffen und mit ihnen in<br \/>\n<strong><a href=\"http:\/\/thedreammakers.gr\/de\/hochzeit-in-griechenland\/\">fantastischen Zielen zu reisen<\/a><\/strong>! Vor allem ans Meer.<br \/>\nWir lieben wundersch\u00f6ne Str\u00e4nde und einzigartige Orte.<br \/>\nEinige von uns lieben die Sch\u00f6nheit der Berge.<br \/>\nWas auch immer der Fall ist, die Auswahl ist unbegrenzt.<br \/>\nSo k\u03bfmmt man zum Entschluss, wie sie von ihrer Hochzeit tr\u00e4umen.<br \/>\nWir m\u00f6chten sie gerne kennenlernen und mit ihnen zusammenarbeiten.<\/p>\n<p><img decoding=\"async\" class=\"alignnone wp-image-262 aligncenter\" src=\"http:\/\/thedreammakers.gr\/wp-content\/uploads\/2017\/12\/only-letters-300x92.png\" alt=\"\" width=\"198\" height=\"61\" \/><\/p>\n<\/div>\n<\/div>\n<\/div>\n<\/div>\n<\/div>\n<\/div>\n<div  class=\"one withsmallpadding ppb_header \" style=\"text-align:left;padding:30px 0 30px 0;\" >\n<div class=\"standard_wrapper\">\n<div class=\"page_content_wrapper\">\n<div class=\"inner\">\n<div style=\"margin:auto;width:100%\">\n<h2 class=\"ppb_title\" style=\"\">EINE GRUPPE DIE F\u00dcR IHRE HOCHZEIT T\u00c4TIG IST<\/h2>\n<hr class=\"title_break left\" style=\"\"\/>\n<div class=\"ppb_header_content\">\n<p style=\"text-align: center;\">Wir sind die Dreammakers.<br \/>\nWir sind jung, haben neue Ideen und lieben unsere Arbeit.<br \/>\nWie du, haben wir eine verschiedene Basis und verschiedene Pers\u00f6nlichkeiten.<br \/>\nDies ist der Grund, warum wir es m\u00f6gen junge Leute zu treffen und mit ihnen in<br \/>\n<strong><a href=\"http:\/\/thedreammakers.gr\/de\/hochzeit-in-griechenland\/\">fantastischen Zielen zu reisen<\/a><\/strong>! Vor allem ans Meer.<br \/>\nWir lieben wundersch\u00f6ne Str\u00e4nde und einzigartige Orte.<br \/>\nEinige von uns lieben die Sch\u00f6nheit der Berge.<br \/>\nWas auch immer der Fall ist, die Auswahl ist unbegrenzt.<br \/>\nSo k\u03bfmmt man zum Entschluss, wie sie von ihrer Hochzeit tr\u00e4umen.<br \/>\nWir m\u00f6chten sie gerne kennenlernen und mit ihnen zusammenarbeiten.<\/p>\n<p><img decoding=\"async\" class=\"alignnone wp-image-262 aligncenter\" src=\"http:\/\/thedreammakers.gr\/wp-content\/uploads\/2017\/12\/only-letters-300x92.png\" alt=\"\" width=\"198\" height=\"61\" \/><\/p>\n<\/div>\n<\/div>\n<\/div>\n<\/div>\n<\/div>\n<\/div>\n<div  class=\" standard_wrapper ppb_popup one \" style=\"padding:60px 0 60px 0;\" >\n<div class=\"page_content_wrapper\">\n<div class=\"inner\">\n<div class=\"overlay_gallery_wrapper\" style=\"text-align:left;background:;\">\n<div class=\"overlay_gallery_border\" style=\"\">\n<div class=\"overlay_gallery_content\">\n<h2 class=\"ppb_title\" style=\"\">TR\u00c4UMEN SIE MIT UNS<\/h2>\n<hr class=\"title_break left\" style=\"\"\/>\n<div class=\"ppb_header_content\">\n<p>Wir haben in der Vergangenheit von vielen Hochzeiten getr\u00e4umt. Viele Paare haben sich auf uns verlassen und waren zufrieden. Infolgedessen sind wir der Meinung, dass wir die geeignete Leute sind, die bez\u00fcglich mit ihrer Hochzeit ihnen helfen k\u00f6nnen. Wie k\u00f6nnen wir ihnen jetzt helfen?<\/p>\n<p><a class=\"button\" href=\"http:\/\/thedreammakers.gr\/el\/%CE%B5%CF%80%CE%B9%CE%BA%CE%BF%CE%B9%CE%BD%CF%89%CE%BD%CE%AE%CF%83%CF%84%CE%B5-%CE%BC%CE%B1%CE%B6%CE%AF-%CE%BC%CE%B1%CF%82\/\"> Kontaktieren Sie uns.<\/a><\/p>\n<\/div>\n<\/div>\n<\/div>\n<\/div>\n<\/div>\n<\/div>\n<\/div>\n","protected":false},"excerpt":{"rendered":"","protected":false},"author":1,"featured_media":0,"parent":0,"menu_order":0,"comment_status":"closed","ping_status":"closed","template":"","meta":{"footnotes":""},"class_list":["post-6001","page","type-page","status-publish","hentry"],"yoast_head":"<!-- This site is optimized with the Yoast SEO plugin v27.3 - https:\/\/yoast.com\/product\/yoast-seo-wordpress\/ -->\n<title>The Dreammakers Griechenland | Hochzeitsfotografie - Hochzeitsfotografie<\/title>\n<meta name=\"description\" content=\"The Dreammakers. Eine Gruppe von Fotografen, Videografen, Foto und Videoausstellern, Make-upartists,Hochzeitsdesignern, Dekorateure und anderes\" \/>\n<meta name=\"robots\" content=\"index, follow, max-snippet:-1, max-image-preview:large, max-video-preview:-1\" \/>\n<link rel=\"canonical\" href=\"https:\/\/thedreammakers.gr\/de\/bezueglich-mit-uns\/\" \/>\n<meta property=\"og:locale\" content=\"de_DE\" \/>\n<meta property=\"og:type\" content=\"article\" \/>\n<meta property=\"og:title\" content=\"The Dreammakers Griechenland | Hochzeitsfotografie - Hochzeitsfotografie\" \/>\n<meta property=\"og:description\" content=\"The Dreammakers. Eine Gruppe von Fotografen, Videografen, Foto und Videoausstellern, Make-upartists,Hochzeitsdesignern, Dekorateure und anderes\" \/>\n<meta property=\"og:url\" content=\"https:\/\/thedreammakers.gr\/de\/bezueglich-mit-uns\/\" \/>\n<meta property=\"og:site_name\" content=\"The Dreammakers\" \/>\n<meta property=\"article:publisher\" content=\"https:\/\/www.facebook.com\/thedreammakersgreece\/\" \/>\n<meta property=\"article:modified_time\" content=\"2018-10-15T06:54:48+00:00\" \/>\n<meta property=\"og:image\" content=\"http:\/\/thedreammakers.gr\/wp-content\/uploads\/2017\/12\/only-letters-300x92.png\" \/>\n<meta name=\"twitter:card\" content=\"summary_large_image\" \/>\n<meta name=\"twitter:label1\" content=\"Gesch\u00e4tzte Lesezeit\" \/>\n\t<meta name=\"twitter:data1\" content=\"2\u00a0Minuten\" \/>\n<script type=\"application\/ld+json\" class=\"yoast-schema-graph\">{\"@context\":\"https:\\\/\\\/schema.org\",\"@graph\":[{\"@type\":\"WebPage\",\"@id\":\"https:\\\/\\\/thedreammakers.gr\\\/de\\\/bezueglich-mit-uns\\\/\",\"url\":\"https:\\\/\\\/thedreammakers.gr\\\/de\\\/bezueglich-mit-uns\\\/\",\"name\":\"The Dreammakers Griechenland | Hochzeitsfotografie - Hochzeitsfotografie\",\"isPartOf\":{\"@id\":\"https:\\\/\\\/thedreammakers.gr\\\/de\\\/#website\"},\"primaryImageOfPage\":{\"@id\":\"https:\\\/\\\/thedreammakers.gr\\\/de\\\/bezueglich-mit-uns\\\/#primaryimage\"},\"image\":{\"@id\":\"https:\\\/\\\/thedreammakers.gr\\\/de\\\/bezueglich-mit-uns\\\/#primaryimage\"},\"thumbnailUrl\":\"http:\\\/\\\/thedreammakers.gr\\\/wp-content\\\/uploads\\\/2017\\\/12\\\/only-letters-300x92.png\",\"datePublished\":\"2017-11-23T10:13:14+00:00\",\"dateModified\":\"2018-10-15T06:54:48+00:00\",\"description\":\"The Dreammakers. Eine Gruppe von Fotografen, Videografen, Foto und Videoausstellern, Make-upartists,Hochzeitsdesignern, Dekorateure und anderes\",\"breadcrumb\":{\"@id\":\"https:\\\/\\\/thedreammakers.gr\\\/de\\\/bezueglich-mit-uns\\\/#breadcrumb\"},\"inLanguage\":\"de\",\"potentialAction\":[{\"@type\":\"ReadAction\",\"target\":[\"https:\\\/\\\/thedreammakers.gr\\\/de\\\/bezueglich-mit-uns\\\/\"]}]},{\"@type\":\"ImageObject\",\"inLanguage\":\"de\",\"@id\":\"https:\\\/\\\/thedreammakers.gr\\\/de\\\/bezueglich-mit-uns\\\/#primaryimage\",\"url\":\"http:\\\/\\\/thedreammakers.gr\\\/wp-content\\\/uploads\\\/2017\\\/12\\\/only-letters-300x92.png\",\"contentUrl\":\"http:\\\/\\\/thedreammakers.gr\\\/wp-content\\\/uploads\\\/2017\\\/12\\\/only-letters-300x92.png\"},{\"@type\":\"BreadcrumbList\",\"@id\":\"https:\\\/\\\/thedreammakers.gr\\\/de\\\/bezueglich-mit-uns\\\/#breadcrumb\",\"itemListElement\":[{\"@type\":\"ListItem\",\"position\":1,\"name\":\"Home\",\"item\":\"https:\\\/\\\/thedreammakers.gr\\\/de\\\/\"},{\"@type\":\"ListItem\",\"position\":2,\"name\":\"BEZ\u00dcGLICH MIT UNS\"}]},{\"@type\":\"WebSite\",\"@id\":\"https:\\\/\\\/thedreammakers.gr\\\/de\\\/#website\",\"url\":\"https:\\\/\\\/thedreammakers.gr\\\/de\\\/\",\"name\":\"The Dreammakers\",\"description\":\"Dream Wedding in Greece\",\"publisher\":{\"@id\":\"https:\\\/\\\/thedreammakers.gr\\\/de\\\/#organization\"},\"potentialAction\":[{\"@type\":\"SearchAction\",\"target\":{\"@type\":\"EntryPoint\",\"urlTemplate\":\"https:\\\/\\\/thedreammakers.gr\\\/de\\\/?s={search_term_string}\"},\"query-input\":{\"@type\":\"PropertyValueSpecification\",\"valueRequired\":true,\"valueName\":\"search_term_string\"}}],\"inLanguage\":\"de\"},{\"@type\":\"Organization\",\"@id\":\"https:\\\/\\\/thedreammakers.gr\\\/de\\\/#organization\",\"name\":\"The Dreammakers\",\"url\":\"https:\\\/\\\/thedreammakers.gr\\\/de\\\/\",\"logo\":{\"@type\":\"ImageObject\",\"inLanguage\":\"de\",\"@id\":\"https:\\\/\\\/thedreammakers.gr\\\/de\\\/#\\\/schema\\\/logo\\\/image\\\/\",\"url\":\"https:\\\/\\\/thedreammakers.gr\\\/wp-content\\\/uploads\\\/2017\\\/11\\\/website2.png\",\"contentUrl\":\"https:\\\/\\\/thedreammakers.gr\\\/wp-content\\\/uploads\\\/2017\\\/11\\\/website2.png\",\"width\":400,\"height\":238,\"caption\":\"The Dreammakers\"},\"image\":{\"@id\":\"https:\\\/\\\/thedreammakers.gr\\\/de\\\/#\\\/schema\\\/logo\\\/image\\\/\"},\"sameAs\":[\"https:\\\/\\\/www.facebook.com\\\/thedreammakersgreece\\\/\",\"https:\\\/\\\/www.instagram.com\\\/thedreammakers_greece\\\/\"]}]}<\/script>\n<!-- \/ Yoast SEO plugin. -->","yoast_head_json":{"title":"The Dreammakers Griechenland | Hochzeitsfotografie - Hochzeitsfotografie","description":"The Dreammakers. Eine Gruppe von Fotografen, Videografen, Foto und Videoausstellern, Make-upartists,Hochzeitsdesignern, Dekorateure und anderes","robots":{"index":"index","follow":"follow","max-snippet":"max-snippet:-1","max-image-preview":"max-image-preview:large","max-video-preview":"max-video-preview:-1"},"canonical":"https:\/\/thedreammakers.gr\/de\/bezueglich-mit-uns\/","og_locale":"de_DE","og_type":"article","og_title":"The Dreammakers Griechenland | Hochzeitsfotografie - Hochzeitsfotografie","og_description":"The Dreammakers. Eine Gruppe von Fotografen, Videografen, Foto und Videoausstellern, Make-upartists,Hochzeitsdesignern, Dekorateure und anderes","og_url":"https:\/\/thedreammakers.gr\/de\/bezueglich-mit-uns\/","og_site_name":"The Dreammakers","article_publisher":"https:\/\/www.facebook.com\/thedreammakersgreece\/","article_modified_time":"2018-10-15T06:54:48+00:00","og_image":[{"url":"http:\/\/thedreammakers.gr\/wp-content\/uploads\/2017\/12\/only-letters-300x92.png","type":"","width":"","height":""}],"twitter_card":"summary_large_image","twitter_misc":{"Gesch\u00e4tzte Lesezeit":"2\u00a0Minuten"},"schema":{"@context":"https:\/\/schema.org","@graph":[{"@type":"WebPage","@id":"https:\/\/thedreammakers.gr\/de\/bezueglich-mit-uns\/","url":"https:\/\/thedreammakers.gr\/de\/bezueglich-mit-uns\/","name":"The Dreammakers Griechenland | Hochzeitsfotografie - Hochzeitsfotografie","isPartOf":{"@id":"https:\/\/thedreammakers.gr\/de\/#website"},"primaryImageOfPage":{"@id":"https:\/\/thedreammakers.gr\/de\/bezueglich-mit-uns\/#primaryimage"},"image":{"@id":"https:\/\/thedreammakers.gr\/de\/bezueglich-mit-uns\/#primaryimage"},"thumbnailUrl":"http:\/\/thedreammakers.gr\/wp-content\/uploads\/2017\/12\/only-letters-300x92.png","datePublished":"2017-11-23T10:13:14+00:00","dateModified":"2018-10-15T06:54:48+00:00","description":"The Dreammakers. Eine Gruppe von Fotografen, Videografen, Foto und Videoausstellern, Make-upartists,Hochzeitsdesignern, Dekorateure und anderes","breadcrumb":{"@id":"https:\/\/thedreammakers.gr\/de\/bezueglich-mit-uns\/#breadcrumb"},"inLanguage":"de","potentialAction":[{"@type":"ReadAction","target":["https:\/\/thedreammakers.gr\/de\/bezueglich-mit-uns\/"]}]},{"@type":"ImageObject","inLanguage":"de","@id":"https:\/\/thedreammakers.gr\/de\/bezueglich-mit-uns\/#primaryimage","url":"http:\/\/thedreammakers.gr\/wp-content\/uploads\/2017\/12\/only-letters-300x92.png","contentUrl":"http:\/\/thedreammakers.gr\/wp-content\/uploads\/2017\/12\/only-letters-300x92.png"},{"@type":"BreadcrumbList","@id":"https:\/\/thedreammakers.gr\/de\/bezueglich-mit-uns\/#breadcrumb","itemListElement":[{"@type":"ListItem","position":1,"name":"Home","item":"https:\/\/thedreammakers.gr\/de\/"},{"@type":"ListItem","position":2,"name":"BEZ\u00dcGLICH MIT UNS"}]},{"@type":"WebSite","@id":"https:\/\/thedreammakers.gr\/de\/#website","url":"https:\/\/thedreammakers.gr\/de\/","name":"The Dreammakers","description":"Dream Wedding in Greece","publisher":{"@id":"https:\/\/thedreammakers.gr\/de\/#organization"},"potentialAction":[{"@type":"SearchAction","target":{"@type":"EntryPoint","urlTemplate":"https:\/\/thedreammakers.gr\/de\/?s={search_term_string}"},"query-input":{"@type":"PropertyValueSpecification","valueRequired":true,"valueName":"search_term_string"}}],"inLanguage":"de"},{"@type":"Organization","@id":"https:\/\/thedreammakers.gr\/de\/#organization","name":"The Dreammakers","url":"https:\/\/thedreammakers.gr\/de\/","logo":{"@type":"ImageObject","inLanguage":"de","@id":"https:\/\/thedreammakers.gr\/de\/#\/schema\/logo\/image\/","url":"https:\/\/thedreammakers.gr\/wp-content\/uploads\/2017\/11\/website2.png","contentUrl":"https:\/\/thedreammakers.gr\/wp-content\/uploads\/2017\/11\/website2.png","width":400,"height":238,"caption":"The Dreammakers"},"image":{"@id":"https:\/\/thedreammakers.gr\/de\/#\/schema\/logo\/image\/"},"sameAs":["https:\/\/www.facebook.com\/thedreammakersgreece\/","https:\/\/www.instagram.com\/thedreammakers_greece\/"]}]}},"_links":{"self":[{"href":"https:\/\/thedreammakers.gr\/de\/wp-json\/wp\/v2\/pages\/6001","targetHints":{"allow":["GET"]}}],"collection":[{"href":"https:\/\/thedreammakers.gr\/de\/wp-json\/wp\/v2\/pages"}],"about":[{"href":"https:\/\/thedreammakers.gr\/de\/wp-json\/wp\/v2\/types\/page"}],"author":[{"embeddable":true,"href":"https:\/\/thedreammakers.gr\/de\/wp-json\/wp\/v2\/users\/1"}],"replies":[{"embeddable":true,"href":"https:\/\/thedreammakers.gr\/de\/wp-json\/wp\/v2\/comments?post=6001"}],"version-history":[{"count":10,"href":"https:\/\/thedreammakers.gr\/de\/wp-json\/wp\/v2\/pages\/6001\/revisions"}],"predecessor-version":[{"id":6158,"href":"https:\/\/thedreammakers.gr\/de\/wp-json\/wp\/v2\/pages\/6001\/revisions\/6158"}],"wp:attachment":[{"href":"https:\/\/thedreammakers.gr\/de\/wp-json\/wp\/v2\/media?parent=6001"}],"curies":[{"name":"wp","href":"https:\/\/api.w.org\/{rel}","templated":true}]}}