{"id":5990,"date":"2018-06-29T10:04:35","date_gmt":"2018-06-29T07:04:35","guid":{"rendered":"http:\/\/thedreammakers.gr\/%cf%83%cf%87%ce%b5%cf%84%ce%b9%ce%ba%ce%ac-%ce%bc%ce%b5-%cf%84%ce%bf%ce%bd-%ce%b3%ce%ac%ce%bc%ce%bf\/"},"modified":"2018-10-15T10:11:31","modified_gmt":"2018-10-15T07:11:31","slug":"betreffend-mit-der-hochzeit","status":"publish","type":"page","link":"https:\/\/thedreammakers.gr\/de\/betreffend-mit-der-hochzeit\/","title":{"rendered":"Zielhochzeit in Griechenland"},"content":{"rendered":"<div  class=\" standard_wrapper ppb_popup one \" style=\"padding:60px 0 60px 0;\" >\n<div class=\"page_content_wrapper\">\n<div class=\"inner\">\n<div class=\"overlay_gallery_wrapper\" style=\"text-align:left;background:;\">\n<div class=\"overlay_gallery_border\" style=\"\">\n<div class=\"overlay_gallery_content\">\n<h2 class=\"ppb_title\" style=\"\">BEZ\u00dcGLICH  MIT DER HOCHZEIT<\/h2>\n<hr class=\"title_break left\" style=\"\"\/>\n<div class=\"ppb_header_content\">\n<p>Haben sie vor eine Bestimmungsorthochzeit in Griechenland zu machen? Alles was sie bez\u00fcglich \u00fcber ihre Hochzeit in Griechenland wissen m\u00fcssen!<\/p>\n<\/div>\n<\/div>\n<\/div>\n<\/div>\n<\/div>\n<\/div>\n<\/div>\n<div  class=\"one withsmallpadding ppb_text\" style=\"padding:30px 0 30px 0;\" >\n<div class=\"standard_wrapper\">\n<div class=\"page_content_wrapper\">\n<div class=\"inner\">\n<div style=\"margin:auto;width:100%\">\n<p style=\"text-align: center;\">Wahrscheinlich haben sie bemerkt, dass speziell im Sommer viele Leute in Griechenland heiraten.<br \/>\nEs ist Tatsache! Die letzten zwei Jahre ist Griechenland ein beliebter<br \/>\nBestimmungsort f\u00fcr Hochzeiten f\u00fcr viele Leute aus der ganzen Welt geworden.<br \/>\nDarum w\u00e4hlen viele Paare Griechenland als Hochzeitsbestimmungsort,<br \/>\nund heiraten auf einer Insel wie Thasos oder in Chalkidiki.<br \/>\nGriechenland bietet fantastische Orte, leckeres Essen und bequeme Unterk\u00fcnfte<br \/>\nin eine entspannte Atmosph\u00e4re an. Aber was ist ihre Meinung?<br \/>\nIst es nicht Zeit \u00fcber eine <strong>Bestimmungsorthochzeit<\/strong> in Griechenland mit den Dreammakers nachzudenken?<br \/>\n<a href=\"http:\/\/thedreammakers.gr\/de\/bezueglich-mit-uns\/\"><strong>The\u00a0Dreammakers<\/strong><\/a> ;<\/p>\n<\/div>\n<\/div>\n<\/div>\n<\/div>\n<\/div>\n<div  class=\"one withsmallpadding ppb_text\" style=\"padding:30px 0 30px 0;\" >\n<div class=\"standard_wrapper\">\n<div class=\"page_content_wrapper\">\n<div class=\"inner\">\n<div style=\"margin:auto;width:100%\">\n<p style=\"text-align: center;\">Wahrscheinlich haben sie bemerkt, dass speziell im Sommer viele Leute in Griechenland heiraten.<br \/>\nEs ist Tatsache! Die letzten zwei Jahre ist Griechenland ein beliebter<br \/>\nBestimmungsort f\u00fcr Hochzeiten f\u00fcr viele Leute aus der ganzen Welt geworden.<br \/>\nDarum w\u00e4hlen viele Paare Griechenland als Hochzeitsbestimmungsort,<br \/>\nund heiraten auf einer Insel wie Thasos oder in Chalkidiki.<br \/>\nGriechenland bietet fantastische Orte, leckeres Essen und bequeme Unterk\u00fcnfte<br \/>\nin eine entspannte Atmosph\u00e4re an. Aber was ist ihre Meinung?<br \/>\nIst es nicht Zeit \u00fcber eine <strong>Bestimmungsorthochzeit<\/strong> in Griechenland mit den Dreammakers nachzudenken?<br \/>\n<a href=\"http:\/\/thedreammakers.gr\/de\/bezueglich-mit-uns\/\"><strong>The\u00a0Dreammakers<\/strong><\/a> ;<\/p>\n<\/div>\n<\/div>\n<\/div>\n<\/div>\n<\/div>\n","protected":false},"excerpt":{"rendered":"","protected":false},"author":1,"featured_media":0,"parent":0,"menu_order":0,"comment_status":"closed","ping_status":"closed","template":"","meta":{"footnotes":""},"class_list":["post-5990","page","type-page","status-publish","hentry"],"yoast_head":"<!-- This site is optimized with the Yoast SEO plugin v27.3 - https:\/\/yoast.com\/product\/yoast-seo-wordpress\/ -->\n<title>Betreffend mit der Hochzeit - Ziel der Hochzeit | The Dreammakers<\/title>\n<meta name=\"description\" content=\"Betreffend mit der Hochzeit. Planen Sie eine Hochzeit in Griechenland? Lesen Sie mehr \u00fcber die Ehe hier The Dreammakers FOTOGRAFIE, VIDEOGRAFIE &amp; ANDERES\" \/>\n<meta name=\"robots\" content=\"index, follow, max-snippet:-1, max-image-preview:large, max-video-preview:-1\" \/>\n<link rel=\"canonical\" href=\"https:\/\/thedreammakers.gr\/de\/betreffend-mit-der-hochzeit\/\" \/>\n<meta property=\"og:locale\" content=\"de_DE\" \/>\n<meta property=\"og:type\" content=\"article\" \/>\n<meta property=\"og:title\" content=\"Betreffend mit der Hochzeit - Ziel der Hochzeit | The Dreammakers\" \/>\n<meta property=\"og:description\" content=\"Betreffend mit der Hochzeit. Planen Sie eine Hochzeit in Griechenland? Lesen Sie mehr \u00fcber die Ehe hier The Dreammakers FOTOGRAFIE, VIDEOGRAFIE &amp; ANDERES\" \/>\n<meta property=\"og:url\" content=\"https:\/\/thedreammakers.gr\/de\/betreffend-mit-der-hochzeit\/\" \/>\n<meta property=\"og:site_name\" content=\"The Dreammakers\" \/>\n<meta property=\"article:publisher\" content=\"https:\/\/www.facebook.com\/thedreammakersgreece\/\" \/>\n<meta property=\"article:modified_time\" content=\"2018-10-15T07:11:31+00:00\" \/>\n<meta name=\"twitter:card\" content=\"summary_large_image\" \/>\n<meta name=\"twitter:label1\" content=\"Gesch\u00e4tzte Lesezeit\" \/>\n\t<meta name=\"twitter:data1\" content=\"1\u00a0Minute\" \/>\n<script type=\"application\/ld+json\" class=\"yoast-schema-graph\">{\"@context\":\"https:\\\/\\\/schema.org\",\"@graph\":[{\"@type\":\"WebPage\",\"@id\":\"https:\\\/\\\/thedreammakers.gr\\\/de\\\/betreffend-mit-der-hochzeit\\\/\",\"url\":\"https:\\\/\\\/thedreammakers.gr\\\/de\\\/betreffend-mit-der-hochzeit\\\/\",\"name\":\"Betreffend mit der Hochzeit - Ziel der Hochzeit | The Dreammakers\",\"isPartOf\":{\"@id\":\"https:\\\/\\\/thedreammakers.gr\\\/de\\\/#website\"},\"datePublished\":\"2018-06-29T07:04:35+00:00\",\"dateModified\":\"2018-10-15T07:11:31+00:00\",\"description\":\"Betreffend mit der Hochzeit. Planen Sie eine Hochzeit in Griechenland? Lesen Sie mehr \u00fcber die Ehe hier The Dreammakers FOTOGRAFIE, VIDEOGRAFIE & ANDERES\",\"breadcrumb\":{\"@id\":\"https:\\\/\\\/thedreammakers.gr\\\/de\\\/betreffend-mit-der-hochzeit\\\/#breadcrumb\"},\"inLanguage\":\"de\",\"potentialAction\":[{\"@type\":\"ReadAction\",\"target\":[\"https:\\\/\\\/thedreammakers.gr\\\/de\\\/betreffend-mit-der-hochzeit\\\/\"]}]},{\"@type\":\"BreadcrumbList\",\"@id\":\"https:\\\/\\\/thedreammakers.gr\\\/de\\\/betreffend-mit-der-hochzeit\\\/#breadcrumb\",\"itemListElement\":[{\"@type\":\"ListItem\",\"position\":1,\"name\":\"Home\",\"item\":\"https:\\\/\\\/thedreammakers.gr\\\/de\\\/\"},{\"@type\":\"ListItem\",\"position\":2,\"name\":\"Zielhochzeit in Griechenland\"}]},{\"@type\":\"WebSite\",\"@id\":\"https:\\\/\\\/thedreammakers.gr\\\/de\\\/#website\",\"url\":\"https:\\\/\\\/thedreammakers.gr\\\/de\\\/\",\"name\":\"The Dreammakers\",\"description\":\"Dream Wedding in Greece\",\"publisher\":{\"@id\":\"https:\\\/\\\/thedreammakers.gr\\\/de\\\/#organization\"},\"potentialAction\":[{\"@type\":\"SearchAction\",\"target\":{\"@type\":\"EntryPoint\",\"urlTemplate\":\"https:\\\/\\\/thedreammakers.gr\\\/de\\\/?s={search_term_string}\"},\"query-input\":{\"@type\":\"PropertyValueSpecification\",\"valueRequired\":true,\"valueName\":\"search_term_string\"}}],\"inLanguage\":\"de\"},{\"@type\":\"Organization\",\"@id\":\"https:\\\/\\\/thedreammakers.gr\\\/de\\\/#organization\",\"name\":\"The Dreammakers\",\"url\":\"https:\\\/\\\/thedreammakers.gr\\\/de\\\/\",\"logo\":{\"@type\":\"ImageObject\",\"inLanguage\":\"de\",\"@id\":\"https:\\\/\\\/thedreammakers.gr\\\/de\\\/#\\\/schema\\\/logo\\\/image\\\/\",\"url\":\"https:\\\/\\\/thedreammakers.gr\\\/wp-content\\\/uploads\\\/2017\\\/11\\\/website2.png\",\"contentUrl\":\"https:\\\/\\\/thedreammakers.gr\\\/wp-content\\\/uploads\\\/2017\\\/11\\\/website2.png\",\"width\":400,\"height\":238,\"caption\":\"The Dreammakers\"},\"image\":{\"@id\":\"https:\\\/\\\/thedreammakers.gr\\\/de\\\/#\\\/schema\\\/logo\\\/image\\\/\"},\"sameAs\":[\"https:\\\/\\\/www.facebook.com\\\/thedreammakersgreece\\\/\",\"https:\\\/\\\/www.instagram.com\\\/thedreammakers_greece\\\/\"]}]}<\/script>\n<!-- \/ Yoast SEO plugin. -->","yoast_head_json":{"title":"Betreffend mit der Hochzeit - Ziel der Hochzeit | The Dreammakers","description":"Betreffend mit der Hochzeit. Planen Sie eine Hochzeit in Griechenland? Lesen Sie mehr \u00fcber die Ehe hier The Dreammakers FOTOGRAFIE, VIDEOGRAFIE & ANDERES","robots":{"index":"index","follow":"follow","max-snippet":"max-snippet:-1","max-image-preview":"max-image-preview:large","max-video-preview":"max-video-preview:-1"},"canonical":"https:\/\/thedreammakers.gr\/de\/betreffend-mit-der-hochzeit\/","og_locale":"de_DE","og_type":"article","og_title":"Betreffend mit der Hochzeit - Ziel der Hochzeit | The Dreammakers","og_description":"Betreffend mit der Hochzeit. Planen Sie eine Hochzeit in Griechenland? Lesen Sie mehr \u00fcber die Ehe hier The Dreammakers FOTOGRAFIE, VIDEOGRAFIE & ANDERES","og_url":"https:\/\/thedreammakers.gr\/de\/betreffend-mit-der-hochzeit\/","og_site_name":"The Dreammakers","article_publisher":"https:\/\/www.facebook.com\/thedreammakersgreece\/","article_modified_time":"2018-10-15T07:11:31+00:00","twitter_card":"summary_large_image","twitter_misc":{"Gesch\u00e4tzte Lesezeit":"1\u00a0Minute"},"schema":{"@context":"https:\/\/schema.org","@graph":[{"@type":"WebPage","@id":"https:\/\/thedreammakers.gr\/de\/betreffend-mit-der-hochzeit\/","url":"https:\/\/thedreammakers.gr\/de\/betreffend-mit-der-hochzeit\/","name":"Betreffend mit der Hochzeit - Ziel der Hochzeit | The Dreammakers","isPartOf":{"@id":"https:\/\/thedreammakers.gr\/de\/#website"},"datePublished":"2018-06-29T07:04:35+00:00","dateModified":"2018-10-15T07:11:31+00:00","description":"Betreffend mit der Hochzeit. Planen Sie eine Hochzeit in Griechenland? Lesen Sie mehr \u00fcber die Ehe hier The Dreammakers FOTOGRAFIE, VIDEOGRAFIE & ANDERES","breadcrumb":{"@id":"https:\/\/thedreammakers.gr\/de\/betreffend-mit-der-hochzeit\/#breadcrumb"},"inLanguage":"de","potentialAction":[{"@type":"ReadAction","target":["https:\/\/thedreammakers.gr\/de\/betreffend-mit-der-hochzeit\/"]}]},{"@type":"BreadcrumbList","@id":"https:\/\/thedreammakers.gr\/de\/betreffend-mit-der-hochzeit\/#breadcrumb","itemListElement":[{"@type":"ListItem","position":1,"name":"Home","item":"https:\/\/thedreammakers.gr\/de\/"},{"@type":"ListItem","position":2,"name":"Zielhochzeit in Griechenland"}]},{"@type":"WebSite","@id":"https:\/\/thedreammakers.gr\/de\/#website","url":"https:\/\/thedreammakers.gr\/de\/","name":"The Dreammakers","description":"Dream Wedding in Greece","publisher":{"@id":"https:\/\/thedreammakers.gr\/de\/#organization"},"potentialAction":[{"@type":"SearchAction","target":{"@type":"EntryPoint","urlTemplate":"https:\/\/thedreammakers.gr\/de\/?s={search_term_string}"},"query-input":{"@type":"PropertyValueSpecification","valueRequired":true,"valueName":"search_term_string"}}],"inLanguage":"de"},{"@type":"Organization","@id":"https:\/\/thedreammakers.gr\/de\/#organization","name":"The Dreammakers","url":"https:\/\/thedreammakers.gr\/de\/","logo":{"@type":"ImageObject","inLanguage":"de","@id":"https:\/\/thedreammakers.gr\/de\/#\/schema\/logo\/image\/","url":"https:\/\/thedreammakers.gr\/wp-content\/uploads\/2017\/11\/website2.png","contentUrl":"https:\/\/thedreammakers.gr\/wp-content\/uploads\/2017\/11\/website2.png","width":400,"height":238,"caption":"The Dreammakers"},"image":{"@id":"https:\/\/thedreammakers.gr\/de\/#\/schema\/logo\/image\/"},"sameAs":["https:\/\/www.facebook.com\/thedreammakersgreece\/","https:\/\/www.instagram.com\/thedreammakers_greece\/"]}]}},"_links":{"self":[{"href":"https:\/\/thedreammakers.gr\/de\/wp-json\/wp\/v2\/pages\/5990","targetHints":{"allow":["GET"]}}],"collection":[{"href":"https:\/\/thedreammakers.gr\/de\/wp-json\/wp\/v2\/pages"}],"about":[{"href":"https:\/\/thedreammakers.gr\/de\/wp-json\/wp\/v2\/types\/page"}],"author":[{"embeddable":true,"href":"https:\/\/thedreammakers.gr\/de\/wp-json\/wp\/v2\/users\/1"}],"replies":[{"embeddable":true,"href":"https:\/\/thedreammakers.gr\/de\/wp-json\/wp\/v2\/comments?post=5990"}],"version-history":[{"count":11,"href":"https:\/\/thedreammakers.gr\/de\/wp-json\/wp\/v2\/pages\/5990\/revisions"}],"predecessor-version":[{"id":6167,"href":"https:\/\/thedreammakers.gr\/de\/wp-json\/wp\/v2\/pages\/5990\/revisions\/6167"}],"wp:attachment":[{"href":"https:\/\/thedreammakers.gr\/de\/wp-json\/wp\/v2\/media?parent=5990"}],"curies":[{"name":"wp","href":"https:\/\/api.w.org\/{rel}","templated":true}]}}