{"id":5984,"date":"2017-12-20T02:16:02","date_gmt":"2017-12-19T23:16:02","guid":{"rendered":"http:\/\/thedreammakers.gr\/%ce%b3%ce%ac%ce%bc%ce%bf%cf%82-%cf%83%cf%84%ce%b7%ce%bd-%ce%b5%ce%bb%ce%bb%ce%ac%ce%b4%ce%b1\/"},"modified":"2018-10-15T10:06:59","modified_gmt":"2018-10-15T07:06:59","slug":"hochzeit-in-griechenland","status":"publish","type":"page","link":"https:\/\/thedreammakers.gr\/de\/hochzeit-in-griechenland\/","title":{"rendered":"HOCHZEIT IN GRIECHENLAND"},"content":{"rendered":"<div  class=\"one withsmallpadding ppb_text\" style=\"padding:30px 0 30px 0;\" >\n<div class=\"standard_wrapper\">\n<div class=\"page_content_wrapper\">\n<div class=\"inner\">\n<div style=\"margin:auto;width:100%\">\n<p style=\"text-align: center;\">Die griechischen Inseln und das Festland bieten hervorragendere Orte f\u00fcr ihre <strong>Hochzeit in Griechenland an<\/strong>!<br \/>\nFantastische Strandorte mit wunderbare Szenerie und tollen Sonnenuntergang\u2026.. Griechenland bietet entspannte und inoffizielle Orte in eine traditionelle griechische Umgebung an\u2026. Das sind nur manche Gr\u00fcnde, f\u00fcr die man eine wundersch\u00f6ne Hochzeit in Griechenland machen sollte!<\/p>\n<\/div>\n<\/div>\n<\/div>\n<\/div>\n<\/div>\n<div  class=\"one withsmallpadding ppb_text\" style=\"padding:30px 0 30px 0;\" >\n<div class=\"standard_wrapper\">\n<div class=\"page_content_wrapper\">\n<div class=\"inner\">\n<div style=\"margin:auto;width:100%\">\n<h2 style=\"text-align: center;\">HOCHZEIT IN GRIECHENLAND <\/h2>\n<\/div>\n<\/div>\n<\/div>\n<\/div>\n<\/div>\n<div  class=\"one\" >\n<div class=\"page_content_wrapper nopadding\">\n<div class=\"one_half_bg textright\" style=\"padding:0px;\">\n<h2 class=\"ppb_title\" style=\"\">THASOS <\/h2>\n<hr class=\"title_break left\" style=\"\"\/>\n<p>\u201eGr\u00fcn\u201c ist meistens das erste Adjektiv, dass sie von jemand h\u00f6ren der auf Thasos war. Es gibt nicht so viele Inseln in Griechenland.<br \/>\nMit ihrer reichen Geschichte und antiken Auffindungen, tolle Str\u00e4nde, viele Freizeitbesch\u00e4ftigungen und freundlichen Leuten ist Thasos einer der besten Bestimmungsorte f\u00fcr ihre Hochzeit in Griechenland.<br \/>\nSie k\u00f6nnen zwischen tollen Str\u00e4nden, luxuri\u00f6se Hotels, leckeres Essen, tolle Unterhaltung, magische Sehensw\u00fcrdigkeiten und traditionelle Kapellen f\u00fcr eine einzigartige Hochzeit auf Thasos ausw\u00e4hlen.<br \/>\nThasos hat viele Orte und Hotels damit sie sich entscheiden wo sie ihre Hochzeitparty feiern.<\/p>\n<p><a class=\"button ghost\" href=\"http:\/\/thedreammakers.gr\/de\/hochzeit-thasos\/\">Lern mehr<\/a><\/p>\n<\/div>\n<div class=\"one_half_bg\"><\/div>\n<p><br class=\"clear\"\/><\/div>\n<\/div>\n<div  class=\"one\" >\n<div class=\"page_content_wrapper nopadding\">\n<div class=\"one_half_bg textright\" style=\"padding:0px;\">\n<h2 class=\"ppb_title\" style=\"\">KAVALA<\/h2>\n<hr class=\"title_break left\" style=\"\"\/>\n<div class=\"ppb_header_content\">\n<p>Bekannt als die \u201eblaue Stadt\u201c oder das \u201eMekka des Tabaks\u201c, ist Kavala der ideale Ort damit sie eine luxuri\u00f6se und weltliche Hochzeit erleben. Neuklassische Geb\u00e4ude, Osmanische Villas, traumhafte Str\u00e4nde und Weinkellereien die bis ans Meer reichen, ist Kavala mit Sicherheit ein einzigartiger Ort wo die schicke Vergangenheit den lebhaften Lebensstil der vielen Besuchern der Stadt trifft. Willkommen in Kavala den sch\u00f6nsten Bestimmungsort f\u00fcr ihre Hochzeit!<\/p>\n<p><a class=\"button ghost white\" href=\"http:\/\/thedreammakers.gr\/de\/hochzeit-kavala\/\">Lern mehr<\/a><\/p>\n<\/div>\n<\/div>\n<div class=\"one_half_bg\"><\/div>\n<p><br class=\"clear\"\/><\/div>\n<\/div>\n<div  class=\"one\" >\n<div class=\"page_content_wrapper nopadding\">\n<div class=\"one_half_bg textright\" style=\"padding:0px;\">\n<h2 class=\"ppb_title\" style=\"\">CHALKIDIKI<\/h2>\n<hr class=\"title_break left\" style=\"\"\/>\n<div class=\"ppb_header_content\">\n<p>Gestalterisch mit dem Dreizack Poseidons die aus der \u00c4g\u00e4is hervortritt ist Chalkidiki ein Schmuckst\u00fcck f\u00fcr ihre Besucher. Gr\u00fcne W\u00e4lder die bis zum Strand reichen und goldenes Sonnenlicht das sich an das T\u00fcrkisfarbenes Wasser wiederspiegelt. Der traditionelle Stil mit reicher gastronomische und kulturelle Erbschaft, unendliche Ufern, einzigartige architektonische Orte, gut erhaltene christliche Denkmale und zahlreiche unerforschte Sch\u00e4tze f\u00fcgen ihren Pinselstrich auf das einzigartige Gem\u00e4lde Chalkidikis hinzu.<\/p>\n<p>Zwischen der berauschende Mischung aus blau und gr\u00fcn findet der Besucher gro\u00dfe Hoteleinrichtungen die gem\u00e4\u00df nach den h\u00f6chsten Standards gebaut sind. Hier gibt es au\u00dferdem traditionelle am Meer gelegene Unterk\u00fcnfte, kleine versteckte Schmuckst\u00fccke und Marinen entlang der K\u00fcste. Antike Sehensw\u00fcrdigkeiten rund um die antike Olyntho, Stagira den Geburtsort Aristoteles und nat\u00fcrlich Agio Oros ein einzigartiges christliches Denkmal. Es gibt viele Gr\u00fcnde warum sie Chalkidiki als Bestimmungsort f\u00fcr ihre Hochzeit in Griechenland w\u00e4hlen sollten!<\/p>\n<\/div>\n<div style=\"margin-top: 30px;\"><a class=\"button ghost\" href=\"http:\/\/thedreammakers.gr\/de\/fotograf-hochzeit-chalkidiki\/\">Lern mehr<\/a><\/div>\n<\/div>\n<div class=\"one_half_bg\"><\/div>\n<p><br class=\"clear\"\/><\/div>\n<\/div>\n<div  class=\"one\" >\n<div class=\"page_content_wrapper nopadding\">\n<div class=\"one_half_bg textright\" style=\"padding:0px;\">\n<h2 class=\"ppb_title\" style=\"\">CHALKIDIKI<\/h2>\n<hr class=\"title_break left\" style=\"\"\/>\n<div class=\"ppb_header_content\">\n<p>Gestalterisch mit dem Dreizack Poseidons die aus der \u00c4g\u00e4is hervortritt ist Chalkidiki ein Schmuckst\u00fcck f\u00fcr ihre Besucher. Gr\u00fcne W\u00e4lder die bis zum Strand reichen und goldenes Sonnenlicht das sich an das T\u00fcrkisfarbenes Wasser wiederspiegelt. Der traditionelle Stil mit reicher gastronomische und kulturelle Erbschaft, unendliche Ufern, einzigartige architektonische Orte, gut erhaltene christliche Denkmale und zahlreiche unerforschte Sch\u00e4tze f\u00fcgen ihren Pinselstrich auf das einzigartige Gem\u00e4lde Chalkidikis hinzu.<\/p>\n<p>Zwischen der berauschende Mischung aus blau und gr\u00fcn findet der Besucher gro\u00dfe Hoteleinrichtungen die gem\u00e4\u00df nach den h\u00f6chsten Standards gebaut sind. Hier gibt es au\u00dferdem traditionelle am Meer gelegene Unterk\u00fcnfte, kleine versteckte Schmuckst\u00fccke und Marinen entlang der K\u00fcste. Antike Sehensw\u00fcrdigkeiten rund um die antike Olyntho, Stagira den Geburtsort Aristoteles und nat\u00fcrlich Agio Oros ein einzigartiges christliches Denkmal. Es gibt viele Gr\u00fcnde warum sie Chalkidiki als Bestimmungsort f\u00fcr ihre Hochzeit in Griechenland w\u00e4hlen sollten!<\/p>\n<\/div>\n<div style=\"margin-top: 30px;\"><a class=\"button ghost\" href=\"http:\/\/thedreammakers.gr\/de\/fotograf-hochzeit-chalkidiki\/\">Lern mehr<\/a><\/div>\n<\/div>\n<div class=\"one_half_bg\"><\/div>\n<p><br class=\"clear\"\/><\/div>\n<\/div>\n","protected":false},"excerpt":{"rendered":"","protected":false},"author":1,"featured_media":776,"parent":0,"menu_order":0,"comment_status":"closed","ping_status":"closed","template":"","meta":{"_wp_convertkit_post_meta":{"form":"-1","landing_page":"0","tag":"0","restrict_content":"0"},"footnotes":""},"class_list":["post-5984","page","type-page","status-publish","has-post-thumbnail","hentry"],"yoast_head":"<!-- This site is optimized with the Yoast SEO plugin v27.6 - https:\/\/yoast.com\/product\/yoast-seo-wordpress\/ -->\n<title>Hochzeit in Griechenland - Bessere Orte | The Dreammakers<\/title>\n<meta name=\"description\" content=\"Hochzeit in Griechenland. Die griechischen Inseln und das griechische Festland bieten den besten Ort f\u00fcr Ihre Hochzeit! B\u00fcchen Sie jetzt.\" \/>\n<meta name=\"robots\" content=\"index, follow, max-snippet:-1, max-image-preview:large, max-video-preview:-1\" \/>\n<link rel=\"canonical\" href=\"https:\/\/thedreammakers.gr\/de\/hochzeit-in-griechenland\/\" \/>\n<meta property=\"og:locale\" content=\"de_DE\" \/>\n<meta property=\"og:type\" content=\"article\" \/>\n<meta property=\"og:title\" content=\"Hochzeit in Griechenland - Bessere Orte | The Dreammakers\" \/>\n<meta property=\"og:description\" content=\"Hochzeit in Griechenland. Die griechischen Inseln und das griechische Festland bieten den besten Ort f\u00fcr Ihre Hochzeit! B\u00fcchen Sie jetzt.\" \/>\n<meta property=\"og:url\" content=\"https:\/\/thedreammakers.gr\/de\/hochzeit-in-griechenland\/\" \/>\n<meta property=\"og:site_name\" content=\"The Dreammakers\" \/>\n<meta property=\"article:publisher\" content=\"https:\/\/www.facebook.com\/thedreammakersgreece\/\" \/>\n<meta property=\"article:modified_time\" content=\"2018-10-15T07:06:59+00:00\" \/>\n<meta property=\"og:image\" content=\"http:\/\/thedreammakers.gr\/wp-content\/uploads\/2017\/12\/thasos3.jpg\" \/>\n\t<meta property=\"og:image:width\" content=\"1600\" \/>\n\t<meta property=\"og:image:height\" content=\"1063\" \/>\n\t<meta property=\"og:image:type\" content=\"image\/jpeg\" \/>\n<meta name=\"twitter:card\" content=\"summary_large_image\" \/>\n<meta name=\"twitter:label1\" content=\"Gesch\u00e4tzte Lesezeit\" \/>\n\t<meta name=\"twitter:data1\" content=\"3\u00a0Minuten\" \/>\n<script type=\"application\/ld+json\" class=\"yoast-schema-graph\">{\"@context\":\"https:\\\/\\\/schema.org\",\"@graph\":[{\"@type\":\"WebPage\",\"@id\":\"https:\\\/\\\/thedreammakers.gr\\\/de\\\/hochzeit-in-griechenland\\\/\",\"url\":\"https:\\\/\\\/thedreammakers.gr\\\/de\\\/hochzeit-in-griechenland\\\/\",\"name\":\"Hochzeit in Griechenland - Bessere Orte | The Dreammakers\",\"isPartOf\":{\"@id\":\"https:\\\/\\\/thedreammakers.gr\\\/de\\\/#website\"},\"primaryImageOfPage\":{\"@id\":\"https:\\\/\\\/thedreammakers.gr\\\/de\\\/hochzeit-in-griechenland\\\/#primaryimage\"},\"image\":{\"@id\":\"https:\\\/\\\/thedreammakers.gr\\\/de\\\/hochzeit-in-griechenland\\\/#primaryimage\"},\"thumbnailUrl\":\"https:\\\/\\\/thedreammakers.gr\\\/wp-content\\\/uploads\\\/2017\\\/12\\\/thasos3.jpg\",\"datePublished\":\"2017-12-19T23:16:02+00:00\",\"dateModified\":\"2018-10-15T07:06:59+00:00\",\"description\":\"Hochzeit in Griechenland. Die griechischen Inseln und das griechische Festland bieten den besten Ort f\u00fcr Ihre Hochzeit! B\u00fcchen Sie jetzt.\",\"breadcrumb\":{\"@id\":\"https:\\\/\\\/thedreammakers.gr\\\/de\\\/hochzeit-in-griechenland\\\/#breadcrumb\"},\"inLanguage\":\"de\",\"potentialAction\":[{\"@type\":\"ReadAction\",\"target\":[\"https:\\\/\\\/thedreammakers.gr\\\/de\\\/hochzeit-in-griechenland\\\/\"]}]},{\"@type\":\"ImageObject\",\"inLanguage\":\"de\",\"@id\":\"https:\\\/\\\/thedreammakers.gr\\\/de\\\/hochzeit-in-griechenland\\\/#primaryimage\",\"url\":\"https:\\\/\\\/thedreammakers.gr\\\/wp-content\\\/uploads\\\/2017\\\/12\\\/thasos3.jpg\",\"contentUrl\":\"https:\\\/\\\/thedreammakers.gr\\\/wp-content\\\/uploads\\\/2017\\\/12\\\/thasos3.jpg\",\"width\":1600,\"height\":1063,\"caption\":\"Greece Wedding Destination \u0393\u03ac\u03bc\u03bf\u03c2 \u03c3\u03c4\u03b7\u03bd \u0395\u03bb\u03bb\u03ac\u03b4\u03b1\"},{\"@type\":\"BreadcrumbList\",\"@id\":\"https:\\\/\\\/thedreammakers.gr\\\/de\\\/hochzeit-in-griechenland\\\/#breadcrumb\",\"itemListElement\":[{\"@type\":\"ListItem\",\"position\":1,\"name\":\"Home\",\"item\":\"https:\\\/\\\/thedreammakers.gr\\\/de\\\/\"},{\"@type\":\"ListItem\",\"position\":2,\"name\":\"HOCHZEIT IN GRIECHENLAND\"}]},{\"@type\":\"WebSite\",\"@id\":\"https:\\\/\\\/thedreammakers.gr\\\/de\\\/#website\",\"url\":\"https:\\\/\\\/thedreammakers.gr\\\/de\\\/\",\"name\":\"The Dreammakers\",\"description\":\"Dream Wedding in Greece\",\"publisher\":{\"@id\":\"https:\\\/\\\/thedreammakers.gr\\\/de\\\/#organization\"},\"potentialAction\":[{\"@type\":\"SearchAction\",\"target\":{\"@type\":\"EntryPoint\",\"urlTemplate\":\"https:\\\/\\\/thedreammakers.gr\\\/de\\\/?s={search_term_string}\"},\"query-input\":{\"@type\":\"PropertyValueSpecification\",\"valueRequired\":true,\"valueName\":\"search_term_string\"}}],\"inLanguage\":\"de\"},{\"@type\":\"Organization\",\"@id\":\"https:\\\/\\\/thedreammakers.gr\\\/de\\\/#organization\",\"name\":\"The Dreammakers\",\"url\":\"https:\\\/\\\/thedreammakers.gr\\\/de\\\/\",\"logo\":{\"@type\":\"ImageObject\",\"inLanguage\":\"de\",\"@id\":\"https:\\\/\\\/thedreammakers.gr\\\/de\\\/#\\\/schema\\\/logo\\\/image\\\/\",\"url\":\"https:\\\/\\\/thedreammakers.gr\\\/wp-content\\\/uploads\\\/2017\\\/11\\\/website2.png\",\"contentUrl\":\"https:\\\/\\\/thedreammakers.gr\\\/wp-content\\\/uploads\\\/2017\\\/11\\\/website2.png\",\"width\":400,\"height\":238,\"caption\":\"The Dreammakers\"},\"image\":{\"@id\":\"https:\\\/\\\/thedreammakers.gr\\\/de\\\/#\\\/schema\\\/logo\\\/image\\\/\"},\"sameAs\":[\"https:\\\/\\\/www.facebook.com\\\/thedreammakersgreece\\\/\",\"https:\\\/\\\/www.instagram.com\\\/thedreammakers_greece\\\/\"]}]}<\/script>\n<!-- \/ Yoast SEO plugin. -->","yoast_head_json":{"title":"Hochzeit in Griechenland - Bessere Orte | The Dreammakers","description":"Hochzeit in Griechenland. Die griechischen Inseln und das griechische Festland bieten den besten Ort f\u00fcr Ihre Hochzeit! B\u00fcchen Sie jetzt.","robots":{"index":"index","follow":"follow","max-snippet":"max-snippet:-1","max-image-preview":"max-image-preview:large","max-video-preview":"max-video-preview:-1"},"canonical":"https:\/\/thedreammakers.gr\/de\/hochzeit-in-griechenland\/","og_locale":"de_DE","og_type":"article","og_title":"Hochzeit in Griechenland - Bessere Orte | The Dreammakers","og_description":"Hochzeit in Griechenland. Die griechischen Inseln und das griechische Festland bieten den besten Ort f\u00fcr Ihre Hochzeit! B\u00fcchen Sie jetzt.","og_url":"https:\/\/thedreammakers.gr\/de\/hochzeit-in-griechenland\/","og_site_name":"The Dreammakers","article_publisher":"https:\/\/www.facebook.com\/thedreammakersgreece\/","article_modified_time":"2018-10-15T07:06:59+00:00","og_image":[{"width":1600,"height":1063,"url":"http:\/\/thedreammakers.gr\/wp-content\/uploads\/2017\/12\/thasos3.jpg","type":"image\/jpeg"}],"twitter_card":"summary_large_image","twitter_misc":{"Gesch\u00e4tzte Lesezeit":"3\u00a0Minuten"},"schema":{"@context":"https:\/\/schema.org","@graph":[{"@type":"WebPage","@id":"https:\/\/thedreammakers.gr\/de\/hochzeit-in-griechenland\/","url":"https:\/\/thedreammakers.gr\/de\/hochzeit-in-griechenland\/","name":"Hochzeit in Griechenland - Bessere Orte | The Dreammakers","isPartOf":{"@id":"https:\/\/thedreammakers.gr\/de\/#website"},"primaryImageOfPage":{"@id":"https:\/\/thedreammakers.gr\/de\/hochzeit-in-griechenland\/#primaryimage"},"image":{"@id":"https:\/\/thedreammakers.gr\/de\/hochzeit-in-griechenland\/#primaryimage"},"thumbnailUrl":"https:\/\/thedreammakers.gr\/wp-content\/uploads\/2017\/12\/thasos3.jpg","datePublished":"2017-12-19T23:16:02+00:00","dateModified":"2018-10-15T07:06:59+00:00","description":"Hochzeit in Griechenland. Die griechischen Inseln und das griechische Festland bieten den besten Ort f\u00fcr Ihre Hochzeit! B\u00fcchen Sie jetzt.","breadcrumb":{"@id":"https:\/\/thedreammakers.gr\/de\/hochzeit-in-griechenland\/#breadcrumb"},"inLanguage":"de","potentialAction":[{"@type":"ReadAction","target":["https:\/\/thedreammakers.gr\/de\/hochzeit-in-griechenland\/"]}]},{"@type":"ImageObject","inLanguage":"de","@id":"https:\/\/thedreammakers.gr\/de\/hochzeit-in-griechenland\/#primaryimage","url":"https:\/\/thedreammakers.gr\/wp-content\/uploads\/2017\/12\/thasos3.jpg","contentUrl":"https:\/\/thedreammakers.gr\/wp-content\/uploads\/2017\/12\/thasos3.jpg","width":1600,"height":1063,"caption":"Greece Wedding Destination \u0393\u03ac\u03bc\u03bf\u03c2 \u03c3\u03c4\u03b7\u03bd \u0395\u03bb\u03bb\u03ac\u03b4\u03b1"},{"@type":"BreadcrumbList","@id":"https:\/\/thedreammakers.gr\/de\/hochzeit-in-griechenland\/#breadcrumb","itemListElement":[{"@type":"ListItem","position":1,"name":"Home","item":"https:\/\/thedreammakers.gr\/de\/"},{"@type":"ListItem","position":2,"name":"HOCHZEIT IN GRIECHENLAND"}]},{"@type":"WebSite","@id":"https:\/\/thedreammakers.gr\/de\/#website","url":"https:\/\/thedreammakers.gr\/de\/","name":"The Dreammakers","description":"Dream Wedding in Greece","publisher":{"@id":"https:\/\/thedreammakers.gr\/de\/#organization"},"potentialAction":[{"@type":"SearchAction","target":{"@type":"EntryPoint","urlTemplate":"https:\/\/thedreammakers.gr\/de\/?s={search_term_string}"},"query-input":{"@type":"PropertyValueSpecification","valueRequired":true,"valueName":"search_term_string"}}],"inLanguage":"de"},{"@type":"Organization","@id":"https:\/\/thedreammakers.gr\/de\/#organization","name":"The Dreammakers","url":"https:\/\/thedreammakers.gr\/de\/","logo":{"@type":"ImageObject","inLanguage":"de","@id":"https:\/\/thedreammakers.gr\/de\/#\/schema\/logo\/image\/","url":"https:\/\/thedreammakers.gr\/wp-content\/uploads\/2017\/11\/website2.png","contentUrl":"https:\/\/thedreammakers.gr\/wp-content\/uploads\/2017\/11\/website2.png","width":400,"height":238,"caption":"The Dreammakers"},"image":{"@id":"https:\/\/thedreammakers.gr\/de\/#\/schema\/logo\/image\/"},"sameAs":["https:\/\/www.facebook.com\/thedreammakersgreece\/","https:\/\/www.instagram.com\/thedreammakers_greece\/"]}]}},"_links":{"self":[{"href":"https:\/\/thedreammakers.gr\/de\/wp-json\/wp\/v2\/pages\/5984","targetHints":{"allow":["GET"]}}],"collection":[{"href":"https:\/\/thedreammakers.gr\/de\/wp-json\/wp\/v2\/pages"}],"about":[{"href":"https:\/\/thedreammakers.gr\/de\/wp-json\/wp\/v2\/types\/page"}],"author":[{"embeddable":true,"href":"https:\/\/thedreammakers.gr\/de\/wp-json\/wp\/v2\/users\/1"}],"replies":[{"embeddable":true,"href":"https:\/\/thedreammakers.gr\/de\/wp-json\/wp\/v2\/comments?post=5984"}],"version-history":[{"count":10,"href":"https:\/\/thedreammakers.gr\/de\/wp-json\/wp\/v2\/pages\/5984\/revisions"}],"predecessor-version":[{"id":5985,"href":"https:\/\/thedreammakers.gr\/de\/wp-json\/wp\/v2\/pages\/5984\/revisions\/5985"}],"wp:featuredmedia":[{"embeddable":true,"href":"https:\/\/thedreammakers.gr\/de\/wp-json\/wp\/v2\/media\/776"}],"wp:attachment":[{"href":"https:\/\/thedreammakers.gr\/de\/wp-json\/wp\/v2\/media?parent=5984"}],"curies":[{"name":"wp","href":"https:\/\/api.w.org\/{rel}","templated":true}]}}